{"id":1162,"date":"2019-03-15T15:40:50","date_gmt":"2019-03-15T15:40:50","guid":{"rendered":"http:\/\/intra.ucf.edu.cu\/?page_id=1162"},"modified":"2023-06-07T15:19:47","modified_gmt":"2023-06-07T15:19:47","slug":"licenciatura-en-educacion-primaria","status":"publish","type":"page","link":"https:\/\/www.ucf.edu.cu\/?page_id=1162","title":{"rendered":"Licenciatura en Educaci\u00f3n Primaria"},"content":{"rendered":"\t\t<div data-elementor-type=\"wp-page\" data-elementor-id=\"1162\" class=\"elementor elementor-1162\">\n\t\t\t\t\t\t<section class=\"elementor-section elementor-top-section elementor-element elementor-element-937bdcd elementor-section-boxed elementor-section-height-default elementor-section-height-default\" data-id=\"937bdcd\" data-element_type=\"section\" data-e-type=\"section\">\n\t\t\t\t\t\t<div class=\"elementor-container elementor-column-gap-default\">\n\t\t\t\t\t<div class=\"elementor-column elementor-col-100 elementor-top-column elementor-element elementor-element-d61c635\" data-id=\"d61c635\" data-element_type=\"column\" data-e-type=\"column\">\n\t\t\t<div class=\"elementor-widget-wrap elementor-element-populated\">\n\t\t\t\t\t\t<div class=\"elementor-element elementor-element-eefbe4b elementor-widget elementor-widget-text-editor\" data-id=\"eefbe4b\" data-element_type=\"widget\" data-e-type=\"widget\" data-widget_type=\"text-editor.default\">\n\t\t\t\t<div class=\"elementor-widget-container\">\n\t\t\t\t\t\t\t\t\t<p><strong>Modalidad de Estudio:<\/strong>\u00a0Presencial<\/p>\n<p><strong>Tipo de curso:<\/strong>\u00a0Curso Regular Diurno<\/p>\n<p><strong>A\u00f1os de estudio<\/strong>: 4<\/p>\n<p><strong>Objeto de la profesi\u00f3n:<\/strong><br \/>El objeto de trabajo del Licenciado en Educaci\u00f3n Primaria es el proceso educativo, por ello tiene la misi\u00f3n de lograr la atenci\u00f3n integral al desarrollo de la personalidad del escolar primario, a partir de la direcci\u00f3n del proceso educativo en general y el de ense\u00f1anza aprendizaje en lo particular, en la escuela primaria.<\/p>\n<p><strong>Modo de actuaci\u00f3n:<\/strong><br \/>Dirigido a la formaci\u00f3n y desarrollo de la personalidad del escolar primario a trav\u00e9s del curr\u00edculo general y escolar, de las actividades extradocentes y extraescolares, de la OPJM y la coordinaci\u00f3n desde la escuela, de las influencias educativas de la familia y la comunidad; con un sistema de acciones para la direcci\u00f3n del proceso educativo en general y el de ense\u00f1anza aprendizaje en lo particular y pr\u00e1cticas cada vez m\u00e1s inclusivas.<\/p>\n<p><strong>Esferas de actuaci\u00f3n:<\/strong><br \/>El profesional de la Educaci\u00f3n Primaria tiene como esfera de actuaci\u00f3n, en primer lugar, su escuela primaria, en los diferentes contextos: urbanos y rurales de primero a sexto grado, tanto en centros seminternos, externos, internos y mixtos, como maestros en aulas hospitalarias, docentes en los Palacios de Pioneros y Escuelas Pedag\u00f3gicas.<\/p>\t\t\t\t\t\t\t\t<\/div>\n\t\t\t\t<\/div>\n\t\t\t\t<div class=\"elementor-element elementor-element-7cf83409 elementor-widget elementor-widget-text-editor\" data-id=\"7cf83409\" data-element_type=\"widget\" data-e-type=\"widget\" data-widget_type=\"text-editor.default\">\n\t\t\t\t<div class=\"elementor-widget-container\">\n\t\t\t\t\t\t\t\t\t\n<div class=\"wp-block-file\"><a href=\"http:\/\/www.ucf.edu.cu\/wp-content\/uploads\/2019\/03\/CARRERA_PRIMARIA_Malla_Curricular.doc\">CARRERA_PRIMARIA_Malla_Curricular<\/a><a class=\"wp-block-file__button\" href=\"http:\/\/intra.ucf.edu.cu\/wp-content\/uploads\/2019\/03\/CARRERA_PRIMARIA_Malla_Curricular.doc\" download=\"\">Descargar<\/a><\/div>\n\t\t\t\t\t\t\t\t<\/div>\n\t\t\t\t<\/div>\n\t\t\t\t\t<\/div>\n\t\t<\/div>\n\t\t\t\t\t<\/div>\n\t\t<\/section>\n\t\t\t\t<\/div>\n\t\t","protected":false},"excerpt":{"rendered":"<p>Modalidad de Estudio:\u00a0Presencial Tipo de curso:\u00a0Curso Regular Diurno A\u00f1os de estudio: 4 Objeto de la profesi\u00f3n:El objeto de trabajo del Licenciado en Educaci\u00f3n Primaria es el proceso educativo, por ello tiene la<a class=\"moretag\" href=\"https:\/\/www.ucf.edu.cu\/?page_id=1162\">Leer m\u00e1s&#8230;<\/a><\/p>\n","protected":false},"author":1,"featured_media":0,"parent":0,"menu_order":0,"comment_status":"closed","ping_status":"closed","template":"page-intra.php","meta":{"footnotes":""},"class_list":["post-1162","page","type-page","status-publish","hentry"],"yoast_head":"<!-- This site is optimized with the Yoast SEO plugin v27.3 - https:\/\/yoast.com\/product\/yoast-seo-wordpress\/ -->\n<title>primaria<\/title>\n<meta name=\"robots\" content=\"index, follow, max-snippet:-1, max-image-preview:large, max-video-preview:-1\" \/>\n<link rel=\"canonical\" href=\"https:\/\/www.ucf.edu.cu\/?page_id=1162\" \/>\n<meta property=\"og:locale\" content=\"es_ES\" \/>\n<meta property=\"og:type\" content=\"article\" \/>\n<meta property=\"og:title\" content=\"primaria\" \/>\n<meta property=\"og:description\" content=\"Modalidad de Estudio:\u00a0Presencial Tipo de curso:\u00a0Curso Regular Diurno A\u00f1os de estudio: 4 Objeto de la profesi\u00f3n:El objeto de trabajo del Licenciado en Educaci\u00f3n Primaria es el proceso educativo, por ello tiene laLeer m\u00e1s...\" \/>\n<meta property=\"og:url\" content=\"https:\/\/www.ucf.edu.cu\/?page_id=1162\" \/>\n<meta property=\"og:site_name\" content=\"Universidad de Cienfuegos\" \/>\n<meta property=\"article:publisher\" content=\"https:\/\/www.facebook.com\/ucfgos\/\" \/>\n<meta property=\"article:modified_time\" content=\"2023-06-07T15:19:47+00:00\" \/>\n<meta property=\"og:image\" content=\"https:\/\/www.ucf.edu.cu\/wp-content\/uploads\/2024\/01\/Logo_UCf-scaled-1.jpg\" \/>\n\t<meta property=\"og:image:width\" content=\"2560\" \/>\n\t<meta property=\"og:image:height\" content=\"951\" \/>\n\t<meta property=\"og:image:type\" content=\"image\/jpeg\" \/>\n<meta name=\"twitter:card\" content=\"summary_large_image\" \/>\n<meta name=\"twitter:site\" content=\"@ucfgos\" \/>\n<meta name=\"twitter:label1\" content=\"Tiempo de lectura\" \/>\n\t<meta name=\"twitter:data1\" content=\"1 minuto\" \/>\n<script type=\"application\/ld+json\" class=\"yoast-schema-graph\">{\"@context\":\"https:\\\/\\\/schema.org\",\"@graph\":[{\"@type\":\"WebPage\",\"@id\":\"https:\\\/\\\/www.ucf.edu.cu\\\/?page_id=1162\",\"url\":\"https:\\\/\\\/www.ucf.edu.cu\\\/?page_id=1162\",\"name\":\"primaria\",\"isPartOf\":{\"@id\":\"https:\\\/\\\/www.ucf.edu.cu\\\/#website\"},\"datePublished\":\"2019-03-15T15:40:50+00:00\",\"dateModified\":\"2023-06-07T15:19:47+00:00\",\"breadcrumb\":{\"@id\":\"https:\\\/\\\/www.ucf.edu.cu\\\/?page_id=1162#breadcrumb\"},\"inLanguage\":\"es\",\"potentialAction\":[{\"@type\":\"ReadAction\",\"target\":[\"https:\\\/\\\/www.ucf.edu.cu\\\/?page_id=1162\"]}]},{\"@type\":\"BreadcrumbList\",\"@id\":\"https:\\\/\\\/www.ucf.edu.cu\\\/?page_id=1162#breadcrumb\",\"itemListElement\":[{\"@type\":\"ListItem\",\"position\":1,\"name\":\"Portada\",\"item\":\"https:\\\/\\\/www.ucf.edu.cu\\\/\"},{\"@type\":\"ListItem\",\"position\":2,\"name\":\"Licenciatura en Educaci\u00f3n Primaria\"}]},{\"@type\":\"WebSite\",\"@id\":\"https:\\\/\\\/www.ucf.edu.cu\\\/#website\",\"url\":\"https:\\\/\\\/www.ucf.edu.cu\\\/\",\"name\":\"Universidad de Cienfuegos\",\"description\":\"Portal Web Universidad de Cienfuegos\",\"publisher\":{\"@id\":\"https:\\\/\\\/www.ucf.edu.cu\\\/#organization\"},\"alternateName\":\"Portal institucional de la UCf\",\"potentialAction\":[{\"@type\":\"SearchAction\",\"target\":{\"@type\":\"EntryPoint\",\"urlTemplate\":\"https:\\\/\\\/www.ucf.edu.cu\\\/?s={search_term_string}\"},\"query-input\":{\"@type\":\"PropertyValueSpecification\",\"valueRequired\":true,\"valueName\":\"search_term_string\"}}],\"inLanguage\":\"es\"},{\"@type\":\"Organization\",\"@id\":\"https:\\\/\\\/www.ucf.edu.cu\\\/#organization\",\"name\":\"Universidad de Cienfuegos\",\"url\":\"https:\\\/\\\/www.ucf.edu.cu\\\/\",\"logo\":{\"@type\":\"ImageObject\",\"inLanguage\":\"es\",\"@id\":\"https:\\\/\\\/www.ucf.edu.cu\\\/#\\\/schema\\\/logo\\\/image\\\/\",\"url\":\"https:\\\/\\\/www.ucf.edu.cu\\\/wp-content\\\/uploads\\\/2020\\\/11\\\/fe77b047cf65bbf66915926fa3c00c93_L.jpg\",\"contentUrl\":\"https:\\\/\\\/www.ucf.edu.cu\\\/wp-content\\\/uploads\\\/2020\\\/11\\\/fe77b047cf65bbf66915926fa3c00c93_L.jpg\",\"width\":1000,\"height\":763,\"caption\":\"Universidad de Cienfuegos\"},\"image\":{\"@id\":\"https:\\\/\\\/www.ucf.edu.cu\\\/#\\\/schema\\\/logo\\\/image\\\/\"},\"sameAs\":[\"https:\\\/\\\/www.facebook.com\\\/ucfgos\\\/\",\"https:\\\/\\\/x.com\\\/ucfgos\",\"https:\\\/\\\/www.instagram.com\\\/ucfgos\",\"https:\\\/\\\/www.youtube.com\\\/channel\\\/UCymAZYZHmPzh48cHLG6Nx4A\"]}]}<\/script>\n<!-- \/ Yoast SEO plugin. -->","yoast_head_json":{"title":"primaria","robots":{"index":"index","follow":"follow","max-snippet":"max-snippet:-1","max-image-preview":"max-image-preview:large","max-video-preview":"max-video-preview:-1"},"canonical":"https:\/\/www.ucf.edu.cu\/?page_id=1162","og_locale":"es_ES","og_type":"article","og_title":"primaria","og_description":"Modalidad de Estudio:\u00a0Presencial Tipo de curso:\u00a0Curso Regular Diurno A\u00f1os de estudio: 4 Objeto de la profesi\u00f3n:El objeto de trabajo del Licenciado en Educaci\u00f3n Primaria es el proceso educativo, por ello tiene laLeer m\u00e1s...","og_url":"https:\/\/www.ucf.edu.cu\/?page_id=1162","og_site_name":"Universidad de Cienfuegos","article_publisher":"https:\/\/www.facebook.com\/ucfgos\/","article_modified_time":"2023-06-07T15:19:47+00:00","og_image":[{"width":2560,"height":951,"url":"https:\/\/www.ucf.edu.cu\/wp-content\/uploads\/2024\/01\/Logo_UCf-scaled-1.jpg","type":"image\/jpeg"}],"twitter_card":"summary_large_image","twitter_site":"@ucfgos","twitter_misc":{"Tiempo de lectura":"1 minuto"},"schema":{"@context":"https:\/\/schema.org","@graph":[{"@type":"WebPage","@id":"https:\/\/www.ucf.edu.cu\/?page_id=1162","url":"https:\/\/www.ucf.edu.cu\/?page_id=1162","name":"primaria","isPartOf":{"@id":"https:\/\/www.ucf.edu.cu\/#website"},"datePublished":"2019-03-15T15:40:50+00:00","dateModified":"2023-06-07T15:19:47+00:00","breadcrumb":{"@id":"https:\/\/www.ucf.edu.cu\/?page_id=1162#breadcrumb"},"inLanguage":"es","potentialAction":[{"@type":"ReadAction","target":["https:\/\/www.ucf.edu.cu\/?page_id=1162"]}]},{"@type":"BreadcrumbList","@id":"https:\/\/www.ucf.edu.cu\/?page_id=1162#breadcrumb","itemListElement":[{"@type":"ListItem","position":1,"name":"Portada","item":"https:\/\/www.ucf.edu.cu\/"},{"@type":"ListItem","position":2,"name":"Licenciatura en Educaci\u00f3n Primaria"}]},{"@type":"WebSite","@id":"https:\/\/www.ucf.edu.cu\/#website","url":"https:\/\/www.ucf.edu.cu\/","name":"Universidad de Cienfuegos","description":"Portal Web Universidad de Cienfuegos","publisher":{"@id":"https:\/\/www.ucf.edu.cu\/#organization"},"alternateName":"Portal institucional de la UCf","potentialAction":[{"@type":"SearchAction","target":{"@type":"EntryPoint","urlTemplate":"https:\/\/www.ucf.edu.cu\/?s={search_term_string}"},"query-input":{"@type":"PropertyValueSpecification","valueRequired":true,"valueName":"search_term_string"}}],"inLanguage":"es"},{"@type":"Organization","@id":"https:\/\/www.ucf.edu.cu\/#organization","name":"Universidad de Cienfuegos","url":"https:\/\/www.ucf.edu.cu\/","logo":{"@type":"ImageObject","inLanguage":"es","@id":"https:\/\/www.ucf.edu.cu\/#\/schema\/logo\/image\/","url":"https:\/\/www.ucf.edu.cu\/wp-content\/uploads\/2020\/11\/fe77b047cf65bbf66915926fa3c00c93_L.jpg","contentUrl":"https:\/\/www.ucf.edu.cu\/wp-content\/uploads\/2020\/11\/fe77b047cf65bbf66915926fa3c00c93_L.jpg","width":1000,"height":763,"caption":"Universidad de Cienfuegos"},"image":{"@id":"https:\/\/www.ucf.edu.cu\/#\/schema\/logo\/image\/"},"sameAs":["https:\/\/www.facebook.com\/ucfgos\/","https:\/\/x.com\/ucfgos","https:\/\/www.instagram.com\/ucfgos","https:\/\/www.youtube.com\/channel\/UCymAZYZHmPzh48cHLG6Nx4A"]}]}},"_links":{"self":[{"href":"https:\/\/www.ucf.edu.cu\/index.php?rest_route=\/wp\/v2\/pages\/1162","targetHints":{"allow":["GET"]}}],"collection":[{"href":"https:\/\/www.ucf.edu.cu\/index.php?rest_route=\/wp\/v2\/pages"}],"about":[{"href":"https:\/\/www.ucf.edu.cu\/index.php?rest_route=\/wp\/v2\/types\/page"}],"author":[{"embeddable":true,"href":"https:\/\/www.ucf.edu.cu\/index.php?rest_route=\/wp\/v2\/users\/1"}],"replies":[{"embeddable":true,"href":"https:\/\/www.ucf.edu.cu\/index.php?rest_route=%2Fwp%2Fv2%2Fcomments&post=1162"}],"version-history":[{"count":9,"href":"https:\/\/www.ucf.edu.cu\/index.php?rest_route=\/wp\/v2\/pages\/1162\/revisions"}],"predecessor-version":[{"id":13280,"href":"https:\/\/www.ucf.edu.cu\/index.php?rest_route=\/wp\/v2\/pages\/1162\/revisions\/13280"}],"wp:attachment":[{"href":"https:\/\/www.ucf.edu.cu\/index.php?rest_route=%2Fwp%2Fv2%2Fmedia&parent=1162"}],"curies":[{"name":"wp","href":"https:\/\/api.w.org\/{rel}","templated":true}]}}