{"id":1336,"date":"2019-03-27T15:53:20","date_gmt":"2019-03-27T15:53:20","guid":{"rendered":"http:\/\/intra.ucf.edu.cu\/?page_id=1336"},"modified":"2019-04-01T16:40:40","modified_gmt":"2019-04-01T16:40:40","slug":"licenciatura-en-comunicacion-social","status":"publish","type":"page","link":"https:\/\/www.ucf.edu.cu\/?page_id=1336","title":{"rendered":"Licenciatura en Comunicaci\u00f3n Social"},"content":{"rendered":"\t\t<div data-elementor-type=\"wp-page\" data-elementor-id=\"1336\" class=\"elementor elementor-1336\">\n\t\t\t\t\t\t<section class=\"elementor-section elementor-top-section elementor-element elementor-element-41c7c9aa elementor-section-boxed elementor-section-height-default elementor-section-height-default\" data-id=\"41c7c9aa\" data-element_type=\"section\">\n\t\t\t\t\t\t<div class=\"elementor-container elementor-column-gap-default\">\n\t\t\t\t\t<div class=\"elementor-column elementor-col-100 elementor-top-column elementor-element elementor-element-25c068ad\" data-id=\"25c068ad\" data-element_type=\"column\">\n\t\t\t<div class=\"elementor-widget-wrap elementor-element-populated\">\n\t\t\t\t\t\t<div class=\"elementor-element elementor-element-75caad45 elementor-widget elementor-widget-text-editor\" data-id=\"75caad45\" data-element_type=\"widget\" data-widget_type=\"text-editor.default\">\n\t\t\t\t<div class=\"elementor-widget-container\">\n\t\t\t\t\t\t\t<!-- wp:paragraph -->\n<p><strong>Objeto de la profesi\u00f3n<\/strong><\/p>\n<!-- \/wp:paragraph --><!-- wp:paragraph -->\n<p>El objeto de trabajo del comunicador social es la comunicaci\u00f3n p\u00fablica \u2014en tanto proceso de construcci\u00f3n socio-cultural\u2014 en sus dis\u00edmiles \u00e1mbitos (interpersonal, grupal, organizacional y social), espacios (comunitarios, institucionales y masivos) y expresiones (pol\u00edticas, culturales, cient\u00edficas, educativas, comerciales, tecnol\u00f3gicas).<\/p>\n<!-- \/wp:paragraph --><!-- wp:paragraph -->\n<p><strong>Modos de actuaci\u00f3n<\/strong><\/p>\n<!-- \/wp:paragraph --><!-- wp:paragraph -->\n<p>El modo de actuaci\u00f3n del comunicador social comprende la capacidad de crear y evaluar pol\u00edticas, estrategias, campa\u00f1as, planes, manuales, proyectos y productos comunicativos en instituciones, comunidades, medios de comunicaci\u00f3n y plataformas tecnol\u00f3gicas con fines pol\u00edticos, econ\u00f3micos, sociales, educativos, cient\u00edfico- t\u00e9cnico y culturales sobre la base de estudios e investigaciones previas, en correspondencia con las condiciones hist\u00f3rico- concretas en que se desarrolla su labor. Posee los siguientes campos de acci\u00f3n: Comunicaci\u00f3n organizacional, pol\u00edtica, para el desarrollo, comercial, medi\u00e1tica, digital-reticular, especializada, Investigaci\u00f3n y cr\u00edtica cient\u00edfico-social y Consultor\u00eda especializada.<\/p>\n<!-- \/wp:paragraph --><!-- wp:paragraph -->\n<p><strong>Principales funciones profesionales<\/strong><\/p>\n<!-- \/wp:paragraph --><!-- wp:list -->\n<ul>\n<li>Dise\u00f1ar, ejecutar, evaluar, asesorar y gestionar procesos de producci\u00f3n comunicativa p\u00fablica con car\u00e1cter pol\u00edtico, publicitario y promocional en instituciones, comunidades, medios de comunicaci\u00f3n, proyectos, redes y plataformas tecnol\u00f3gicas.<\/li>\n<li>Dise\u00f1ar, ejecutar, evaluar, asesorar y gestionar pr\u00e1cticas comunicativas organizacionales\/ institucionales con car\u00e1cter administrativo, funcional, relacional y comercial en instituciones, comunidades, medios de comunicaci\u00f3n, proyectos, redes y plataformas tecnol\u00f3gicas.<\/li>\n<li>Dise\u00f1ar, ejecutar, evaluar, asesorar y gestionar pr\u00e1cticas comunicativas para el desarrollo humano y sociocultural con car\u00e1cter educativo, participativo y transformador en instituciones, comunidades, medios de comunicaci\u00f3n, proyectos, redes y plataformas tecnol\u00f3gicas.<\/li>\n<\/ul>\n<!-- \/wp:list -->\t\t\t\t\t\t<\/div>\n\t\t\t\t<\/div>\n\t\t\t\t\t<\/div>\n\t\t<\/div>\n\t\t\t\t\t<\/div>\n\t\t<\/section>\n\t\t\t\t<\/div>\n\t\t","protected":false},"excerpt":{"rendered":"<p>Objeto de la profesi\u00f3n El objeto de trabajo del comunicador social es la comunicaci\u00f3n p\u00fablica \u2014en tanto proceso de construcci\u00f3n socio-cultural\u2014 en sus dis\u00edmiles \u00e1mbitos (interpersonal, grupal, organizacional y social), espacios (comunitarios,<a class=\"moretag\" href=\"https:\/\/www.ucf.edu.cu\/?page_id=1336\">Leer m\u00e1s&#8230;<\/a><\/p>\n","protected":false},"author":6,"featured_media":0,"parent":0,"menu_order":0,"comment_status":"closed","ping_status":"closed","template":"page-intra.php","meta":{"footnotes":""},"class_list":["post-1336","page","type-page","status-publish","hentry"],"yoast_head":"<!-- This site is optimized with the Yoast SEO plugin v23.4 - https:\/\/yoast.com\/wordpress\/plugins\/seo\/ -->\n<title>Comunicaci\u00f3n social | Universidad de Cienfuegos<\/title>\n<meta name=\"robots\" content=\"index, follow, max-snippet:-1, max-image-preview:large, max-video-preview:-1\" \/>\n<link rel=\"canonical\" href=\"https:\/\/www.ucf.edu.cu\/?page_id=1336\" \/>\n<meta property=\"og:locale\" content=\"es_ES\" \/>\n<meta property=\"og:type\" content=\"article\" \/>\n<meta property=\"og:title\" content=\"Comunicaci\u00f3n social | Universidad de Cienfuegos\" \/>\n<meta property=\"og:description\" content=\"Objeto de la profesi\u00f3n El objeto de trabajo del comunicador social es la comunicaci\u00f3n p\u00fablica \u2014en tanto proceso de construcci\u00f3n socio-cultural\u2014 en sus dis\u00edmiles \u00e1mbitos (interpersonal, grupal, organizacional y social), espacios (comunitarios,Leer m\u00e1s...\" \/>\n<meta property=\"og:url\" content=\"https:\/\/www.ucf.edu.cu\/?page_id=1336\" \/>\n<meta property=\"og:site_name\" content=\"Universidad de Cienfuegos\" \/>\n<meta property=\"article:publisher\" content=\"https:\/\/www.facebook.com\/ucfgos\/\" \/>\n<meta property=\"article:modified_time\" content=\"2019-04-01T16:40:40+00:00\" \/>\n<meta property=\"og:image\" content=\"https:\/\/www.ucf.edu.cu\/wp-content\/uploads\/2024\/01\/Logo_UCf-scaled-1.jpg\" \/>\n\t<meta property=\"og:image:width\" content=\"2560\" \/>\n\t<meta property=\"og:image:height\" content=\"951\" \/>\n\t<meta property=\"og:image:type\" content=\"image\/jpeg\" \/>\n<meta name=\"twitter:card\" content=\"summary_large_image\" \/>\n<meta name=\"twitter:site\" content=\"@ucfgos\" \/>\n<meta name=\"twitter:label1\" content=\"Tiempo de lectura\" \/>\n\t<meta name=\"twitter:data1\" content=\"1 minuto\" \/>\n<script type=\"application\/ld+json\" class=\"yoast-schema-graph\">{\"@context\":\"https:\/\/schema.org\",\"@graph\":[{\"@type\":\"WebPage\",\"@id\":\"https:\/\/www.ucf.edu.cu\/?page_id=1336\",\"url\":\"https:\/\/www.ucf.edu.cu\/?page_id=1336\",\"name\":\"Comunicaci\u00f3n social | Universidad de Cienfuegos\",\"isPartOf\":{\"@id\":\"https:\/\/www.ucf.edu.cu\/#website\"},\"datePublished\":\"2019-03-27T15:53:20+00:00\",\"dateModified\":\"2019-04-01T16:40:40+00:00\",\"breadcrumb\":{\"@id\":\"https:\/\/www.ucf.edu.cu\/?page_id=1336#breadcrumb\"},\"inLanguage\":\"es\",\"potentialAction\":[{\"@type\":\"ReadAction\",\"target\":[\"https:\/\/www.ucf.edu.cu\/?page_id=1336\"]}]},{\"@type\":\"BreadcrumbList\",\"@id\":\"https:\/\/www.ucf.edu.cu\/?page_id=1336#breadcrumb\",\"itemListElement\":[{\"@type\":\"ListItem\",\"position\":1,\"name\":\"Portada\",\"item\":\"https:\/\/www.ucf.edu.cu\/\"},{\"@type\":\"ListItem\",\"position\":2,\"name\":\"Licenciatura en Comunicaci\u00f3n Social\"}]},{\"@type\":\"WebSite\",\"@id\":\"https:\/\/www.ucf.edu.cu\/#website\",\"url\":\"https:\/\/www.ucf.edu.cu\/\",\"name\":\"Universidad de Cienfuegos\",\"description\":\"Portal Web Universidad de Cienfuegos\",\"publisher\":{\"@id\":\"https:\/\/www.ucf.edu.cu\/#organization\"},\"alternateName\":\"Portal institucional de la UCf\",\"potentialAction\":[{\"@type\":\"SearchAction\",\"target\":{\"@type\":\"EntryPoint\",\"urlTemplate\":\"https:\/\/www.ucf.edu.cu\/?s={search_term_string}\"},\"query-input\":{\"@type\":\"PropertyValueSpecification\",\"valueRequired\":true,\"valueName\":\"search_term_string\"}}],\"inLanguage\":\"es\"},{\"@type\":\"Organization\",\"@id\":\"https:\/\/www.ucf.edu.cu\/#organization\",\"name\":\"Universidad de Cienfuegos\",\"url\":\"https:\/\/www.ucf.edu.cu\/\",\"logo\":{\"@type\":\"ImageObject\",\"inLanguage\":\"es\",\"@id\":\"https:\/\/www.ucf.edu.cu\/#\/schema\/logo\/image\/\",\"url\":\"https:\/\/www.ucf.edu.cu\/wp-content\/uploads\/2020\/11\/fe77b047cf65bbf66915926fa3c00c93_L.jpg\",\"contentUrl\":\"https:\/\/www.ucf.edu.cu\/wp-content\/uploads\/2020\/11\/fe77b047cf65bbf66915926fa3c00c93_L.jpg\",\"width\":1000,\"height\":763,\"caption\":\"Universidad de Cienfuegos\"},\"image\":{\"@id\":\"https:\/\/www.ucf.edu.cu\/#\/schema\/logo\/image\/\"},\"sameAs\":[\"https:\/\/www.facebook.com\/ucfgos\/\",\"https:\/\/x.com\/ucfgos\",\"https:\/\/www.instagram.com\/ucfgos\",\"https:\/\/www.youtube.com\/channel\/UCymAZYZHmPzh48cHLG6Nx4A\"]}]}<\/script>\n<!-- \/ Yoast SEO plugin. -->","yoast_head_json":{"title":"Comunicaci\u00f3n social | Universidad de Cienfuegos","robots":{"index":"index","follow":"follow","max-snippet":"max-snippet:-1","max-image-preview":"max-image-preview:large","max-video-preview":"max-video-preview:-1"},"canonical":"https:\/\/www.ucf.edu.cu\/?page_id=1336","og_locale":"es_ES","og_type":"article","og_title":"Comunicaci\u00f3n social | Universidad de Cienfuegos","og_description":"Objeto de la profesi\u00f3n El objeto de trabajo del comunicador social es la comunicaci\u00f3n p\u00fablica \u2014en tanto proceso de construcci\u00f3n socio-cultural\u2014 en sus dis\u00edmiles \u00e1mbitos (interpersonal, grupal, organizacional y social), espacios (comunitarios,Leer m\u00e1s...","og_url":"https:\/\/www.ucf.edu.cu\/?page_id=1336","og_site_name":"Universidad de Cienfuegos","article_publisher":"https:\/\/www.facebook.com\/ucfgos\/","article_modified_time":"2019-04-01T16:40:40+00:00","og_image":[{"width":2560,"height":951,"url":"https:\/\/www.ucf.edu.cu\/wp-content\/uploads\/2024\/01\/Logo_UCf-scaled-1.jpg","type":"image\/jpeg"}],"twitter_card":"summary_large_image","twitter_site":"@ucfgos","twitter_misc":{"Tiempo de lectura":"1 minuto"},"schema":{"@context":"https:\/\/schema.org","@graph":[{"@type":"WebPage","@id":"https:\/\/www.ucf.edu.cu\/?page_id=1336","url":"https:\/\/www.ucf.edu.cu\/?page_id=1336","name":"Comunicaci\u00f3n social | Universidad de Cienfuegos","isPartOf":{"@id":"https:\/\/www.ucf.edu.cu\/#website"},"datePublished":"2019-03-27T15:53:20+00:00","dateModified":"2019-04-01T16:40:40+00:00","breadcrumb":{"@id":"https:\/\/www.ucf.edu.cu\/?page_id=1336#breadcrumb"},"inLanguage":"es","potentialAction":[{"@type":"ReadAction","target":["https:\/\/www.ucf.edu.cu\/?page_id=1336"]}]},{"@type":"BreadcrumbList","@id":"https:\/\/www.ucf.edu.cu\/?page_id=1336#breadcrumb","itemListElement":[{"@type":"ListItem","position":1,"name":"Portada","item":"https:\/\/www.ucf.edu.cu\/"},{"@type":"ListItem","position":2,"name":"Licenciatura en Comunicaci\u00f3n Social"}]},{"@type":"WebSite","@id":"https:\/\/www.ucf.edu.cu\/#website","url":"https:\/\/www.ucf.edu.cu\/","name":"Universidad de Cienfuegos","description":"Portal Web Universidad de Cienfuegos","publisher":{"@id":"https:\/\/www.ucf.edu.cu\/#organization"},"alternateName":"Portal institucional de la UCf","potentialAction":[{"@type":"SearchAction","target":{"@type":"EntryPoint","urlTemplate":"https:\/\/www.ucf.edu.cu\/?s={search_term_string}"},"query-input":{"@type":"PropertyValueSpecification","valueRequired":true,"valueName":"search_term_string"}}],"inLanguage":"es"},{"@type":"Organization","@id":"https:\/\/www.ucf.edu.cu\/#organization","name":"Universidad de Cienfuegos","url":"https:\/\/www.ucf.edu.cu\/","logo":{"@type":"ImageObject","inLanguage":"es","@id":"https:\/\/www.ucf.edu.cu\/#\/schema\/logo\/image\/","url":"https:\/\/www.ucf.edu.cu\/wp-content\/uploads\/2020\/11\/fe77b047cf65bbf66915926fa3c00c93_L.jpg","contentUrl":"https:\/\/www.ucf.edu.cu\/wp-content\/uploads\/2020\/11\/fe77b047cf65bbf66915926fa3c00c93_L.jpg","width":1000,"height":763,"caption":"Universidad de Cienfuegos"},"image":{"@id":"https:\/\/www.ucf.edu.cu\/#\/schema\/logo\/image\/"},"sameAs":["https:\/\/www.facebook.com\/ucfgos\/","https:\/\/x.com\/ucfgos","https:\/\/www.instagram.com\/ucfgos","https:\/\/www.youtube.com\/channel\/UCymAZYZHmPzh48cHLG6Nx4A"]}]}},"_links":{"self":[{"href":"https:\/\/www.ucf.edu.cu\/index.php?rest_route=\/wp\/v2\/pages\/1336","targetHints":{"allow":["GET"]}}],"collection":[{"href":"https:\/\/www.ucf.edu.cu\/index.php?rest_route=\/wp\/v2\/pages"}],"about":[{"href":"https:\/\/www.ucf.edu.cu\/index.php?rest_route=\/wp\/v2\/types\/page"}],"author":[{"embeddable":true,"href":"https:\/\/www.ucf.edu.cu\/index.php?rest_route=\/wp\/v2\/users\/6"}],"replies":[{"embeddable":true,"href":"https:\/\/www.ucf.edu.cu\/index.php?rest_route=%2Fwp%2Fv2%2Fcomments&post=1336"}],"version-history":[{"count":3,"href":"https:\/\/www.ucf.edu.cu\/index.php?rest_route=\/wp\/v2\/pages\/1336\/revisions"}],"predecessor-version":[{"id":1428,"href":"https:\/\/www.ucf.edu.cu\/index.php?rest_route=\/wp\/v2\/pages\/1336\/revisions\/1428"}],"wp:attachment":[{"href":"https:\/\/www.ucf.edu.cu\/index.php?rest_route=%2Fwp%2Fv2%2Fmedia&parent=1336"}],"curies":[{"name":"wp","href":"https:\/\/api.w.org\/{rel}","templated":true}]}}