{"id":13556,"date":"2023-06-30T13:56:12","date_gmt":"2023-06-30T13:56:12","guid":{"rendered":"https:\/\/www.ucf.edu.cu\/?page_id=13556"},"modified":"2024-07-11T13:05:11","modified_gmt":"2024-07-11T13:05:11","slug":"comision-de-grado-cientifico","status":"publish","type":"page","link":"https:\/\/www.ucf.edu.cu\/?page_id=13556","title":{"rendered":"Comisi\u00f3n de Grados Cient\u00edficos UCf"},"content":{"rendered":"\t\t<div data-elementor-type=\"wp-page\" data-elementor-id=\"13556\" class=\"elementor elementor-13556\">\n\t\t\t\t\t\t<section class=\"elementor-section elementor-top-section elementor-element elementor-element-d3f3c33 elementor-section-boxed elementor-section-height-default elementor-section-height-default\" data-id=\"d3f3c33\" data-element_type=\"section\" data-e-type=\"section\">\n\t\t\t\t\t\t<div class=\"elementor-container elementor-column-gap-default\">\n\t\t\t\t\t<div class=\"elementor-column elementor-col-100 elementor-top-column elementor-element elementor-element-fecfef4\" data-id=\"fecfef4\" data-element_type=\"column\" data-e-type=\"column\">\n\t\t\t<div class=\"elementor-widget-wrap elementor-element-populated\">\n\t\t\t\t\t\t<div class=\"elementor-element elementor-element-8d12edf elementor-widget elementor-widget-heading\" data-id=\"8d12edf\" data-element_type=\"widget\" data-e-type=\"widget\" data-widget_type=\"heading.default\">\n\t\t\t\t<div class=\"elementor-widget-container\">\n\t\t\t\t\t<h2 class=\"elementor-heading-title elementor-size-large\">\n\nDefensas de Doctorado<\/h2>\t\t\t\t<\/div>\n\t\t\t\t<\/div>\n\t\t\t\t\t<\/div>\n\t\t<\/div>\n\t\t\t\t\t<\/div>\n\t\t<\/section>\n\t\t\t\t<section class=\"elementor-section elementor-top-section elementor-element elementor-element-841ce61 elementor-section-boxed elementor-section-height-default elementor-section-height-default\" data-id=\"841ce61\" data-element_type=\"section\" data-e-type=\"section\">\n\t\t\t\t\t\t<div class=\"elementor-container elementor-column-gap-default\">\n\t\t\t\t\t<div class=\"elementor-column elementor-col-33 elementor-top-column elementor-element elementor-element-13740bf\" data-id=\"13740bf\" data-element_type=\"column\" data-e-type=\"column\">\n\t\t\t<div class=\"elementor-widget-wrap elementor-element-populated\">\n\t\t\t\t\t\t<div class=\"elementor-element elementor-element-ee5802a elementor-widget elementor-widget-text-editor\" data-id=\"ee5802a\" data-element_type=\"widget\" data-e-type=\"widget\" data-widget_type=\"text-editor.default\">\n\t\t\t\t<div class=\"elementor-widget-container\">\n\t\t\t\t\t\t\t\t\t<h6>\u00a0<a href=\"https:\/\/www.ucf.edu.cu\/?p=15139\">APRENDIZAJE BASADO EN PROYECTOS EN LA DISCIPLINA LENGUAJES Y T\u00c9CNICAS DE PROGRAMACI\u00d3N, EN LA LICENCIATURA EN EDUCACI\u00d3N INFORM\u00c1TICA.<\/a><\/h6><h6>\u00a0 \u00a0 \u00a0Doctorando: Ariel G\u00f3mez Sarr\u00eda<\/h6>\t\t\t\t\t\t\t\t<\/div>\n\t\t\t\t<\/div>\n\t\t\t\t<div class=\"elementor-element elementor-element-c177444 elementor-widget elementor-widget-text-editor\" data-id=\"c177444\" data-element_type=\"widget\" data-e-type=\"widget\" data-widget_type=\"text-editor.default\">\n\t\t\t\t<div class=\"elementor-widget-container\">\n\t\t\t\t\t\t\t\t\t<h6><a href=\"https:\/\/www.ucf.edu.cu\/?p=15228\">ESTIMULACI\u00d3N METACOGNITIVA DE LOS ESTUDIANTES EN LA FORMACI\u00d3N INICIAL DEL LICENCIADO EN EDUCACI\u00d3N.<\/a><\/h6><h6>\u00a0 \u00a0 \u00a0 \u00a0Doctoranda: Nielvis de la Caridad\u00a0 \u00a0 \u00a0 \u00a0 \u00a0 \u00a0 \u00a0 \u00a0 \u00a0 \u00a0 \u00a0 \u00a0 \u00a0 \u00a0 \u00a0 \u00a0 \u00a0 \u00a0 \u00a0 \u00a0 \u00a0 \u00a0 \u00a0 Senra P\u00e9rez<\/h6>\t\t\t\t\t\t\t\t<\/div>\n\t\t\t\t<\/div>\n\t\t\t\t<div class=\"elementor-element elementor-element-b40a01e elementor-widget elementor-widget-text-editor\" data-id=\"b40a01e\" data-element_type=\"widget\" data-e-type=\"widget\" data-widget_type=\"text-editor.default\">\n\t\t\t\t<div class=\"elementor-widget-container\">\n\t\t\t\t\t\t\t\t\t<h6><a href=\"https:\/\/www.ucf.edu.cu\/?p=16561\"><strong>LA EPISTEMOLOG\u00cdA PLURALISTA DE LE\u00d3N OLIV\u00c9. CONTRIBUCIONES AL PLURALISMO EPISTEMOL\u00d3GI<\/strong><\/a><a href=\"https:\/\/www.ucf.edu.cu\/?p=16561\"><strong>CO LATINOAMERICANO.<\/strong><\/a><\/h6><h6><strong style=\"font-family: Bitter, Georgia, serif;\">Doctoranda: Zenaida L\u00f3pez Borges<\/strong><\/h6>\t\t\t\t\t\t\t\t<\/div>\n\t\t\t\t<\/div>\n\t\t\t\t<div class=\"elementor-element elementor-element-d9ff656 elementor-widget elementor-widget-text-editor\" data-id=\"d9ff656\" data-element_type=\"widget\" data-e-type=\"widget\" data-widget_type=\"text-editor.default\">\n\t\t\t\t<div class=\"elementor-widget-container\">\n\t\t\t\t\t\t\t\t\t<h6><a href=\"https:\/\/www.ucf.edu.cu\/?p=17874\"><strong>\u201cEL DESARROLLO DE LA HABILIDAD FORMULAR PROBLEMAS DE MATEM\u00c1TICAS EN EL PREUNIVERSITARIO\u00bb<\/strong><\/a><\/h6><h6>\u00a0 Doctoranda: Yamilys Mar\u00eda Bagu\u00e9 Luna<\/h6>\t\t\t\t\t\t\t\t<\/div>\n\t\t\t\t<\/div>\n\t\t\t\t<div class=\"elementor-element elementor-element-2729a3f elementor-widget elementor-widget-text-editor\" data-id=\"2729a3f\" data-element_type=\"widget\" data-e-type=\"widget\" data-widget_type=\"text-editor.default\">\n\t\t\t\t<div class=\"elementor-widget-container\">\n\t\t\t\t\t\t\t\t\t<h6><strong><a href=\"https:\/\/www.ucf.edu.cu\/?p=17823\">\u201c LA REAFIRMACI\u00d3N PROFESIONAL EN LA FORMACI\u00d3N DE MAESTROS PRIMARIOS DEL NIVEL MEDIO SUPERIOR\u00bb<\/a><\/strong><\/h6><h6><strong>Doctoranda: Yoisniel Rodr\u00edquez <span style=\"font-family: Bitter, Georgia, serif;\">\u00a0Delgado<\/span><\/strong><\/h6>\t\t\t\t\t\t\t\t<\/div>\n\t\t\t\t<\/div>\n\t\t\t\t\t<\/div>\n\t\t<\/div>\n\t\t\t\t<div class=\"elementor-column elementor-col-33 elementor-top-column elementor-element elementor-element-7ac83cc\" data-id=\"7ac83cc\" data-element_type=\"column\" data-e-type=\"column\">\n\t\t\t<div class=\"elementor-widget-wrap elementor-element-populated\">\n\t\t\t\t\t\t<div class=\"elementor-element elementor-element-949eaef elementor-widget elementor-widget-text-editor\" data-id=\"949eaef\" data-element_type=\"widget\" data-e-type=\"widget\" data-widget_type=\"text-editor.default\">\n\t\t\t\t<div class=\"elementor-widget-container\">\n\t\t\t\t\t\t\t\t\t<h6><a href=\"https:\/\/www.ucf.edu.cu\/?p=13873\">\u00a0INCIDENCIA DEL TURISMO DE NATURALEZA EN EL DESARROLLO LOCAL SOSTENIBLE.<\/a><\/h6><h6 style=\"text-align: left;\">\u00a0 \u00a0 \u00a0 \u00a0Doctoranda: Annie Rivero Galv\u00e1n<\/h6><p>\u00a0<\/p>\t\t\t\t\t\t\t\t<\/div>\n\t\t\t\t<\/div>\n\t\t\t\t<div class=\"elementor-element elementor-element-ece0359 elementor-widget elementor-widget-text-editor\" data-id=\"ece0359\" data-element_type=\"widget\" data-e-type=\"widget\" data-widget_type=\"text-editor.default\">\n\t\t\t\t<div class=\"elementor-widget-container\">\n\t\t\t\t\t\t\t\t\t<h6><a href=\"https:\/\/www.ucf.edu.cu\/?p=15261\">\u00a0SUPERACI\u00d3N PROFESIONAL DEL DOCENTE UNIVERSITARIO EN GESTI\u00d3N DE RIESGO Y VULNERABILIDAD DE DESASTRES DE ORIGEN NATURAL GENERADOS POR EL CAMBIO CLIM\u00c1TICO<\/a><\/h6><h6 style=\"text-align: left;\">\u00a0 \u00a0 \u00a0 \u00a0Doctoranda: Leticia Le\u00f3n Gonz\u00e1lez<\/h6>\t\t\t\t\t\t\t\t<\/div>\n\t\t\t\t<\/div>\n\t\t\t\t<div class=\"elementor-element elementor-element-cd43d4c elementor-widget elementor-widget-text-editor\" data-id=\"cd43d4c\" data-element_type=\"widget\" data-e-type=\"widget\" data-widget_type=\"text-editor.default\">\n\t\t\t\t<div class=\"elementor-widget-container\">\n\t\t\t\t\t\t\t\t\t<h6><strong><a href=\"https:\/\/www.ucf.edu.cu\/?p=16822\">RED SOCIAL ATENEO DE CIENFUEGOS (1922-1958): SU CONTRIBUCI\u00d3N A LA IDENTIDAD CULTURAL CIENFUEGUERA<\/a><\/strong><\/h6><h6><strong>\u00a0Doctoranda: Massiel Delgado Cabrera<\/strong><\/h6>\t\t\t\t\t\t\t\t<\/div>\n\t\t\t\t<\/div>\n\t\t\t\t<div class=\"elementor-element elementor-element-5fb40b3 elementor-widget elementor-widget-text-editor\" data-id=\"5fb40b3\" data-element_type=\"widget\" data-e-type=\"widget\" data-widget_type=\"text-editor.default\">\n\t\t\t\t<div class=\"elementor-widget-container\">\n\t\t\t\t\t\t\t\t\t<h5><a href=\"https:\/\/www.ucf.edu.cu\/?p=18432\">\u00a0\u201cLa formaci\u00f3n continua en Did\u00e1ctica de \u00a0docentes de la Educaci\u00f3n B\u00e1sica Primaria \u201d<\/a><\/h5><h5>Doctoranda:\u00a0 Rosario Patricia Grijalba Vallejo<\/h5>\t\t\t\t\t\t\t\t<\/div>\n\t\t\t\t<\/div>\n\t\t\t\t<div class=\"elementor-element elementor-element-b9ac89b elementor-widget elementor-widget-text-editor\" data-id=\"b9ac89b\" data-element_type=\"widget\" data-e-type=\"widget\" data-widget_type=\"text-editor.default\">\n\t\t\t\t<div class=\"elementor-widget-container\">\n\t\t\t\t\t\t\t\t\t<h6><a href=\"https:\/\/www.ucf.edu.cu\/?p=18987\"><strong>\u201cContribuci\u00f3n de las cadenas agroproductivas al desarrollo sostenible. Propuesta metodol\u00f3gica para su evaluaci\u00f3n\u201d<\/strong><\/a><\/h6><h6><strong>Doctoranda: Yanisleidy Quevedo Reyes<\/strong><\/h6>\t\t\t\t\t\t\t\t<\/div>\n\t\t\t\t<\/div>\n\t\t\t\t\t<\/div>\n\t\t<\/div>\n\t\t\t\t<div class=\"elementor-column elementor-col-33 elementor-top-column elementor-element elementor-element-46eb632\" data-id=\"46eb632\" data-element_type=\"column\" data-e-type=\"column\">\n\t\t\t<div class=\"elementor-widget-wrap elementor-element-populated\">\n\t\t\t\t\t\t<div class=\"elementor-element elementor-element-ab8b67b elementor-widget elementor-widget-text-editor\" data-id=\"ab8b67b\" data-element_type=\"widget\" data-e-type=\"widget\" data-widget_type=\"text-editor.default\">\n\t\t\t\t<div class=\"elementor-widget-container\">\n\t\t\t\t\t\t\t\t\t<h6>\u00a0<a href=\"https:\/\/www.ucf.edu.cu\/?p=15153\">LA FORMACI\u00d3N DE LA HABILIDAD PROFESIONAL ESPEC\u00cdFICA DISE\u00d1AR PROYECTOS COMUNICATORIOS EN LA CARRERA LICENCIATURA EN CULTURA F\u00cdSICA.<\/a><\/h6><h6 style=\"text-align: center;\">Doctoranda: Yorisel Oriana Carmenate Figueredo<\/h6>\t\t\t\t\t\t\t\t<\/div>\n\t\t\t\t<\/div>\n\t\t\t\t<div class=\"elementor-element elementor-element-06e29d0 elementor-widget elementor-widget-text-editor\" data-id=\"06e29d0\" data-element_type=\"widget\" data-e-type=\"widget\" data-widget_type=\"text-editor.default\">\n\t\t\t\t<div class=\"elementor-widget-container\">\n\t\t\t\t\t\t\t\t\t<h6><a href=\"https:\/\/www.ucf.edu.cu\/?p=15715\"><strong>METODOLOG\u00cdA PARA EVALUAR LA SOSTENIBILIDAD DEL APROVECHAMIENTO DE BIOMASA COMO COMBUSTIBLE EN LA INDUSTRIA AZUCARERA<\/strong><\/a><\/h6><h6>\u00a0 Doctorando: Reinier Jim\u00e9nez Borges<\/h6>\t\t\t\t\t\t\t\t<\/div>\n\t\t\t\t<\/div>\n\t\t\t\t\t<\/div>\n\t\t<\/div>\n\t\t\t\t\t<\/div>\n\t\t<\/section>\n\t\t\t\t<\/div>\n\t\t","protected":false},"excerpt":{"rendered":"<p>Defensas de Doctorado \u00a0APRENDIZAJE BASADO EN PROYECTOS EN LA DISCIPLINA LENGUAJES Y T\u00c9CNICAS DE PROGRAMACI\u00d3N, EN LA LICENCIATURA EN EDUCACI\u00d3N INFORM\u00c1TICA. \u00a0 \u00a0 \u00a0Doctorando: Ariel G\u00f3mez Sarr\u00eda ESTIMULACI\u00d3N METACOGNITIVA DE LOS ESTUDIANTES<a class=\"moretag\" href=\"https:\/\/www.ucf.edu.cu\/?page_id=13556\">Leer m\u00e1s&#8230;<\/a><\/p>\n","protected":false},"author":1,"featured_media":0,"parent":0,"menu_order":0,"comment_status":"closed","ping_status":"closed","template":"","meta":{"footnotes":""},"class_list":["post-13556","page","type-page","status-publish","hentry"],"yoast_head":"<!-- This site is optimized with the Yoast SEO plugin v27.5 - https:\/\/yoast.com\/product\/yoast-seo-wordpress\/ -->\n<title>Comisi\u00f3n de Grados Cient\u00edficos UCf - Universidad de Cienfuegos<\/title>\n<meta name=\"robots\" content=\"index, follow, max-snippet:-1, max-image-preview:large, max-video-preview:-1\" \/>\n<link rel=\"canonical\" href=\"https:\/\/www.ucf.edu.cu\/?page_id=13556\" \/>\n<meta property=\"og:locale\" content=\"es_ES\" \/>\n<meta property=\"og:type\" content=\"article\" \/>\n<meta property=\"og:title\" content=\"Comisi\u00f3n de Grados Cient\u00edficos UCf - Universidad de Cienfuegos\" \/>\n<meta property=\"og:description\" content=\"Defensas de Doctorado \u00a0APRENDIZAJE BASADO EN PROYECTOS EN LA DISCIPLINA LENGUAJES Y T\u00c9CNICAS DE PROGRAMACI\u00d3N, EN LA LICENCIATURA EN EDUCACI\u00d3N INFORM\u00c1TICA. \u00a0 \u00a0 \u00a0Doctorando: Ariel G\u00f3mez Sarr\u00eda ESTIMULACI\u00d3N METACOGNITIVA DE LOS ESTUDIANTESLeer m\u00e1s...\" \/>\n<meta property=\"og:url\" content=\"https:\/\/www.ucf.edu.cu\/?page_id=13556\" \/>\n<meta property=\"og:site_name\" content=\"Universidad de Cienfuegos\" \/>\n<meta property=\"article:publisher\" content=\"https:\/\/www.facebook.com\/ucfgos\/\" \/>\n<meta property=\"article:modified_time\" content=\"2024-07-11T13:05:11+00:00\" \/>\n<meta property=\"og:image\" content=\"https:\/\/www.ucf.edu.cu\/wp-content\/uploads\/2024\/01\/Logo_UCf-scaled-1.jpg\" \/>\n\t<meta property=\"og:image:width\" content=\"2560\" \/>\n\t<meta property=\"og:image:height\" content=\"951\" \/>\n\t<meta property=\"og:image:type\" content=\"image\/jpeg\" \/>\n<meta name=\"twitter:card\" content=\"summary_large_image\" \/>\n<meta name=\"twitter:site\" content=\"@ucfgos\" \/>\n<meta name=\"twitter:label1\" content=\"Tiempo de lectura\" \/>\n\t<meta name=\"twitter:data1\" content=\"2 minutos\" \/>\n<script type=\"application\/ld+json\" class=\"yoast-schema-graph\">{\"@context\":\"https:\\\/\\\/schema.org\",\"@graph\":[{\"@type\":\"WebPage\",\"@id\":\"https:\\\/\\\/www.ucf.edu.cu\\\/?page_id=13556\",\"url\":\"https:\\\/\\\/www.ucf.edu.cu\\\/?page_id=13556\",\"name\":\"Comisi\u00f3n de Grados Cient\u00edficos UCf - Universidad de Cienfuegos\",\"isPartOf\":{\"@id\":\"https:\\\/\\\/www.ucf.edu.cu\\\/#website\"},\"datePublished\":\"2023-06-30T13:56:12+00:00\",\"dateModified\":\"2024-07-11T13:05:11+00:00\",\"breadcrumb\":{\"@id\":\"https:\\\/\\\/www.ucf.edu.cu\\\/?page_id=13556#breadcrumb\"},\"inLanguage\":\"es\",\"potentialAction\":[{\"@type\":\"ReadAction\",\"target\":[\"https:\\\/\\\/www.ucf.edu.cu\\\/?page_id=13556\"]}]},{\"@type\":\"BreadcrumbList\",\"@id\":\"https:\\\/\\\/www.ucf.edu.cu\\\/?page_id=13556#breadcrumb\",\"itemListElement\":[{\"@type\":\"ListItem\",\"position\":1,\"name\":\"Portada\",\"item\":\"https:\\\/\\\/www.ucf.edu.cu\\\/\"},{\"@type\":\"ListItem\",\"position\":2,\"name\":\"Comisi\u00f3n de Grados Cient\u00edficos UCf\"}]},{\"@type\":\"WebSite\",\"@id\":\"https:\\\/\\\/www.ucf.edu.cu\\\/#website\",\"url\":\"https:\\\/\\\/www.ucf.edu.cu\\\/\",\"name\":\"Universidad de Cienfuegos\",\"description\":\"Portal Web Universidad de Cienfuegos\",\"publisher\":{\"@id\":\"https:\\\/\\\/www.ucf.edu.cu\\\/#organization\"},\"alternateName\":\"Portal institucional de la UCf\",\"potentialAction\":[{\"@type\":\"SearchAction\",\"target\":{\"@type\":\"EntryPoint\",\"urlTemplate\":\"https:\\\/\\\/www.ucf.edu.cu\\\/?s={search_term_string}\"},\"query-input\":{\"@type\":\"PropertyValueSpecification\",\"valueRequired\":true,\"valueName\":\"search_term_string\"}}],\"inLanguage\":\"es\"},{\"@type\":\"Organization\",\"@id\":\"https:\\\/\\\/www.ucf.edu.cu\\\/#organization\",\"name\":\"Universidad de Cienfuegos\",\"url\":\"https:\\\/\\\/www.ucf.edu.cu\\\/\",\"logo\":{\"@type\":\"ImageObject\",\"inLanguage\":\"es\",\"@id\":\"https:\\\/\\\/www.ucf.edu.cu\\\/#\\\/schema\\\/logo\\\/image\\\/\",\"url\":\"https:\\\/\\\/www.ucf.edu.cu\\\/wp-content\\\/uploads\\\/2020\\\/11\\\/fe77b047cf65bbf66915926fa3c00c93_L.jpg\",\"contentUrl\":\"https:\\\/\\\/www.ucf.edu.cu\\\/wp-content\\\/uploads\\\/2020\\\/11\\\/fe77b047cf65bbf66915926fa3c00c93_L.jpg\",\"width\":1000,\"height\":763,\"caption\":\"Universidad de Cienfuegos\"},\"image\":{\"@id\":\"https:\\\/\\\/www.ucf.edu.cu\\\/#\\\/schema\\\/logo\\\/image\\\/\"},\"sameAs\":[\"https:\\\/\\\/www.facebook.com\\\/ucfgos\\\/\",\"https:\\\/\\\/x.com\\\/ucfgos\",\"https:\\\/\\\/www.instagram.com\\\/ucfgos\",\"https:\\\/\\\/www.youtube.com\\\/channel\\\/UCymAZYZHmPzh48cHLG6Nx4A\"]}]}<\/script>\n<!-- \/ Yoast SEO plugin. -->","yoast_head_json":{"title":"Comisi\u00f3n de Grados Cient\u00edficos UCf - Universidad de Cienfuegos","robots":{"index":"index","follow":"follow","max-snippet":"max-snippet:-1","max-image-preview":"max-image-preview:large","max-video-preview":"max-video-preview:-1"},"canonical":"https:\/\/www.ucf.edu.cu\/?page_id=13556","og_locale":"es_ES","og_type":"article","og_title":"Comisi\u00f3n de Grados Cient\u00edficos UCf - Universidad de Cienfuegos","og_description":"Defensas de Doctorado \u00a0APRENDIZAJE BASADO EN PROYECTOS EN LA DISCIPLINA LENGUAJES Y T\u00c9CNICAS DE PROGRAMACI\u00d3N, EN LA LICENCIATURA EN EDUCACI\u00d3N INFORM\u00c1TICA. \u00a0 \u00a0 \u00a0Doctorando: Ariel G\u00f3mez Sarr\u00eda ESTIMULACI\u00d3N METACOGNITIVA DE LOS ESTUDIANTESLeer m\u00e1s...","og_url":"https:\/\/www.ucf.edu.cu\/?page_id=13556","og_site_name":"Universidad de Cienfuegos","article_publisher":"https:\/\/www.facebook.com\/ucfgos\/","article_modified_time":"2024-07-11T13:05:11+00:00","og_image":[{"width":2560,"height":951,"url":"https:\/\/www.ucf.edu.cu\/wp-content\/uploads\/2024\/01\/Logo_UCf-scaled-1.jpg","type":"image\/jpeg"}],"twitter_card":"summary_large_image","twitter_site":"@ucfgos","twitter_misc":{"Tiempo de lectura":"2 minutos"},"schema":{"@context":"https:\/\/schema.org","@graph":[{"@type":"WebPage","@id":"https:\/\/www.ucf.edu.cu\/?page_id=13556","url":"https:\/\/www.ucf.edu.cu\/?page_id=13556","name":"Comisi\u00f3n de Grados Cient\u00edficos UCf - Universidad de Cienfuegos","isPartOf":{"@id":"https:\/\/www.ucf.edu.cu\/#website"},"datePublished":"2023-06-30T13:56:12+00:00","dateModified":"2024-07-11T13:05:11+00:00","breadcrumb":{"@id":"https:\/\/www.ucf.edu.cu\/?page_id=13556#breadcrumb"},"inLanguage":"es","potentialAction":[{"@type":"ReadAction","target":["https:\/\/www.ucf.edu.cu\/?page_id=13556"]}]},{"@type":"BreadcrumbList","@id":"https:\/\/www.ucf.edu.cu\/?page_id=13556#breadcrumb","itemListElement":[{"@type":"ListItem","position":1,"name":"Portada","item":"https:\/\/www.ucf.edu.cu\/"},{"@type":"ListItem","position":2,"name":"Comisi\u00f3n de Grados Cient\u00edficos UCf"}]},{"@type":"WebSite","@id":"https:\/\/www.ucf.edu.cu\/#website","url":"https:\/\/www.ucf.edu.cu\/","name":"Universidad de Cienfuegos","description":"Portal Web Universidad de Cienfuegos","publisher":{"@id":"https:\/\/www.ucf.edu.cu\/#organization"},"alternateName":"Portal institucional de la UCf","potentialAction":[{"@type":"SearchAction","target":{"@type":"EntryPoint","urlTemplate":"https:\/\/www.ucf.edu.cu\/?s={search_term_string}"},"query-input":{"@type":"PropertyValueSpecification","valueRequired":true,"valueName":"search_term_string"}}],"inLanguage":"es"},{"@type":"Organization","@id":"https:\/\/www.ucf.edu.cu\/#organization","name":"Universidad de Cienfuegos","url":"https:\/\/www.ucf.edu.cu\/","logo":{"@type":"ImageObject","inLanguage":"es","@id":"https:\/\/www.ucf.edu.cu\/#\/schema\/logo\/image\/","url":"https:\/\/www.ucf.edu.cu\/wp-content\/uploads\/2020\/11\/fe77b047cf65bbf66915926fa3c00c93_L.jpg","contentUrl":"https:\/\/www.ucf.edu.cu\/wp-content\/uploads\/2020\/11\/fe77b047cf65bbf66915926fa3c00c93_L.jpg","width":1000,"height":763,"caption":"Universidad de Cienfuegos"},"image":{"@id":"https:\/\/www.ucf.edu.cu\/#\/schema\/logo\/image\/"},"sameAs":["https:\/\/www.facebook.com\/ucfgos\/","https:\/\/x.com\/ucfgos","https:\/\/www.instagram.com\/ucfgos","https:\/\/www.youtube.com\/channel\/UCymAZYZHmPzh48cHLG6Nx4A"]}]}},"_links":{"self":[{"href":"https:\/\/www.ucf.edu.cu\/index.php?rest_route=\/wp\/v2\/pages\/13556","targetHints":{"allow":["GET"]}}],"collection":[{"href":"https:\/\/www.ucf.edu.cu\/index.php?rest_route=\/wp\/v2\/pages"}],"about":[{"href":"https:\/\/www.ucf.edu.cu\/index.php?rest_route=\/wp\/v2\/types\/page"}],"author":[{"embeddable":true,"href":"https:\/\/www.ucf.edu.cu\/index.php?rest_route=\/wp\/v2\/users\/1"}],"replies":[{"embeddable":true,"href":"https:\/\/www.ucf.edu.cu\/index.php?rest_route=%2Fwp%2Fv2%2Fcomments&post=13556"}],"version-history":[{"count":345,"href":"https:\/\/www.ucf.edu.cu\/index.php?rest_route=\/wp\/v2\/pages\/13556\/revisions"}],"predecessor-version":[{"id":18997,"href":"https:\/\/www.ucf.edu.cu\/index.php?rest_route=\/wp\/v2\/pages\/13556\/revisions\/18997"}],"wp:attachment":[{"href":"https:\/\/www.ucf.edu.cu\/index.php?rest_route=%2Fwp%2Fv2%2Fmedia&parent=13556"}],"curies":[{"name":"wp","href":"https:\/\/api.w.org\/{rel}","templated":true}]}}