{"id":1520,"date":"2019-04-02T14:35:38","date_gmt":"2019-04-02T14:35:38","guid":{"rendered":"http:\/\/intra.ucf.edu.cu\/?page_id=1520"},"modified":"2023-06-07T16:41:08","modified_gmt":"2023-06-07T16:41:08","slug":"agronomia","status":"publish","type":"page","link":"https:\/\/www.ucf.edu.cu\/?page_id=1520","title":{"rendered":"Ingenier\u00eda en Agronom\u00eda"},"content":{"rendered":"\t\t<div data-elementor-type=\"wp-page\" data-elementor-id=\"1520\" class=\"elementor elementor-1520\">\n\t\t\t\t\t\t<section class=\"elementor-section elementor-top-section elementor-element elementor-element-773dad6 elementor-section-boxed elementor-section-height-default elementor-section-height-default\" data-id=\"773dad6\" data-element_type=\"section\" data-e-type=\"section\">\n\t\t\t\t\t\t<div class=\"elementor-container elementor-column-gap-default\">\n\t\t\t\t\t<div class=\"elementor-column elementor-col-100 elementor-top-column elementor-element elementor-element-aa1094e\" data-id=\"aa1094e\" data-element_type=\"column\" data-e-type=\"column\">\n\t\t\t<div class=\"elementor-widget-wrap elementor-element-populated\">\n\t\t\t\t\t\t<div class=\"elementor-element elementor-element-ec10521 elementor-widget elementor-widget-text-editor\" data-id=\"ec10521\" data-element_type=\"widget\" data-e-type=\"widget\" data-widget_type=\"text-editor.default\">\n\t\t\t\t<div class=\"elementor-widget-container\">\n\t\t\t\t\t\t\t\t\t<div class=\"entry-content\">\n<p><strong>Modalidades de estudio:<\/strong> Presencial y Curso por encuentro<\/p>\n<p><strong>Tipos de cursos:<\/strong> Regular diurno \/ semipresencial<\/p>\n<p><strong>A\u00f1os de estudio:<\/strong> 4 a\u00f1os \/ 5 a\u00f1os<\/p>\n<p><strong>Objeto de la profesi\u00f3n<\/strong><\/p>\n<p>La gesti\u00f3n eficiente de los procesos que se desarrollan en las unidades productivas agropecuarias con el fin de generar alimentos y materias primas para la satisfacci\u00f3n de necesidades humanas e industriales demandadas por la sociedad.<\/p>\n<p><strong>Objeto de trabajo<\/strong><\/p>\n<p>Los sistemas de producci\u00f3n en las empresas agropecuarias, cooperativas, granjas o fincas estatales o privadas, as\u00ed como de los restantes actores vinculados a las respectivas cadenas productivas referidos como el eslab\u00f3n de base o unidades productivas en la pol\u00edtica de desarrollo agropecuario del pa\u00eds.<\/p>\n<p><strong>Modo de Actuaci\u00f3n<\/strong><\/p>\n<p>Gestionar eficientemente los procesos productivos en los sistemas agropecuarios, mediante el aprovechamiento y uso de la tecnolog\u00eda disponible y el conocimiento local, aplicando t\u00e9cnicas de investigaci\u00f3n, extensi\u00f3n y comercializaci\u00f3n, participando en proyectos de desarrollo y potenciando una agricultura sostenible basada en los preceptos se\u00f1alados en la conceptualizaci\u00f3n del modelo econ\u00f3mico y social cubano de desarrollo socialista.<\/p>\n<p><strong>Campos de acci\u00f3n<\/strong><\/p>\n<ul>\n<li>Fitotecnia<\/li>\n<li>Zootecnia<\/li>\n<li>Manejo del suelo<\/li>\n<li>Manejo del agua<\/li>\n<li>Mecanizaci\u00f3n agropecuaria<\/li>\n<li>Sanidad Vegetal<\/li>\n<li>Gesti\u00f3n socioecon\u00f3mica y administrativa<\/li>\n<li>Extensi\u00f3n agraria<\/li>\n<\/ul>\n<p><strong>Esferas de actuaci\u00f3n<\/strong><\/p>\n<p>Empresas y unidades de producci\u00f3n agropecuaria, centros de investigaci\u00f3n agropecuarias, entidades de gesti\u00f3n y trasferencias de tecnolog\u00edas y de extensi\u00f3n agraria, entidades de comercializaci\u00f3n de productos agropecuarios, el sector bancario, la aduana nacional, los centros de formaci\u00f3n de profesionales y t\u00e9cnicos, academia, as\u00ed como, otras entidades afines al perfil.<\/p>\n<\/div>\t\t\t\t\t\t\t\t<\/div>\n\t\t\t\t<\/div>\n\t\t\t\t\t<\/div>\n\t\t<\/div>\n\t\t\t\t\t<\/div>\n\t\t<\/section>\n\t\t\t\t<\/div>\n\t\t","protected":false},"excerpt":{"rendered":"<p>Modalidades de estudio: Presencial y Curso por encuentro Tipos de cursos: Regular diurno \/ semipresencial A\u00f1os de estudio: 4 a\u00f1os \/ 5 a\u00f1os Objeto de la profesi\u00f3n La gesti\u00f3n eficiente de los<a class=\"moretag\" href=\"https:\/\/www.ucf.edu.cu\/?page_id=1520\">Leer m\u00e1s&#8230;<\/a><\/p>\n","protected":false},"author":1,"featured_media":0,"parent":0,"menu_order":0,"comment_status":"closed","ping_status":"closed","template":"page-intra.php","meta":{"footnotes":""},"class_list":["post-1520","page","type-page","status-publish","hentry"],"yoast_head":"<!-- This site is optimized with the Yoast SEO plugin v27.3 - https:\/\/yoast.com\/product\/yoast-seo-wordpress\/ -->\n<title>Ingenier\u00eda en Agronom\u00eda | Universidad de Cienfuegos<\/title>\n<meta name=\"description\" content=\"La agronomia estuida la gesti\u00f3n eficiente de los procesos que se desarrollan en las unidades productivas agropecuarias con el fin de generar alimentos y materias primas para la satisfacci\u00f3n de necesidades humanas e industriales.\" \/>\n<meta name=\"robots\" content=\"index, follow, max-snippet:-1, max-image-preview:large, max-video-preview:-1\" \/>\n<link rel=\"canonical\" href=\"https:\/\/www.ucf.edu.cu\/?page_id=1520\" \/>\n<meta property=\"og:locale\" content=\"es_ES\" \/>\n<meta property=\"og:type\" content=\"article\" \/>\n<meta property=\"og:title\" content=\"Ingenier\u00eda en Agronom\u00eda | Universidad de Cienfuegos\" \/>\n<meta property=\"og:description\" content=\"La agronomia estuida la gesti\u00f3n eficiente de los procesos que se desarrollan en las unidades productivas agropecuarias con el fin de generar alimentos y materias primas para la satisfacci\u00f3n de necesidades humanas e industriales.\" \/>\n<meta property=\"og:url\" content=\"https:\/\/www.ucf.edu.cu\/?page_id=1520\" \/>\n<meta property=\"og:site_name\" content=\"Universidad de Cienfuegos\" \/>\n<meta property=\"article:publisher\" content=\"https:\/\/www.facebook.com\/ucfgos\/\" \/>\n<meta property=\"article:modified_time\" content=\"2023-06-07T16:41:08+00:00\" \/>\n<meta property=\"og:image\" content=\"https:\/\/www.ucf.edu.cu\/wp-content\/uploads\/2024\/01\/Logo_UCf-scaled-1.jpg\" \/>\n\t<meta property=\"og:image:width\" content=\"2560\" \/>\n\t<meta property=\"og:image:height\" content=\"951\" \/>\n\t<meta property=\"og:image:type\" content=\"image\/jpeg\" \/>\n<meta name=\"twitter:card\" content=\"summary_large_image\" \/>\n<meta name=\"twitter:site\" content=\"@ucfgos\" \/>\n<meta name=\"twitter:label1\" content=\"Tiempo de lectura\" \/>\n\t<meta name=\"twitter:data1\" content=\"2 minutos\" \/>\n<script type=\"application\/ld+json\" class=\"yoast-schema-graph\">{\"@context\":\"https:\\\/\\\/schema.org\",\"@graph\":[{\"@type\":\"WebPage\",\"@id\":\"https:\\\/\\\/www.ucf.edu.cu\\\/?page_id=1520\",\"url\":\"https:\\\/\\\/www.ucf.edu.cu\\\/?page_id=1520\",\"name\":\"Ingenier\u00eda en Agronom\u00eda | Universidad de Cienfuegos\",\"isPartOf\":{\"@id\":\"https:\\\/\\\/www.ucf.edu.cu\\\/#website\"},\"datePublished\":\"2019-04-02T14:35:38+00:00\",\"dateModified\":\"2023-06-07T16:41:08+00:00\",\"description\":\"La agronomia estuida la gesti\u00f3n eficiente de los procesos que se desarrollan en las unidades productivas agropecuarias con el fin de generar alimentos y materias primas para la satisfacci\u00f3n de necesidades humanas e industriales.\",\"breadcrumb\":{\"@id\":\"https:\\\/\\\/www.ucf.edu.cu\\\/?page_id=1520#breadcrumb\"},\"inLanguage\":\"es\",\"potentialAction\":[{\"@type\":\"ReadAction\",\"target\":[\"https:\\\/\\\/www.ucf.edu.cu\\\/?page_id=1520\"]}]},{\"@type\":\"BreadcrumbList\",\"@id\":\"https:\\\/\\\/www.ucf.edu.cu\\\/?page_id=1520#breadcrumb\",\"itemListElement\":[{\"@type\":\"ListItem\",\"position\":1,\"name\":\"Portada\",\"item\":\"https:\\\/\\\/www.ucf.edu.cu\\\/\"},{\"@type\":\"ListItem\",\"position\":2,\"name\":\"Ingenier\u00eda en Agronom\u00eda\"}]},{\"@type\":\"WebSite\",\"@id\":\"https:\\\/\\\/www.ucf.edu.cu\\\/#website\",\"url\":\"https:\\\/\\\/www.ucf.edu.cu\\\/\",\"name\":\"Universidad de Cienfuegos\",\"description\":\"Portal Web Universidad de Cienfuegos\",\"publisher\":{\"@id\":\"https:\\\/\\\/www.ucf.edu.cu\\\/#organization\"},\"alternateName\":\"Portal institucional de la UCf\",\"potentialAction\":[{\"@type\":\"SearchAction\",\"target\":{\"@type\":\"EntryPoint\",\"urlTemplate\":\"https:\\\/\\\/www.ucf.edu.cu\\\/?s={search_term_string}\"},\"query-input\":{\"@type\":\"PropertyValueSpecification\",\"valueRequired\":true,\"valueName\":\"search_term_string\"}}],\"inLanguage\":\"es\"},{\"@type\":\"Organization\",\"@id\":\"https:\\\/\\\/www.ucf.edu.cu\\\/#organization\",\"name\":\"Universidad de Cienfuegos\",\"url\":\"https:\\\/\\\/www.ucf.edu.cu\\\/\",\"logo\":{\"@type\":\"ImageObject\",\"inLanguage\":\"es\",\"@id\":\"https:\\\/\\\/www.ucf.edu.cu\\\/#\\\/schema\\\/logo\\\/image\\\/\",\"url\":\"https:\\\/\\\/www.ucf.edu.cu\\\/wp-content\\\/uploads\\\/2020\\\/11\\\/fe77b047cf65bbf66915926fa3c00c93_L.jpg\",\"contentUrl\":\"https:\\\/\\\/www.ucf.edu.cu\\\/wp-content\\\/uploads\\\/2020\\\/11\\\/fe77b047cf65bbf66915926fa3c00c93_L.jpg\",\"width\":1000,\"height\":763,\"caption\":\"Universidad de Cienfuegos\"},\"image\":{\"@id\":\"https:\\\/\\\/www.ucf.edu.cu\\\/#\\\/schema\\\/logo\\\/image\\\/\"},\"sameAs\":[\"https:\\\/\\\/www.facebook.com\\\/ucfgos\\\/\",\"https:\\\/\\\/x.com\\\/ucfgos\",\"https:\\\/\\\/www.instagram.com\\\/ucfgos\",\"https:\\\/\\\/www.youtube.com\\\/channel\\\/UCymAZYZHmPzh48cHLG6Nx4A\"]}]}<\/script>\n<!-- \/ Yoast SEO plugin. -->","yoast_head_json":{"title":"Ingenier\u00eda en Agronom\u00eda | Universidad de Cienfuegos","description":"La agronomia estuida la gesti\u00f3n eficiente de los procesos que se desarrollan en las unidades productivas agropecuarias con el fin de generar alimentos y materias primas para la satisfacci\u00f3n de necesidades humanas e industriales.","robots":{"index":"index","follow":"follow","max-snippet":"max-snippet:-1","max-image-preview":"max-image-preview:large","max-video-preview":"max-video-preview:-1"},"canonical":"https:\/\/www.ucf.edu.cu\/?page_id=1520","og_locale":"es_ES","og_type":"article","og_title":"Ingenier\u00eda en Agronom\u00eda | Universidad de Cienfuegos","og_description":"La agronomia estuida la gesti\u00f3n eficiente de los procesos que se desarrollan en las unidades productivas agropecuarias con el fin de generar alimentos y materias primas para la satisfacci\u00f3n de necesidades humanas e industriales.","og_url":"https:\/\/www.ucf.edu.cu\/?page_id=1520","og_site_name":"Universidad de Cienfuegos","article_publisher":"https:\/\/www.facebook.com\/ucfgos\/","article_modified_time":"2023-06-07T16:41:08+00:00","og_image":[{"width":2560,"height":951,"url":"https:\/\/www.ucf.edu.cu\/wp-content\/uploads\/2024\/01\/Logo_UCf-scaled-1.jpg","type":"image\/jpeg"}],"twitter_card":"summary_large_image","twitter_site":"@ucfgos","twitter_misc":{"Tiempo de lectura":"2 minutos"},"schema":{"@context":"https:\/\/schema.org","@graph":[{"@type":"WebPage","@id":"https:\/\/www.ucf.edu.cu\/?page_id=1520","url":"https:\/\/www.ucf.edu.cu\/?page_id=1520","name":"Ingenier\u00eda en Agronom\u00eda | Universidad de Cienfuegos","isPartOf":{"@id":"https:\/\/www.ucf.edu.cu\/#website"},"datePublished":"2019-04-02T14:35:38+00:00","dateModified":"2023-06-07T16:41:08+00:00","description":"La agronomia estuida la gesti\u00f3n eficiente de los procesos que se desarrollan en las unidades productivas agropecuarias con el fin de generar alimentos y materias primas para la satisfacci\u00f3n de necesidades humanas e industriales.","breadcrumb":{"@id":"https:\/\/www.ucf.edu.cu\/?page_id=1520#breadcrumb"},"inLanguage":"es","potentialAction":[{"@type":"ReadAction","target":["https:\/\/www.ucf.edu.cu\/?page_id=1520"]}]},{"@type":"BreadcrumbList","@id":"https:\/\/www.ucf.edu.cu\/?page_id=1520#breadcrumb","itemListElement":[{"@type":"ListItem","position":1,"name":"Portada","item":"https:\/\/www.ucf.edu.cu\/"},{"@type":"ListItem","position":2,"name":"Ingenier\u00eda en Agronom\u00eda"}]},{"@type":"WebSite","@id":"https:\/\/www.ucf.edu.cu\/#website","url":"https:\/\/www.ucf.edu.cu\/","name":"Universidad de Cienfuegos","description":"Portal Web Universidad de Cienfuegos","publisher":{"@id":"https:\/\/www.ucf.edu.cu\/#organization"},"alternateName":"Portal institucional de la UCf","potentialAction":[{"@type":"SearchAction","target":{"@type":"EntryPoint","urlTemplate":"https:\/\/www.ucf.edu.cu\/?s={search_term_string}"},"query-input":{"@type":"PropertyValueSpecification","valueRequired":true,"valueName":"search_term_string"}}],"inLanguage":"es"},{"@type":"Organization","@id":"https:\/\/www.ucf.edu.cu\/#organization","name":"Universidad de Cienfuegos","url":"https:\/\/www.ucf.edu.cu\/","logo":{"@type":"ImageObject","inLanguage":"es","@id":"https:\/\/www.ucf.edu.cu\/#\/schema\/logo\/image\/","url":"https:\/\/www.ucf.edu.cu\/wp-content\/uploads\/2020\/11\/fe77b047cf65bbf66915926fa3c00c93_L.jpg","contentUrl":"https:\/\/www.ucf.edu.cu\/wp-content\/uploads\/2020\/11\/fe77b047cf65bbf66915926fa3c00c93_L.jpg","width":1000,"height":763,"caption":"Universidad de Cienfuegos"},"image":{"@id":"https:\/\/www.ucf.edu.cu\/#\/schema\/logo\/image\/"},"sameAs":["https:\/\/www.facebook.com\/ucfgos\/","https:\/\/x.com\/ucfgos","https:\/\/www.instagram.com\/ucfgos","https:\/\/www.youtube.com\/channel\/UCymAZYZHmPzh48cHLG6Nx4A"]}]}},"_links":{"self":[{"href":"https:\/\/www.ucf.edu.cu\/index.php?rest_route=\/wp\/v2\/pages\/1520","targetHints":{"allow":["GET"]}}],"collection":[{"href":"https:\/\/www.ucf.edu.cu\/index.php?rest_route=\/wp\/v2\/pages"}],"about":[{"href":"https:\/\/www.ucf.edu.cu\/index.php?rest_route=\/wp\/v2\/types\/page"}],"author":[{"embeddable":true,"href":"https:\/\/www.ucf.edu.cu\/index.php?rest_route=\/wp\/v2\/users\/1"}],"replies":[{"embeddable":true,"href":"https:\/\/www.ucf.edu.cu\/index.php?rest_route=%2Fwp%2Fv2%2Fcomments&post=1520"}],"version-history":[{"count":7,"href":"https:\/\/www.ucf.edu.cu\/index.php?rest_route=\/wp\/v2\/pages\/1520\/revisions"}],"predecessor-version":[{"id":13284,"href":"https:\/\/www.ucf.edu.cu\/index.php?rest_route=\/wp\/v2\/pages\/1520\/revisions\/13284"}],"wp:attachment":[{"href":"https:\/\/www.ucf.edu.cu\/index.php?rest_route=%2Fwp%2Fv2%2Fmedia&parent=1520"}],"curies":[{"name":"wp","href":"https:\/\/api.w.org\/{rel}","templated":true}]}}