{"id":1529,"date":"2019-04-02T14:39:46","date_gmt":"2019-04-02T14:39:46","guid":{"rendered":"http:\/\/intra.ucf.edu.cu\/?page_id=1529"},"modified":"2020-10-15T16:20:36","modified_gmt":"2020-10-15T16:20:36","slug":"ingenieria-en-procesos-agroindustriales","status":"publish","type":"page","link":"https:\/\/www.ucf.edu.cu\/?page_id=1529","title":{"rendered":"Ingenier\u00eda en Procesos Agroindustriales"},"content":{"rendered":"\t\t<div data-elementor-type=\"wp-page\" data-elementor-id=\"1529\" class=\"elementor elementor-1529\">\n\t\t\t\t\t\t<section class=\"elementor-section elementor-top-section elementor-element elementor-element-a9fb014 elementor-section-boxed elementor-section-height-default elementor-section-height-default\" data-id=\"a9fb014\" data-element_type=\"section\" data-e-type=\"section\">\n\t\t\t\t\t\t<div class=\"elementor-container elementor-column-gap-default\">\n\t\t\t\t\t<div class=\"elementor-column elementor-col-100 elementor-top-column elementor-element elementor-element-62a801e\" data-id=\"62a801e\" data-element_type=\"column\" data-e-type=\"column\">\n\t\t\t<div class=\"elementor-widget-wrap elementor-element-populated\">\n\t\t\t\t\t\t<div class=\"elementor-element elementor-element-7f32852 elementor-widget elementor-widget-text-editor\" data-id=\"7f32852\" data-element_type=\"widget\" data-e-type=\"widget\" data-widget_type=\"text-editor.default\">\n\t\t\t\t<div class=\"elementor-widget-container\">\n\t\t\t\t\t\t\t\t\t<div class=\"itemFullText\">\n<p><strong>Modalidad de Estudio:<\/strong> Semipresencial<\/p>\n<p><strong>Tipo de curso:<\/strong> Curso por encuentro<\/p>\n<p><strong>A\u00f1os de estudio: <\/strong>5 a\u00f1os<\/p>\n<p>\u00a0<\/p>\n<p><strong>Objeto de la profesi\u00f3n<\/strong><\/p>\n<p>La administraci\u00f3n de los sistemas de ingenier\u00eda para los procesos tecnol\u00f3gicos y biotecnol\u00f3gicos de la producci\u00f3n agroindustrial sostenible. Tecnolog\u00edas de producci\u00f3n de ca\u00f1a, caf\u00e9 y tabaco, de cultivos varios y pecuarias; de beneficios y conservaci\u00f3n de las materias primas agropecuarias y de su transformaci\u00f3n industrial, en base a la eficiencia, la calidad y la protecci\u00f3n de los recursos naturales y el medio ambiente en los eslabones de base.<\/p>\n<p>Los sistemas de ingenier\u00eda se definen como la interacci\u00f3n multidisciplinaria y coherente de los principales conjuntos de elementos de las diferentes t\u00e9cnicas y tecnolog\u00edas modernas que garantizan la producci\u00f3n agroindustrial sostenible.<\/p>\n<p>\u00a0<\/p>\n<p><strong>Campos de acci\u00f3n<\/strong><\/p>\n<p>En los siguientes se manifiestan los m\u00e9todos de esta ingenier\u00eda:<\/p>\n<ul>\n<li>Las ciencias en la ingenier\u00eda agroindustrial<\/li>\n<li>Los procesos tecnol\u00f3gicos y biotecnol\u00f3gicos de la producci\u00f3n agroindustrial sostenible<\/li>\n<li>La contribuci\u00f3n al perfeccionamiento de los principales elementos de los sistemas de ingenier\u00eda para los procesos tecnol\u00f3gicos y biotecnol\u00f3gicos de la producci\u00f3n agroindustrial sostenible en sus unidades de base<\/li>\n<li>La preservaci\u00f3n de los recursos naturales y el medio ambiente<\/li>\n<li>Los fundamentos pedag\u00f3gicos y did\u00e1cticos.<\/li>\n<\/ul>\n<p>\u00a0<\/p>\n<p><strong>Modo de actuaci\u00f3n del profesional<\/strong><\/p>\n<p>La eficiente gesti\u00f3n administrativa, econ\u00f3mica y productiva de los sistemas de ingenier\u00eda para los procesos tecnol\u00f3gicos y biotecnol\u00f3gicos de la producci\u00f3n agroindustrial sostenible, utilizar eficientemente y preservar los recursos naturales y el medio ambiente y ejercer la docencia en el sistema de educaci\u00f3n media y superior.<\/p>\n<p>\u00a0<\/p>\n<p><strong>Esferas de actuaci\u00f3n<\/strong><\/p>\n<ul>\n<li>Procesos tecnol\u00f3gicos agropecuarios.<\/li>\n<li>Procesos tecnol\u00f3gicos agroindustriales.<\/li>\n<\/ul>\n<ul>\n<li>Procesos de beneficio y conservaci\u00f3n de las materias primas agropecuarias.<\/li>\n<li>Preservaci\u00f3n de los recursos naturales y el medio ambiente.<\/li>\n<\/ul>\n<p>\u00a0<\/p>\n<p><strong>Principales funciones profesionales que debe realizar el egresado de esta Carrera<\/strong>:<\/p>\n<ul>\n<li>La administraci\u00f3n de los sistemas de ingenier\u00eda en las unidades de base de la producci\u00f3n agroindustrial<\/li>\n<li>La selecci\u00f3n de los sistemas de ingenier\u00eda m\u00e1s convenientes para la ejecuci\u00f3n de los distintos procesos, labores y operaciones productivas agroindustriales, preservando los recursos naturales y el medio ambiente<\/li>\n<li>La organizaci\u00f3n y operaci\u00f3n de los sistemas de ingenier\u00eda para las instalaciones agroindustriales<\/li>\n<li>La ejecuci\u00f3n y control de las programaciones para la utilizaci\u00f3n de los sistemas de ingenier\u00eda agroindustrial con alta productividad y bajos costos<\/li>\n<li>El an\u00e1lisis de los problemas existentes para el empleo de los sistemas de ingenier\u00eda en las distintas tecnolog\u00edas agroindustriales, aportando soluciones a los procesos no resueltos<\/li>\n<li>El mantenimiento de la capacidad de trabajo de los sistemas de ingenier\u00eda agroindustrial<\/li>\n<li>La aplicaci\u00f3n de los sistemas econ\u00f3micos y de administraci\u00f3n para los procesos tecnol\u00f3gicos y biotecnol\u00f3gicos en los sistemas de ingenier\u00eda de la producci\u00f3n agroindustrial<\/li>\n<li>La aplicaci\u00f3n y perfeccionamiento de las normas de trabajo en las diferentes labores, controlando y evaluando la calidad del trabajo, con el empleo eficiente del recurso humano<\/li>\n<li>La aplicaci\u00f3n de las t\u00e9cnicas de seguridad y las normas de protecci\u00f3n e higiene del trabajo<\/li>\n<li>El control y la evaluaci\u00f3n de la calidad de las labores realizadas con los sistemas de ingenier\u00eda agroindustrial, seg\u00fan las exigencias t\u00e9cnicas establecidas<\/li>\n<li>La interpretaci\u00f3n y an\u00e1lisis de los resultados del trabajo y la toma de decisiones que contribuyan a mejorar la disciplina tecnol\u00f3gica y laboral<\/li>\n<li>La participaci\u00f3n en los procesos de perfeccionamiento empresarial en las entidades agroindustriales de base<\/li>\n<li>La innovaci\u00f3n y transferencia de nuevas tecnolog\u00edas en los sistemas de ingenier\u00eda paralos procesos tecnol\u00f3gicos y biotecnol\u00f3gicos de la producci\u00f3n agroindustrial<\/li>\n<li>Participar en la docencia a los niveles medio y superior y en su formaci\u00f3n posgraduada<\/li>\n<\/ul>\n<\/div>\t\t\t\t\t\t\t\t<\/div>\n\t\t\t\t<\/div>\n\t\t\t\t\t<\/div>\n\t\t<\/div>\n\t\t\t\t\t<\/div>\n\t\t<\/section>\n\t\t\t\t<\/div>\n\t\t","protected":false},"excerpt":{"rendered":"<p>Modalidad de Estudio: Semipresencial Tipo de curso: Curso por encuentro A\u00f1os de estudio: 5 a\u00f1os Objeto de la profesi\u00f3n La administraci\u00f3n de los sistemas de ingenier\u00eda para los procesos tecnol\u00f3gicos y biotecnol\u00f3gicos<a class=\"moretag\" href=\"https:\/\/www.ucf.edu.cu\/?page_id=1529\">Leer m\u00e1s&#8230;<\/a><\/p>\n","protected":false},"author":1,"featured_media":0,"parent":0,"menu_order":0,"comment_status":"closed","ping_status":"closed","template":"page-intra.php","meta":{"footnotes":""},"class_list":["post-1529","page","type-page","status-publish","hentry"],"yoast_head":"<!-- This site is optimized with the Yoast SEO plugin v27.3 - https:\/\/yoast.com\/product\/yoast-seo-wordpress\/ -->\n<title>Procesos agroindustriales | Universidad de Cienfuegos<\/title>\n<meta name=\"robots\" content=\"index, follow, max-snippet:-1, max-image-preview:large, max-video-preview:-1\" \/>\n<link rel=\"canonical\" href=\"https:\/\/www.ucf.edu.cu\/?page_id=1529\" \/>\n<meta property=\"og:locale\" content=\"es_ES\" \/>\n<meta property=\"og:type\" content=\"article\" \/>\n<meta property=\"og:title\" content=\"Procesos agroindustriales | Universidad de Cienfuegos\" \/>\n<meta property=\"og:description\" content=\"Modalidad de Estudio: Semipresencial Tipo de curso: Curso por encuentro A\u00f1os de estudio: 5 a\u00f1os Objeto de la profesi\u00f3n La administraci\u00f3n de los sistemas de ingenier\u00eda para los procesos tecnol\u00f3gicos y biotecnol\u00f3gicosLeer m\u00e1s...\" \/>\n<meta property=\"og:url\" content=\"https:\/\/www.ucf.edu.cu\/?page_id=1529\" \/>\n<meta property=\"og:site_name\" content=\"Universidad de Cienfuegos\" \/>\n<meta property=\"article:publisher\" content=\"https:\/\/www.facebook.com\/ucfgos\/\" \/>\n<meta property=\"article:modified_time\" content=\"2020-10-15T16:20:36+00:00\" \/>\n<meta property=\"og:image\" content=\"https:\/\/www.ucf.edu.cu\/wp-content\/uploads\/2024\/01\/Logo_UCf-scaled-1.jpg\" \/>\n\t<meta property=\"og:image:width\" content=\"2560\" \/>\n\t<meta property=\"og:image:height\" content=\"951\" \/>\n\t<meta property=\"og:image:type\" content=\"image\/jpeg\" \/>\n<meta name=\"twitter:card\" content=\"summary_large_image\" \/>\n<meta name=\"twitter:site\" content=\"@ucfgos\" \/>\n<meta name=\"twitter:label1\" content=\"Tiempo de lectura\" \/>\n\t<meta name=\"twitter:data1\" content=\"3 minutos\" \/>\n<script type=\"application\/ld+json\" class=\"yoast-schema-graph\">{\"@context\":\"https:\\\/\\\/schema.org\",\"@graph\":[{\"@type\":\"WebPage\",\"@id\":\"https:\\\/\\\/www.ucf.edu.cu\\\/?page_id=1529\",\"url\":\"https:\\\/\\\/www.ucf.edu.cu\\\/?page_id=1529\",\"name\":\"Procesos agroindustriales | Universidad de Cienfuegos\",\"isPartOf\":{\"@id\":\"https:\\\/\\\/www.ucf.edu.cu\\\/#website\"},\"datePublished\":\"2019-04-02T14:39:46+00:00\",\"dateModified\":\"2020-10-15T16:20:36+00:00\",\"breadcrumb\":{\"@id\":\"https:\\\/\\\/www.ucf.edu.cu\\\/?page_id=1529#breadcrumb\"},\"inLanguage\":\"es\",\"potentialAction\":[{\"@type\":\"ReadAction\",\"target\":[\"https:\\\/\\\/www.ucf.edu.cu\\\/?page_id=1529\"]}]},{\"@type\":\"BreadcrumbList\",\"@id\":\"https:\\\/\\\/www.ucf.edu.cu\\\/?page_id=1529#breadcrumb\",\"itemListElement\":[{\"@type\":\"ListItem\",\"position\":1,\"name\":\"Portada\",\"item\":\"https:\\\/\\\/www.ucf.edu.cu\\\/\"},{\"@type\":\"ListItem\",\"position\":2,\"name\":\"Ingenier\u00eda en Procesos Agroindustriales\"}]},{\"@type\":\"WebSite\",\"@id\":\"https:\\\/\\\/www.ucf.edu.cu\\\/#website\",\"url\":\"https:\\\/\\\/www.ucf.edu.cu\\\/\",\"name\":\"Universidad de Cienfuegos\",\"description\":\"Portal Web Universidad de Cienfuegos\",\"publisher\":{\"@id\":\"https:\\\/\\\/www.ucf.edu.cu\\\/#organization\"},\"alternateName\":\"Portal institucional de la UCf\",\"potentialAction\":[{\"@type\":\"SearchAction\",\"target\":{\"@type\":\"EntryPoint\",\"urlTemplate\":\"https:\\\/\\\/www.ucf.edu.cu\\\/?s={search_term_string}\"},\"query-input\":{\"@type\":\"PropertyValueSpecification\",\"valueRequired\":true,\"valueName\":\"search_term_string\"}}],\"inLanguage\":\"es\"},{\"@type\":\"Organization\",\"@id\":\"https:\\\/\\\/www.ucf.edu.cu\\\/#organization\",\"name\":\"Universidad de Cienfuegos\",\"url\":\"https:\\\/\\\/www.ucf.edu.cu\\\/\",\"logo\":{\"@type\":\"ImageObject\",\"inLanguage\":\"es\",\"@id\":\"https:\\\/\\\/www.ucf.edu.cu\\\/#\\\/schema\\\/logo\\\/image\\\/\",\"url\":\"https:\\\/\\\/www.ucf.edu.cu\\\/wp-content\\\/uploads\\\/2020\\\/11\\\/fe77b047cf65bbf66915926fa3c00c93_L.jpg\",\"contentUrl\":\"https:\\\/\\\/www.ucf.edu.cu\\\/wp-content\\\/uploads\\\/2020\\\/11\\\/fe77b047cf65bbf66915926fa3c00c93_L.jpg\",\"width\":1000,\"height\":763,\"caption\":\"Universidad de Cienfuegos\"},\"image\":{\"@id\":\"https:\\\/\\\/www.ucf.edu.cu\\\/#\\\/schema\\\/logo\\\/image\\\/\"},\"sameAs\":[\"https:\\\/\\\/www.facebook.com\\\/ucfgos\\\/\",\"https:\\\/\\\/x.com\\\/ucfgos\",\"https:\\\/\\\/www.instagram.com\\\/ucfgos\",\"https:\\\/\\\/www.youtube.com\\\/channel\\\/UCymAZYZHmPzh48cHLG6Nx4A\"]}]}<\/script>\n<!-- \/ Yoast SEO plugin. -->","yoast_head_json":{"title":"Procesos agroindustriales | Universidad de Cienfuegos","robots":{"index":"index","follow":"follow","max-snippet":"max-snippet:-1","max-image-preview":"max-image-preview:large","max-video-preview":"max-video-preview:-1"},"canonical":"https:\/\/www.ucf.edu.cu\/?page_id=1529","og_locale":"es_ES","og_type":"article","og_title":"Procesos agroindustriales | Universidad de Cienfuegos","og_description":"Modalidad de Estudio: Semipresencial Tipo de curso: Curso por encuentro A\u00f1os de estudio: 5 a\u00f1os Objeto de la profesi\u00f3n La administraci\u00f3n de los sistemas de ingenier\u00eda para los procesos tecnol\u00f3gicos y biotecnol\u00f3gicosLeer m\u00e1s...","og_url":"https:\/\/www.ucf.edu.cu\/?page_id=1529","og_site_name":"Universidad de Cienfuegos","article_publisher":"https:\/\/www.facebook.com\/ucfgos\/","article_modified_time":"2020-10-15T16:20:36+00:00","og_image":[{"width":2560,"height":951,"url":"https:\/\/www.ucf.edu.cu\/wp-content\/uploads\/2024\/01\/Logo_UCf-scaled-1.jpg","type":"image\/jpeg"}],"twitter_card":"summary_large_image","twitter_site":"@ucfgos","twitter_misc":{"Tiempo de lectura":"3 minutos"},"schema":{"@context":"https:\/\/schema.org","@graph":[{"@type":"WebPage","@id":"https:\/\/www.ucf.edu.cu\/?page_id=1529","url":"https:\/\/www.ucf.edu.cu\/?page_id=1529","name":"Procesos agroindustriales | Universidad de Cienfuegos","isPartOf":{"@id":"https:\/\/www.ucf.edu.cu\/#website"},"datePublished":"2019-04-02T14:39:46+00:00","dateModified":"2020-10-15T16:20:36+00:00","breadcrumb":{"@id":"https:\/\/www.ucf.edu.cu\/?page_id=1529#breadcrumb"},"inLanguage":"es","potentialAction":[{"@type":"ReadAction","target":["https:\/\/www.ucf.edu.cu\/?page_id=1529"]}]},{"@type":"BreadcrumbList","@id":"https:\/\/www.ucf.edu.cu\/?page_id=1529#breadcrumb","itemListElement":[{"@type":"ListItem","position":1,"name":"Portada","item":"https:\/\/www.ucf.edu.cu\/"},{"@type":"ListItem","position":2,"name":"Ingenier\u00eda en Procesos Agroindustriales"}]},{"@type":"WebSite","@id":"https:\/\/www.ucf.edu.cu\/#website","url":"https:\/\/www.ucf.edu.cu\/","name":"Universidad de Cienfuegos","description":"Portal Web Universidad de Cienfuegos","publisher":{"@id":"https:\/\/www.ucf.edu.cu\/#organization"},"alternateName":"Portal institucional de la UCf","potentialAction":[{"@type":"SearchAction","target":{"@type":"EntryPoint","urlTemplate":"https:\/\/www.ucf.edu.cu\/?s={search_term_string}"},"query-input":{"@type":"PropertyValueSpecification","valueRequired":true,"valueName":"search_term_string"}}],"inLanguage":"es"},{"@type":"Organization","@id":"https:\/\/www.ucf.edu.cu\/#organization","name":"Universidad de Cienfuegos","url":"https:\/\/www.ucf.edu.cu\/","logo":{"@type":"ImageObject","inLanguage":"es","@id":"https:\/\/www.ucf.edu.cu\/#\/schema\/logo\/image\/","url":"https:\/\/www.ucf.edu.cu\/wp-content\/uploads\/2020\/11\/fe77b047cf65bbf66915926fa3c00c93_L.jpg","contentUrl":"https:\/\/www.ucf.edu.cu\/wp-content\/uploads\/2020\/11\/fe77b047cf65bbf66915926fa3c00c93_L.jpg","width":1000,"height":763,"caption":"Universidad de Cienfuegos"},"image":{"@id":"https:\/\/www.ucf.edu.cu\/#\/schema\/logo\/image\/"},"sameAs":["https:\/\/www.facebook.com\/ucfgos\/","https:\/\/x.com\/ucfgos","https:\/\/www.instagram.com\/ucfgos","https:\/\/www.youtube.com\/channel\/UCymAZYZHmPzh48cHLG6Nx4A"]}]}},"_links":{"self":[{"href":"https:\/\/www.ucf.edu.cu\/index.php?rest_route=\/wp\/v2\/pages\/1529","targetHints":{"allow":["GET"]}}],"collection":[{"href":"https:\/\/www.ucf.edu.cu\/index.php?rest_route=\/wp\/v2\/pages"}],"about":[{"href":"https:\/\/www.ucf.edu.cu\/index.php?rest_route=\/wp\/v2\/types\/page"}],"author":[{"embeddable":true,"href":"https:\/\/www.ucf.edu.cu\/index.php?rest_route=\/wp\/v2\/users\/1"}],"replies":[{"embeddable":true,"href":"https:\/\/www.ucf.edu.cu\/index.php?rest_route=%2Fwp%2Fv2%2Fcomments&post=1529"}],"version-history":[{"count":4,"href":"https:\/\/www.ucf.edu.cu\/index.php?rest_route=\/wp\/v2\/pages\/1529\/revisions"}],"predecessor-version":[{"id":1538,"href":"https:\/\/www.ucf.edu.cu\/index.php?rest_route=\/wp\/v2\/pages\/1529\/revisions\/1538"}],"wp:attachment":[{"href":"https:\/\/www.ucf.edu.cu\/index.php?rest_route=%2Fwp%2Fv2%2Fmedia&parent=1529"}],"curies":[{"name":"wp","href":"https:\/\/api.w.org\/{rel}","templated":true}]}}