{"id":2018,"date":"2019-04-24T18:24:00","date_gmt":"2019-04-24T18:24:00","guid":{"rendered":"http:\/\/intra.ucf.edu.cu\/?page_id=2018"},"modified":"2019-04-24T18:26:56","modified_gmt":"2019-04-24T18:26:56","slug":"licenciatura-en-educacion-geografia","status":"publish","type":"page","link":"https:\/\/www.ucf.edu.cu\/?page_id=2018","title":{"rendered":"Licenciatura en Educaci\u00f3n Geograf\u00eda"},"content":{"rendered":"\t\t<div data-elementor-type=\"wp-page\" data-elementor-id=\"2018\" class=\"elementor elementor-2018\">\n\t\t\t\t\t\t<section class=\"elementor-section elementor-top-section elementor-element elementor-element-8867160 elementor-section-boxed elementor-section-height-default elementor-section-height-default\" data-id=\"8867160\" data-element_type=\"section\" data-e-type=\"section\">\n\t\t\t\t\t\t<div class=\"elementor-container elementor-column-gap-default\">\n\t\t\t\t\t<div class=\"elementor-column elementor-col-100 elementor-top-column elementor-element elementor-element-4ae3de8\" data-id=\"4ae3de8\" data-element_type=\"column\" data-e-type=\"column\">\n\t\t\t<div class=\"elementor-widget-wrap elementor-element-populated\">\n\t\t\t\t\t\t<div class=\"elementor-element elementor-element-cb8802f elementor-widget elementor-widget-text-editor\" data-id=\"cb8802f\" data-element_type=\"widget\" data-e-type=\"widget\" data-widget_type=\"text-editor.default\">\n\t\t\t\t<div class=\"elementor-widget-container\">\n\t\t\t\t\t\t\t\t\t<div class=\"itemFullText\"><p><strong>Modalidad de Estudio:<\/strong> Semipresencial<\/p><p><strong>Tipo de curso:<\/strong> Curso por encuentro<\/p><p><strong>A\u00f1os de estudio: <\/strong>5 a\u00f1os<\/p><p><strong>Objeto de la profesi\u00f3n:<\/strong><\/p><p>La carrera de Licenciatura en Educaci\u00f3n. Geograf\u00eda debe potenciar la formaci\u00f3n del personal docente capaz de contribuir con su modo de actuaci\u00f3n profesional a elevar la calidad y el rigor del proceso de ense\u00f1anza-aprendizaje de la Geograf\u00eda escolar y as\u00ed dar una respuesta positiva a las necesidades de los centros educativos de secundaria b\u00e1sica y preuniversitario, fortaleciendo la funci\u00f3n del profesor frente al aula.<\/p><p><strong>Modo de actuaci\u00f3n:<\/strong><\/p><p>El modo de actuaci\u00f3n y objeto de trabajo concreto de esta carrera es el proceso de ense\u00f1anza-aprendizaje de la Geograf\u00eda; conviene apuntar un grupo de saberes geogr\u00e1ficos esenciales, como el relativo al conocimiento y la comprensi\u00f3n geogr\u00e1fica de las relaciones entre los componentes naturales y socioecon\u00f3micos principales del planeta, as\u00ed como conceptos espaciales claves que ayudan a comprender las realidades del mundo actual: localizaci\u00f3n, distribuci\u00f3n, distancia, movimiento, regi\u00f3n, escala, asociaci\u00f3n espacial, interacci\u00f3n espacial y cambios a lo largo del tiempo. No menos importante resulta la consolidaci\u00f3n de habilidades geogr\u00e1ficas como las de comunicaci\u00f3n y razonamiento para explorar temas geogr\u00e1ficos en un rango de niveles desde lo local, lo nacional, lo regional y lo planetario.<\/p><\/div>\t\t\t\t\t\t\t\t<\/div>\n\t\t\t\t<\/div>\n\t\t\t\t\t<\/div>\n\t\t<\/div>\n\t\t\t\t\t<\/div>\n\t\t<\/section>\n\t\t\t\t<\/div>\n\t\t","protected":false},"excerpt":{"rendered":"<p>Modalidad de Estudio: Semipresencial Tipo de curso: Curso por encuentro A\u00f1os de estudio: 5 a\u00f1os Objeto de la profesi\u00f3n: La carrera de Licenciatura en Educaci\u00f3n. Geograf\u00eda debe potenciar la formaci\u00f3n del personal<a class=\"moretag\" href=\"https:\/\/www.ucf.edu.cu\/?page_id=2018\">Leer m\u00e1s&#8230;<\/a><\/p>\n","protected":false},"author":6,"featured_media":0,"parent":0,"menu_order":0,"comment_status":"closed","ping_status":"closed","template":"page-intra.php","meta":{"footnotes":""},"class_list":["post-2018","page","type-page","status-publish","hentry"],"yoast_head":"<!-- This site is optimized with the Yoast SEO plugin v27.3 - https:\/\/yoast.com\/product\/yoast-seo-wordpress\/ -->\n<title>educacion_geografia<\/title>\n<meta name=\"robots\" content=\"index, follow, max-snippet:-1, max-image-preview:large, max-video-preview:-1\" \/>\n<link rel=\"canonical\" href=\"https:\/\/www.ucf.edu.cu\/?page_id=2018\" \/>\n<meta property=\"og:locale\" content=\"es_ES\" \/>\n<meta property=\"og:type\" content=\"article\" \/>\n<meta property=\"og:title\" content=\"educacion_geografia\" \/>\n<meta property=\"og:description\" content=\"Modalidad de Estudio: Semipresencial Tipo de curso: Curso por encuentro A\u00f1os de estudio: 5 a\u00f1os Objeto de la profesi\u00f3n: La carrera de Licenciatura en Educaci\u00f3n. Geograf\u00eda debe potenciar la formaci\u00f3n del personalLeer m\u00e1s...\" \/>\n<meta property=\"og:url\" content=\"https:\/\/www.ucf.edu.cu\/?page_id=2018\" \/>\n<meta property=\"og:site_name\" content=\"Universidad de Cienfuegos\" \/>\n<meta property=\"article:publisher\" content=\"https:\/\/www.facebook.com\/ucfgos\/\" \/>\n<meta property=\"article:modified_time\" content=\"2019-04-24T18:26:56+00:00\" \/>\n<meta property=\"og:image\" content=\"https:\/\/www.ucf.edu.cu\/wp-content\/uploads\/2024\/01\/Logo_UCf-scaled-1.jpg\" \/>\n\t<meta property=\"og:image:width\" content=\"2560\" \/>\n\t<meta property=\"og:image:height\" content=\"951\" \/>\n\t<meta property=\"og:image:type\" content=\"image\/jpeg\" \/>\n<meta name=\"twitter:card\" content=\"summary_large_image\" \/>\n<meta name=\"twitter:site\" content=\"@ucfgos\" \/>\n<meta name=\"twitter:label1\" content=\"Tiempo de lectura\" \/>\n\t<meta name=\"twitter:data1\" content=\"1 minuto\" \/>\n<script type=\"application\/ld+json\" class=\"yoast-schema-graph\">{\"@context\":\"https:\\\/\\\/schema.org\",\"@graph\":[{\"@type\":\"WebPage\",\"@id\":\"https:\\\/\\\/www.ucf.edu.cu\\\/?page_id=2018\",\"url\":\"https:\\\/\\\/www.ucf.edu.cu\\\/?page_id=2018\",\"name\":\"educacion_geografia\",\"isPartOf\":{\"@id\":\"https:\\\/\\\/www.ucf.edu.cu\\\/#website\"},\"datePublished\":\"2019-04-24T18:24:00+00:00\",\"dateModified\":\"2019-04-24T18:26:56+00:00\",\"breadcrumb\":{\"@id\":\"https:\\\/\\\/www.ucf.edu.cu\\\/?page_id=2018#breadcrumb\"},\"inLanguage\":\"es\",\"potentialAction\":[{\"@type\":\"ReadAction\",\"target\":[\"https:\\\/\\\/www.ucf.edu.cu\\\/?page_id=2018\"]}]},{\"@type\":\"BreadcrumbList\",\"@id\":\"https:\\\/\\\/www.ucf.edu.cu\\\/?page_id=2018#breadcrumb\",\"itemListElement\":[{\"@type\":\"ListItem\",\"position\":1,\"name\":\"Portada\",\"item\":\"https:\\\/\\\/www.ucf.edu.cu\\\/\"},{\"@type\":\"ListItem\",\"position\":2,\"name\":\"Licenciatura en Educaci\u00f3n Geograf\u00eda\"}]},{\"@type\":\"WebSite\",\"@id\":\"https:\\\/\\\/www.ucf.edu.cu\\\/#website\",\"url\":\"https:\\\/\\\/www.ucf.edu.cu\\\/\",\"name\":\"Universidad de Cienfuegos\",\"description\":\"Portal Web Universidad de Cienfuegos\",\"publisher\":{\"@id\":\"https:\\\/\\\/www.ucf.edu.cu\\\/#organization\"},\"alternateName\":\"Portal institucional de la UCf\",\"potentialAction\":[{\"@type\":\"SearchAction\",\"target\":{\"@type\":\"EntryPoint\",\"urlTemplate\":\"https:\\\/\\\/www.ucf.edu.cu\\\/?s={search_term_string}\"},\"query-input\":{\"@type\":\"PropertyValueSpecification\",\"valueRequired\":true,\"valueName\":\"search_term_string\"}}],\"inLanguage\":\"es\"},{\"@type\":\"Organization\",\"@id\":\"https:\\\/\\\/www.ucf.edu.cu\\\/#organization\",\"name\":\"Universidad de Cienfuegos\",\"url\":\"https:\\\/\\\/www.ucf.edu.cu\\\/\",\"logo\":{\"@type\":\"ImageObject\",\"inLanguage\":\"es\",\"@id\":\"https:\\\/\\\/www.ucf.edu.cu\\\/#\\\/schema\\\/logo\\\/image\\\/\",\"url\":\"https:\\\/\\\/www.ucf.edu.cu\\\/wp-content\\\/uploads\\\/2020\\\/11\\\/fe77b047cf65bbf66915926fa3c00c93_L.jpg\",\"contentUrl\":\"https:\\\/\\\/www.ucf.edu.cu\\\/wp-content\\\/uploads\\\/2020\\\/11\\\/fe77b047cf65bbf66915926fa3c00c93_L.jpg\",\"width\":1000,\"height\":763,\"caption\":\"Universidad de Cienfuegos\"},\"image\":{\"@id\":\"https:\\\/\\\/www.ucf.edu.cu\\\/#\\\/schema\\\/logo\\\/image\\\/\"},\"sameAs\":[\"https:\\\/\\\/www.facebook.com\\\/ucfgos\\\/\",\"https:\\\/\\\/x.com\\\/ucfgos\",\"https:\\\/\\\/www.instagram.com\\\/ucfgos\",\"https:\\\/\\\/www.youtube.com\\\/channel\\\/UCymAZYZHmPzh48cHLG6Nx4A\"]}]}<\/script>\n<!-- \/ Yoast SEO plugin. -->","yoast_head_json":{"title":"educacion_geografia","robots":{"index":"index","follow":"follow","max-snippet":"max-snippet:-1","max-image-preview":"max-image-preview:large","max-video-preview":"max-video-preview:-1"},"canonical":"https:\/\/www.ucf.edu.cu\/?page_id=2018","og_locale":"es_ES","og_type":"article","og_title":"educacion_geografia","og_description":"Modalidad de Estudio: Semipresencial Tipo de curso: Curso por encuentro A\u00f1os de estudio: 5 a\u00f1os Objeto de la profesi\u00f3n: La carrera de Licenciatura en Educaci\u00f3n. Geograf\u00eda debe potenciar la formaci\u00f3n del personalLeer m\u00e1s...","og_url":"https:\/\/www.ucf.edu.cu\/?page_id=2018","og_site_name":"Universidad de Cienfuegos","article_publisher":"https:\/\/www.facebook.com\/ucfgos\/","article_modified_time":"2019-04-24T18:26:56+00:00","og_image":[{"width":2560,"height":951,"url":"https:\/\/www.ucf.edu.cu\/wp-content\/uploads\/2024\/01\/Logo_UCf-scaled-1.jpg","type":"image\/jpeg"}],"twitter_card":"summary_large_image","twitter_site":"@ucfgos","twitter_misc":{"Tiempo de lectura":"1 minuto"},"schema":{"@context":"https:\/\/schema.org","@graph":[{"@type":"WebPage","@id":"https:\/\/www.ucf.edu.cu\/?page_id=2018","url":"https:\/\/www.ucf.edu.cu\/?page_id=2018","name":"educacion_geografia","isPartOf":{"@id":"https:\/\/www.ucf.edu.cu\/#website"},"datePublished":"2019-04-24T18:24:00+00:00","dateModified":"2019-04-24T18:26:56+00:00","breadcrumb":{"@id":"https:\/\/www.ucf.edu.cu\/?page_id=2018#breadcrumb"},"inLanguage":"es","potentialAction":[{"@type":"ReadAction","target":["https:\/\/www.ucf.edu.cu\/?page_id=2018"]}]},{"@type":"BreadcrumbList","@id":"https:\/\/www.ucf.edu.cu\/?page_id=2018#breadcrumb","itemListElement":[{"@type":"ListItem","position":1,"name":"Portada","item":"https:\/\/www.ucf.edu.cu\/"},{"@type":"ListItem","position":2,"name":"Licenciatura en Educaci\u00f3n Geograf\u00eda"}]},{"@type":"WebSite","@id":"https:\/\/www.ucf.edu.cu\/#website","url":"https:\/\/www.ucf.edu.cu\/","name":"Universidad de Cienfuegos","description":"Portal Web Universidad de Cienfuegos","publisher":{"@id":"https:\/\/www.ucf.edu.cu\/#organization"},"alternateName":"Portal institucional de la UCf","potentialAction":[{"@type":"SearchAction","target":{"@type":"EntryPoint","urlTemplate":"https:\/\/www.ucf.edu.cu\/?s={search_term_string}"},"query-input":{"@type":"PropertyValueSpecification","valueRequired":true,"valueName":"search_term_string"}}],"inLanguage":"es"},{"@type":"Organization","@id":"https:\/\/www.ucf.edu.cu\/#organization","name":"Universidad de Cienfuegos","url":"https:\/\/www.ucf.edu.cu\/","logo":{"@type":"ImageObject","inLanguage":"es","@id":"https:\/\/www.ucf.edu.cu\/#\/schema\/logo\/image\/","url":"https:\/\/www.ucf.edu.cu\/wp-content\/uploads\/2020\/11\/fe77b047cf65bbf66915926fa3c00c93_L.jpg","contentUrl":"https:\/\/www.ucf.edu.cu\/wp-content\/uploads\/2020\/11\/fe77b047cf65bbf66915926fa3c00c93_L.jpg","width":1000,"height":763,"caption":"Universidad de Cienfuegos"},"image":{"@id":"https:\/\/www.ucf.edu.cu\/#\/schema\/logo\/image\/"},"sameAs":["https:\/\/www.facebook.com\/ucfgos\/","https:\/\/x.com\/ucfgos","https:\/\/www.instagram.com\/ucfgos","https:\/\/www.youtube.com\/channel\/UCymAZYZHmPzh48cHLG6Nx4A"]}]}},"_links":{"self":[{"href":"https:\/\/www.ucf.edu.cu\/index.php?rest_route=\/wp\/v2\/pages\/2018","targetHints":{"allow":["GET"]}}],"collection":[{"href":"https:\/\/www.ucf.edu.cu\/index.php?rest_route=\/wp\/v2\/pages"}],"about":[{"href":"https:\/\/www.ucf.edu.cu\/index.php?rest_route=\/wp\/v2\/types\/page"}],"author":[{"embeddable":true,"href":"https:\/\/www.ucf.edu.cu\/index.php?rest_route=\/wp\/v2\/users\/6"}],"replies":[{"embeddable":true,"href":"https:\/\/www.ucf.edu.cu\/index.php?rest_route=%2Fwp%2Fv2%2Fcomments&post=2018"}],"version-history":[{"count":3,"href":"https:\/\/www.ucf.edu.cu\/index.php?rest_route=\/wp\/v2\/pages\/2018\/revisions"}],"predecessor-version":[{"id":2022,"href":"https:\/\/www.ucf.edu.cu\/index.php?rest_route=\/wp\/v2\/pages\/2018\/revisions\/2022"}],"wp:attachment":[{"href":"https:\/\/www.ucf.edu.cu\/index.php?rest_route=%2Fwp%2Fv2%2Fmedia&parent=2018"}],"curies":[{"name":"wp","href":"https:\/\/api.w.org\/{rel}","templated":true}]}}