{"id":2039,"date":"2019-04-24T19:31:52","date_gmt":"2019-04-24T19:31:52","guid":{"rendered":"http:\/\/intra.ucf.edu.cu\/?page_id=2039"},"modified":"2019-04-24T19:34:40","modified_gmt":"2019-04-24T19:34:40","slug":"licenciatura-en-contabilidad-y-finanzas","status":"publish","type":"page","link":"https:\/\/www.ucf.edu.cu\/?page_id=2039","title":{"rendered":"Licenciatura en Contabilidad y Finanzas"},"content":{"rendered":"\t\t<div data-elementor-type=\"wp-page\" data-elementor-id=\"2039\" class=\"elementor elementor-2039\">\n\t\t\t\t\t\t<section class=\"elementor-section elementor-top-section elementor-element elementor-element-af79e8b elementor-section-boxed elementor-section-height-default elementor-section-height-default\" data-id=\"af79e8b\" data-element_type=\"section\" data-e-type=\"section\">\n\t\t\t\t\t\t<div class=\"elementor-container elementor-column-gap-default\">\n\t\t\t\t\t<div class=\"elementor-column elementor-col-100 elementor-top-column elementor-element elementor-element-118907c\" data-id=\"118907c\" data-element_type=\"column\" data-e-type=\"column\">\n\t\t\t<div class=\"elementor-widget-wrap elementor-element-populated\">\n\t\t\t\t\t\t<div class=\"elementor-element elementor-element-fd07c2b elementor-widget elementor-widget-text-editor\" data-id=\"fd07c2b\" data-element_type=\"widget\" data-e-type=\"widget\" data-widget_type=\"text-editor.default\">\n\t\t\t\t<div class=\"elementor-widget-container\">\n\t\t\t\t\t\t\t\t\t<div class=\"itemFullText\"><p><strong>Objeto de la Profesi\u00f3n<\/strong><\/p><p>El Licenciado en Contabilidad y Finanzas que egrese de nuestra universidad deber\u00e1 estar altamente calificado para resolver los problemas que presentan las ciencias contables y financieras en el mundo actual y particularmente en Cuba.<\/p><p><strong>Modo de Actuaci\u00f3n<\/strong><\/p><p>Se exige que el graduado sea capaz de estudiar, comprender y explicar los fen\u00f3menos contables y financieros del mundo actual, pues solo as\u00ed podr\u00e1 contribuir activa y creativamente a encontrar el balance que se desea entre la concepci\u00f3n nacional del proyecto de desarrollo socioecon\u00f3mico y las adecuaciones que ese medio requiera.<\/p><p><strong>Campos de Acci\u00f3n<\/strong><\/p><p>Un aspecto cardinal en el dise\u00f1o del modelo del profesional lo constituye la definici\u00f3n de los campos de acci\u00f3n del futuro egresado, es decir, en qu\u00e9 ramas del conocimiento deber\u00e1 profundizar.<\/p><p>El profesional de la contabilidad y las finanzas deber\u00e1, a tenor de los elementos antes se\u00f1alados, honrar el t\u00edtulo universitario trabajando con la \u00e9tica que la profesi\u00f3n exige en el campo de la contabilidad, tanto financiera como de gesti\u00f3n, las finanzas en sentido amplio, la direcci\u00f3n de los procesos contables y financieros, as\u00ed como la sistematizaci\u00f3n y la investigaci\u00f3n de estos y en el campo de la auditor\u00eda, aplicando en todos los casos las t\u00e9cnicas m\u00e1s modernas que se aplican en el mundo, propiciando a su vez el desarrollo de \u00e9stas en la realidad cubana.<\/p><p><strong>Esferas de Actuaci\u00f3n<\/strong><\/p><p>La preparaci\u00f3n del egresado en la licenciatura de Contabilidad y Finanzas, debe estar dirigida a garantizar su certera actuaci\u00f3n como profesional en las actividades econ\u00f3micas de cualquier nivel o sector de la econom\u00eda nacional y de su necesaria inserci\u00f3n dentro de la econom\u00eda mundial. En este aspecto se debe considerar como prioridades la administraci\u00f3n estatal y los sectores de la econom\u00eda nacional, tal es el caso de la industria, el turismo, el agropecuario, las comunicaciones, la construcci\u00f3n, el comercio, el transporte, etc. Tambi\u00e9n debe estar preparado para actuar con profesionalidad en sectores no productivos pero que por su alcance y magnitud demandan del pa\u00eds una considerable cantidad de recursos financieros, materiales y humanos para su gesti\u00f3n.<\/p><p>Otra esfera que por su esencial importancia para la revitalizaci\u00f3n de la econom\u00eda nacional y su inserci\u00f3n en la econom\u00eda mundial demanda que los egresados est\u00e9n completamente preparados, es el sistema financiero, que incluye las instituciones financieras bancarias y no bancarias.\u00a0 Debe ser capaz de desarrollar investigaciones en cualquiera de los campos de acci\u00f3n y puede actuar en la evaluaci\u00f3n y contabilizaci\u00f3n de los problemas ambientales.<\/p><\/div><p>.<\/p>\t\t\t\t\t\t\t\t<\/div>\n\t\t\t\t<\/div>\n\t\t\t\t\t<\/div>\n\t\t<\/div>\n\t\t\t\t\t<\/div>\n\t\t<\/section>\n\t\t\t\t<\/div>\n\t\t","protected":false},"excerpt":{"rendered":"<p>Objeto de la Profesi\u00f3n El Licenciado en Contabilidad y Finanzas que egrese de nuestra universidad deber\u00e1 estar altamente calificado para resolver los problemas que presentan las ciencias contables y financieras en el<a class=\"moretag\" href=\"https:\/\/www.ucf.edu.cu\/?page_id=2039\">Leer m\u00e1s&#8230;<\/a><\/p>\n","protected":false},"author":6,"featured_media":0,"parent":0,"menu_order":0,"comment_status":"closed","ping_status":"closed","template":"page-intra.php","meta":{"footnotes":""},"class_list":["post-2039","page","type-page","status-publish","hentry"],"yoast_head":"<!-- This site is optimized with the Yoast SEO plugin v27.3 - https:\/\/yoast.com\/product\/yoast-seo-wordpress\/ -->\n<title>Contabilidad | Universidad de Cienfuegos<\/title>\n<meta name=\"robots\" content=\"index, follow, max-snippet:-1, max-image-preview:large, max-video-preview:-1\" \/>\n<link rel=\"canonical\" href=\"https:\/\/www.ucf.edu.cu\/?page_id=2039\" \/>\n<meta property=\"og:locale\" content=\"es_ES\" \/>\n<meta property=\"og:type\" content=\"article\" \/>\n<meta property=\"og:title\" content=\"Contabilidad | Universidad de Cienfuegos\" \/>\n<meta property=\"og:description\" content=\"Objeto de la Profesi\u00f3n El Licenciado en Contabilidad y Finanzas que egrese de nuestra universidad deber\u00e1 estar altamente calificado para resolver los problemas que presentan las ciencias contables y financieras en elLeer m\u00e1s...\" \/>\n<meta property=\"og:url\" content=\"https:\/\/www.ucf.edu.cu\/?page_id=2039\" \/>\n<meta property=\"og:site_name\" content=\"Universidad de Cienfuegos\" \/>\n<meta property=\"article:publisher\" content=\"https:\/\/www.facebook.com\/ucfgos\/\" \/>\n<meta property=\"article:modified_time\" content=\"2019-04-24T19:34:40+00:00\" \/>\n<meta property=\"og:image\" content=\"https:\/\/www.ucf.edu.cu\/wp-content\/uploads\/2024\/01\/Logo_UCf-scaled-1.jpg\" \/>\n\t<meta property=\"og:image:width\" content=\"2560\" \/>\n\t<meta property=\"og:image:height\" content=\"951\" \/>\n\t<meta property=\"og:image:type\" content=\"image\/jpeg\" \/>\n<meta name=\"twitter:card\" content=\"summary_large_image\" \/>\n<meta name=\"twitter:site\" content=\"@ucfgos\" \/>\n<meta name=\"twitter:label1\" content=\"Tiempo de lectura\" \/>\n\t<meta name=\"twitter:data1\" content=\"2 minutos\" \/>\n<script type=\"application\/ld+json\" class=\"yoast-schema-graph\">{\"@context\":\"https:\\\/\\\/schema.org\",\"@graph\":[{\"@type\":\"WebPage\",\"@id\":\"https:\\\/\\\/www.ucf.edu.cu\\\/?page_id=2039\",\"url\":\"https:\\\/\\\/www.ucf.edu.cu\\\/?page_id=2039\",\"name\":\"Contabilidad | Universidad de Cienfuegos\",\"isPartOf\":{\"@id\":\"https:\\\/\\\/www.ucf.edu.cu\\\/#website\"},\"datePublished\":\"2019-04-24T19:31:52+00:00\",\"dateModified\":\"2019-04-24T19:34:40+00:00\",\"breadcrumb\":{\"@id\":\"https:\\\/\\\/www.ucf.edu.cu\\\/?page_id=2039#breadcrumb\"},\"inLanguage\":\"es\",\"potentialAction\":[{\"@type\":\"ReadAction\",\"target\":[\"https:\\\/\\\/www.ucf.edu.cu\\\/?page_id=2039\"]}]},{\"@type\":\"BreadcrumbList\",\"@id\":\"https:\\\/\\\/www.ucf.edu.cu\\\/?page_id=2039#breadcrumb\",\"itemListElement\":[{\"@type\":\"ListItem\",\"position\":1,\"name\":\"Portada\",\"item\":\"https:\\\/\\\/www.ucf.edu.cu\\\/\"},{\"@type\":\"ListItem\",\"position\":2,\"name\":\"Licenciatura en Contabilidad y Finanzas\"}]},{\"@type\":\"WebSite\",\"@id\":\"https:\\\/\\\/www.ucf.edu.cu\\\/#website\",\"url\":\"https:\\\/\\\/www.ucf.edu.cu\\\/\",\"name\":\"Universidad de Cienfuegos\",\"description\":\"Portal Web Universidad de Cienfuegos\",\"publisher\":{\"@id\":\"https:\\\/\\\/www.ucf.edu.cu\\\/#organization\"},\"alternateName\":\"Portal institucional de la UCf\",\"potentialAction\":[{\"@type\":\"SearchAction\",\"target\":{\"@type\":\"EntryPoint\",\"urlTemplate\":\"https:\\\/\\\/www.ucf.edu.cu\\\/?s={search_term_string}\"},\"query-input\":{\"@type\":\"PropertyValueSpecification\",\"valueRequired\":true,\"valueName\":\"search_term_string\"}}],\"inLanguage\":\"es\"},{\"@type\":\"Organization\",\"@id\":\"https:\\\/\\\/www.ucf.edu.cu\\\/#organization\",\"name\":\"Universidad de Cienfuegos\",\"url\":\"https:\\\/\\\/www.ucf.edu.cu\\\/\",\"logo\":{\"@type\":\"ImageObject\",\"inLanguage\":\"es\",\"@id\":\"https:\\\/\\\/www.ucf.edu.cu\\\/#\\\/schema\\\/logo\\\/image\\\/\",\"url\":\"https:\\\/\\\/www.ucf.edu.cu\\\/wp-content\\\/uploads\\\/2020\\\/11\\\/fe77b047cf65bbf66915926fa3c00c93_L.jpg\",\"contentUrl\":\"https:\\\/\\\/www.ucf.edu.cu\\\/wp-content\\\/uploads\\\/2020\\\/11\\\/fe77b047cf65bbf66915926fa3c00c93_L.jpg\",\"width\":1000,\"height\":763,\"caption\":\"Universidad de Cienfuegos\"},\"image\":{\"@id\":\"https:\\\/\\\/www.ucf.edu.cu\\\/#\\\/schema\\\/logo\\\/image\\\/\"},\"sameAs\":[\"https:\\\/\\\/www.facebook.com\\\/ucfgos\\\/\",\"https:\\\/\\\/x.com\\\/ucfgos\",\"https:\\\/\\\/www.instagram.com\\\/ucfgos\",\"https:\\\/\\\/www.youtube.com\\\/channel\\\/UCymAZYZHmPzh48cHLG6Nx4A\"]}]}<\/script>\n<!-- \/ Yoast SEO plugin. -->","yoast_head_json":{"title":"Contabilidad | Universidad de Cienfuegos","robots":{"index":"index","follow":"follow","max-snippet":"max-snippet:-1","max-image-preview":"max-image-preview:large","max-video-preview":"max-video-preview:-1"},"canonical":"https:\/\/www.ucf.edu.cu\/?page_id=2039","og_locale":"es_ES","og_type":"article","og_title":"Contabilidad | Universidad de Cienfuegos","og_description":"Objeto de la Profesi\u00f3n El Licenciado en Contabilidad y Finanzas que egrese de nuestra universidad deber\u00e1 estar altamente calificado para resolver los problemas que presentan las ciencias contables y financieras en elLeer m\u00e1s...","og_url":"https:\/\/www.ucf.edu.cu\/?page_id=2039","og_site_name":"Universidad de Cienfuegos","article_publisher":"https:\/\/www.facebook.com\/ucfgos\/","article_modified_time":"2019-04-24T19:34:40+00:00","og_image":[{"width":2560,"height":951,"url":"https:\/\/www.ucf.edu.cu\/wp-content\/uploads\/2024\/01\/Logo_UCf-scaled-1.jpg","type":"image\/jpeg"}],"twitter_card":"summary_large_image","twitter_site":"@ucfgos","twitter_misc":{"Tiempo de lectura":"2 minutos"},"schema":{"@context":"https:\/\/schema.org","@graph":[{"@type":"WebPage","@id":"https:\/\/www.ucf.edu.cu\/?page_id=2039","url":"https:\/\/www.ucf.edu.cu\/?page_id=2039","name":"Contabilidad | Universidad de Cienfuegos","isPartOf":{"@id":"https:\/\/www.ucf.edu.cu\/#website"},"datePublished":"2019-04-24T19:31:52+00:00","dateModified":"2019-04-24T19:34:40+00:00","breadcrumb":{"@id":"https:\/\/www.ucf.edu.cu\/?page_id=2039#breadcrumb"},"inLanguage":"es","potentialAction":[{"@type":"ReadAction","target":["https:\/\/www.ucf.edu.cu\/?page_id=2039"]}]},{"@type":"BreadcrumbList","@id":"https:\/\/www.ucf.edu.cu\/?page_id=2039#breadcrumb","itemListElement":[{"@type":"ListItem","position":1,"name":"Portada","item":"https:\/\/www.ucf.edu.cu\/"},{"@type":"ListItem","position":2,"name":"Licenciatura en Contabilidad y Finanzas"}]},{"@type":"WebSite","@id":"https:\/\/www.ucf.edu.cu\/#website","url":"https:\/\/www.ucf.edu.cu\/","name":"Universidad de Cienfuegos","description":"Portal Web Universidad de Cienfuegos","publisher":{"@id":"https:\/\/www.ucf.edu.cu\/#organization"},"alternateName":"Portal institucional de la UCf","potentialAction":[{"@type":"SearchAction","target":{"@type":"EntryPoint","urlTemplate":"https:\/\/www.ucf.edu.cu\/?s={search_term_string}"},"query-input":{"@type":"PropertyValueSpecification","valueRequired":true,"valueName":"search_term_string"}}],"inLanguage":"es"},{"@type":"Organization","@id":"https:\/\/www.ucf.edu.cu\/#organization","name":"Universidad de Cienfuegos","url":"https:\/\/www.ucf.edu.cu\/","logo":{"@type":"ImageObject","inLanguage":"es","@id":"https:\/\/www.ucf.edu.cu\/#\/schema\/logo\/image\/","url":"https:\/\/www.ucf.edu.cu\/wp-content\/uploads\/2020\/11\/fe77b047cf65bbf66915926fa3c00c93_L.jpg","contentUrl":"https:\/\/www.ucf.edu.cu\/wp-content\/uploads\/2020\/11\/fe77b047cf65bbf66915926fa3c00c93_L.jpg","width":1000,"height":763,"caption":"Universidad de Cienfuegos"},"image":{"@id":"https:\/\/www.ucf.edu.cu\/#\/schema\/logo\/image\/"},"sameAs":["https:\/\/www.facebook.com\/ucfgos\/","https:\/\/x.com\/ucfgos","https:\/\/www.instagram.com\/ucfgos","https:\/\/www.youtube.com\/channel\/UCymAZYZHmPzh48cHLG6Nx4A"]}]}},"_links":{"self":[{"href":"https:\/\/www.ucf.edu.cu\/index.php?rest_route=\/wp\/v2\/pages\/2039","targetHints":{"allow":["GET"]}}],"collection":[{"href":"https:\/\/www.ucf.edu.cu\/index.php?rest_route=\/wp\/v2\/pages"}],"about":[{"href":"https:\/\/www.ucf.edu.cu\/index.php?rest_route=\/wp\/v2\/types\/page"}],"author":[{"embeddable":true,"href":"https:\/\/www.ucf.edu.cu\/index.php?rest_route=\/wp\/v2\/users\/6"}],"replies":[{"embeddable":true,"href":"https:\/\/www.ucf.edu.cu\/index.php?rest_route=%2Fwp%2Fv2%2Fcomments&post=2039"}],"version-history":[{"count":3,"href":"https:\/\/www.ucf.edu.cu\/index.php?rest_route=\/wp\/v2\/pages\/2039\/revisions"}],"predecessor-version":[{"id":2043,"href":"https:\/\/www.ucf.edu.cu\/index.php?rest_route=\/wp\/v2\/pages\/2039\/revisions\/2043"}],"wp:attachment":[{"href":"https:\/\/www.ucf.edu.cu\/index.php?rest_route=%2Fwp%2Fv2%2Fmedia&parent=2039"}],"curies":[{"name":"wp","href":"https:\/\/api.w.org\/{rel}","templated":true}]}}