{"id":2055,"date":"2019-04-24T19:45:39","date_gmt":"2019-04-24T19:45:39","guid":{"rendered":"http:\/\/intra.ucf.edu.cu\/?page_id=2055"},"modified":"2020-09-10T18:15:06","modified_gmt":"2020-09-10T18:15:06","slug":"licenciatura-en-educacion-economia","status":"publish","type":"page","link":"https:\/\/www.ucf.edu.cu\/?page_id=2055","title":{"rendered":"Licenciatura en Educaci\u00f3n Econom\u00eda"},"content":{"rendered":"\t\t<div data-elementor-type=\"wp-page\" data-elementor-id=\"2055\" class=\"elementor elementor-2055\">\n\t\t\t\t\t\t<section class=\"elementor-section elementor-top-section elementor-element elementor-element-6d68bcb elementor-section-boxed elementor-section-height-default elementor-section-height-default\" data-id=\"6d68bcb\" data-element_type=\"section\" data-e-type=\"section\">\n\t\t\t\t\t\t<div class=\"elementor-container elementor-column-gap-default\">\n\t\t\t\t\t<div class=\"elementor-column elementor-col-100 elementor-top-column elementor-element elementor-element-5d96e3f\" data-id=\"5d96e3f\" data-element_type=\"column\" data-e-type=\"column\">\n\t\t\t<div class=\"elementor-widget-wrap elementor-element-populated\">\n\t\t\t\t\t\t<div class=\"elementor-element elementor-element-527fbe9 elementor-widget elementor-widget-text-editor\" data-id=\"527fbe9\" data-element_type=\"widget\" data-e-type=\"widget\" data-widget_type=\"text-editor.default\">\n\t\t\t\t<div class=\"elementor-widget-container\">\n\t\t\t\t\t\t\t\t\t<p><strong>Objeto de la profesi\u00f3n<\/strong><\/p><p>El profesor de la Licenciatura en Educaci\u00f3n, es el encargado de contribuir al desarrollo pol\u00edtico, ideol\u00f3gico y profesional del educando de la especialidad de Contabilidad, logrando un papel protag\u00f3nico en todas las actividades, para que lleguen a ser personas capaces de marchar al ritmo de nuestros tiempos y prestar atenci\u00f3n al desarrollo de valores, actitudes y aptitudes, en especial las referentes al trabajo y a la laboriosidad con independencia, responsabilidad, flexibilidad y car\u00e1cter autocr\u00edtico con un alto compromiso social.<\/p><p>Debe ser culto, utilizar los espacios y escenarios escolares y de las entidades laborales para educar a trav\u00e9s del contenido de las materias e incorporar las tecnolog\u00edas al proceso educativo. Debe interactuar con la familia y aprovechar el sistema de influencias sociales positivas de la comunidad y de las entidades laborales para la mejor educaci\u00f3n de los educandos.<\/p><p><strong>Modo de actuaci\u00f3n<\/strong><\/p><p>El modo de actuaci\u00f3n profesional del educador es la direcci\u00f3n del proceso pedag\u00f3gico de la Educaci\u00f3n T\u00e9cnica y Profesional encaminado a la formaci\u00f3n integral de la personalidad de los profesores en formaci\u00f3n, por medio de los contenidos de las disciplinas que forman el dise\u00f1o curricular del profesor de Econom\u00eda, y la coordinaci\u00f3n, desde la escuela, de las influencias educativas de la familia, la comunidad y las diferentes entidades econ\u00f3micas que interact\u00faan en su formaci\u00f3n t\u00e9cnica. Se concreta en el cumplimiento de las funciones del profesional<strong>.<\/strong><\/p><p><strong>Esferas de actuaci\u00f3n<\/strong><\/p><ul><li>Los Institutos Polit\u00e9cnicos, escuelas de oficios, centros mixtos u otras instituciones educativas del MINED, en las cuales se puede desempe\u00f1ar como profesor de asignaturas t\u00e9cnicas de las especialidades de Econom\u00eda, Gesti\u00f3n del Capital Humano, Servicios y servicios sociales, profesor gu\u00eda, profesor principal y jefe de departamento.<\/li><li>Universidad de Ciencias Pedag\u00f3gicas y Centros Universitarios Municipales, como profesor de las asignaturas t\u00e9cnicas de la Carrera de Econom\u00eda.\u00a0<\/li><li>Entidades laborales para la coordinaci\u00f3n, desarrollo y control de actividades docentes, laborales e investigativas para su propia superaci\u00f3n e investigaci\u00f3n, as\u00ed como para la capacitaci\u00f3n y adiestramiento de los profesionales.\u00a0<\/li><li>Comunidad y familia en la cuales desempe\u00f1a funciones de orientaci\u00f3n.<\/li><\/ul>\t\t\t\t\t\t\t\t<\/div>\n\t\t\t\t<\/div>\n\t\t\t\t\t<\/div>\n\t\t<\/div>\n\t\t\t\t\t<\/div>\n\t\t<\/section>\n\t\t\t\t<\/div>\n\t\t","protected":false},"excerpt":{"rendered":"<p>Objeto de la profesi\u00f3n El profesor de la Licenciatura en Educaci\u00f3n, es el encargado de contribuir al desarrollo pol\u00edtico, ideol\u00f3gico y profesional del educando de la especialidad de Contabilidad, logrando un papel<a class=\"moretag\" href=\"https:\/\/www.ucf.edu.cu\/?page_id=2055\">Leer m\u00e1s&#8230;<\/a><\/p>\n","protected":false},"author":6,"featured_media":0,"parent":0,"menu_order":0,"comment_status":"closed","ping_status":"closed","template":"page-intra.php","meta":{"footnotes":""},"class_list":["post-2055","page","type-page","status-publish","hentry"],"yoast_head":"<!-- This site is optimized with the Yoast SEO plugin v27.3 - https:\/\/yoast.com\/product\/yoast-seo-wordpress\/ -->\n<title>educacion_economia<\/title>\n<meta name=\"robots\" content=\"index, follow, max-snippet:-1, max-image-preview:large, max-video-preview:-1\" \/>\n<link rel=\"canonical\" href=\"https:\/\/www.ucf.edu.cu\/?page_id=2055\" \/>\n<meta property=\"og:locale\" content=\"es_ES\" \/>\n<meta property=\"og:type\" content=\"article\" \/>\n<meta property=\"og:title\" content=\"educacion_economia\" \/>\n<meta property=\"og:description\" content=\"Objeto de la profesi\u00f3n El profesor de la Licenciatura en Educaci\u00f3n, es el encargado de contribuir al desarrollo pol\u00edtico, ideol\u00f3gico y profesional del educando de la especialidad de Contabilidad, logrando un papelLeer m\u00e1s...\" \/>\n<meta property=\"og:url\" content=\"https:\/\/www.ucf.edu.cu\/?page_id=2055\" \/>\n<meta property=\"og:site_name\" content=\"Universidad de Cienfuegos\" \/>\n<meta property=\"article:publisher\" content=\"https:\/\/www.facebook.com\/ucfgos\/\" \/>\n<meta property=\"article:modified_time\" content=\"2020-09-10T18:15:06+00:00\" \/>\n<meta property=\"og:image\" content=\"https:\/\/www.ucf.edu.cu\/wp-content\/uploads\/2024\/01\/Logo_UCf-scaled-1.jpg\" \/>\n\t<meta property=\"og:image:width\" content=\"2560\" \/>\n\t<meta property=\"og:image:height\" content=\"951\" \/>\n\t<meta property=\"og:image:type\" content=\"image\/jpeg\" \/>\n<meta name=\"twitter:card\" content=\"summary_large_image\" \/>\n<meta name=\"twitter:site\" content=\"@ucfgos\" \/>\n<meta name=\"twitter:label1\" content=\"Tiempo de lectura\" \/>\n\t<meta name=\"twitter:data1\" content=\"2 minutos\" \/>\n<script type=\"application\/ld+json\" class=\"yoast-schema-graph\">{\"@context\":\"https:\\\/\\\/schema.org\",\"@graph\":[{\"@type\":\"WebPage\",\"@id\":\"https:\\\/\\\/www.ucf.edu.cu\\\/?page_id=2055\",\"url\":\"https:\\\/\\\/www.ucf.edu.cu\\\/?page_id=2055\",\"name\":\"educacion_economia\",\"isPartOf\":{\"@id\":\"https:\\\/\\\/www.ucf.edu.cu\\\/#website\"},\"datePublished\":\"2019-04-24T19:45:39+00:00\",\"dateModified\":\"2020-09-10T18:15:06+00:00\",\"breadcrumb\":{\"@id\":\"https:\\\/\\\/www.ucf.edu.cu\\\/?page_id=2055#breadcrumb\"},\"inLanguage\":\"es\",\"potentialAction\":[{\"@type\":\"ReadAction\",\"target\":[\"https:\\\/\\\/www.ucf.edu.cu\\\/?page_id=2055\"]}]},{\"@type\":\"BreadcrumbList\",\"@id\":\"https:\\\/\\\/www.ucf.edu.cu\\\/?page_id=2055#breadcrumb\",\"itemListElement\":[{\"@type\":\"ListItem\",\"position\":1,\"name\":\"Portada\",\"item\":\"https:\\\/\\\/www.ucf.edu.cu\\\/\"},{\"@type\":\"ListItem\",\"position\":2,\"name\":\"Licenciatura en Educaci\u00f3n Econom\u00eda\"}]},{\"@type\":\"WebSite\",\"@id\":\"https:\\\/\\\/www.ucf.edu.cu\\\/#website\",\"url\":\"https:\\\/\\\/www.ucf.edu.cu\\\/\",\"name\":\"Universidad de Cienfuegos\",\"description\":\"Portal Web Universidad de Cienfuegos\",\"publisher\":{\"@id\":\"https:\\\/\\\/www.ucf.edu.cu\\\/#organization\"},\"alternateName\":\"Portal institucional de la UCf\",\"potentialAction\":[{\"@type\":\"SearchAction\",\"target\":{\"@type\":\"EntryPoint\",\"urlTemplate\":\"https:\\\/\\\/www.ucf.edu.cu\\\/?s={search_term_string}\"},\"query-input\":{\"@type\":\"PropertyValueSpecification\",\"valueRequired\":true,\"valueName\":\"search_term_string\"}}],\"inLanguage\":\"es\"},{\"@type\":\"Organization\",\"@id\":\"https:\\\/\\\/www.ucf.edu.cu\\\/#organization\",\"name\":\"Universidad de Cienfuegos\",\"url\":\"https:\\\/\\\/www.ucf.edu.cu\\\/\",\"logo\":{\"@type\":\"ImageObject\",\"inLanguage\":\"es\",\"@id\":\"https:\\\/\\\/www.ucf.edu.cu\\\/#\\\/schema\\\/logo\\\/image\\\/\",\"url\":\"https:\\\/\\\/www.ucf.edu.cu\\\/wp-content\\\/uploads\\\/2020\\\/11\\\/fe77b047cf65bbf66915926fa3c00c93_L.jpg\",\"contentUrl\":\"https:\\\/\\\/www.ucf.edu.cu\\\/wp-content\\\/uploads\\\/2020\\\/11\\\/fe77b047cf65bbf66915926fa3c00c93_L.jpg\",\"width\":1000,\"height\":763,\"caption\":\"Universidad de Cienfuegos\"},\"image\":{\"@id\":\"https:\\\/\\\/www.ucf.edu.cu\\\/#\\\/schema\\\/logo\\\/image\\\/\"},\"sameAs\":[\"https:\\\/\\\/www.facebook.com\\\/ucfgos\\\/\",\"https:\\\/\\\/x.com\\\/ucfgos\",\"https:\\\/\\\/www.instagram.com\\\/ucfgos\",\"https:\\\/\\\/www.youtube.com\\\/channel\\\/UCymAZYZHmPzh48cHLG6Nx4A\"]}]}<\/script>\n<!-- \/ Yoast SEO plugin. -->","yoast_head_json":{"title":"educacion_economia","robots":{"index":"index","follow":"follow","max-snippet":"max-snippet:-1","max-image-preview":"max-image-preview:large","max-video-preview":"max-video-preview:-1"},"canonical":"https:\/\/www.ucf.edu.cu\/?page_id=2055","og_locale":"es_ES","og_type":"article","og_title":"educacion_economia","og_description":"Objeto de la profesi\u00f3n El profesor de la Licenciatura en Educaci\u00f3n, es el encargado de contribuir al desarrollo pol\u00edtico, ideol\u00f3gico y profesional del educando de la especialidad de Contabilidad, logrando un papelLeer m\u00e1s...","og_url":"https:\/\/www.ucf.edu.cu\/?page_id=2055","og_site_name":"Universidad de Cienfuegos","article_publisher":"https:\/\/www.facebook.com\/ucfgos\/","article_modified_time":"2020-09-10T18:15:06+00:00","og_image":[{"width":2560,"height":951,"url":"https:\/\/www.ucf.edu.cu\/wp-content\/uploads\/2024\/01\/Logo_UCf-scaled-1.jpg","type":"image\/jpeg"}],"twitter_card":"summary_large_image","twitter_site":"@ucfgos","twitter_misc":{"Tiempo de lectura":"2 minutos"},"schema":{"@context":"https:\/\/schema.org","@graph":[{"@type":"WebPage","@id":"https:\/\/www.ucf.edu.cu\/?page_id=2055","url":"https:\/\/www.ucf.edu.cu\/?page_id=2055","name":"educacion_economia","isPartOf":{"@id":"https:\/\/www.ucf.edu.cu\/#website"},"datePublished":"2019-04-24T19:45:39+00:00","dateModified":"2020-09-10T18:15:06+00:00","breadcrumb":{"@id":"https:\/\/www.ucf.edu.cu\/?page_id=2055#breadcrumb"},"inLanguage":"es","potentialAction":[{"@type":"ReadAction","target":["https:\/\/www.ucf.edu.cu\/?page_id=2055"]}]},{"@type":"BreadcrumbList","@id":"https:\/\/www.ucf.edu.cu\/?page_id=2055#breadcrumb","itemListElement":[{"@type":"ListItem","position":1,"name":"Portada","item":"https:\/\/www.ucf.edu.cu\/"},{"@type":"ListItem","position":2,"name":"Licenciatura en Educaci\u00f3n Econom\u00eda"}]},{"@type":"WebSite","@id":"https:\/\/www.ucf.edu.cu\/#website","url":"https:\/\/www.ucf.edu.cu\/","name":"Universidad de Cienfuegos","description":"Portal Web Universidad de Cienfuegos","publisher":{"@id":"https:\/\/www.ucf.edu.cu\/#organization"},"alternateName":"Portal institucional de la UCf","potentialAction":[{"@type":"SearchAction","target":{"@type":"EntryPoint","urlTemplate":"https:\/\/www.ucf.edu.cu\/?s={search_term_string}"},"query-input":{"@type":"PropertyValueSpecification","valueRequired":true,"valueName":"search_term_string"}}],"inLanguage":"es"},{"@type":"Organization","@id":"https:\/\/www.ucf.edu.cu\/#organization","name":"Universidad de Cienfuegos","url":"https:\/\/www.ucf.edu.cu\/","logo":{"@type":"ImageObject","inLanguage":"es","@id":"https:\/\/www.ucf.edu.cu\/#\/schema\/logo\/image\/","url":"https:\/\/www.ucf.edu.cu\/wp-content\/uploads\/2020\/11\/fe77b047cf65bbf66915926fa3c00c93_L.jpg","contentUrl":"https:\/\/www.ucf.edu.cu\/wp-content\/uploads\/2020\/11\/fe77b047cf65bbf66915926fa3c00c93_L.jpg","width":1000,"height":763,"caption":"Universidad de Cienfuegos"},"image":{"@id":"https:\/\/www.ucf.edu.cu\/#\/schema\/logo\/image\/"},"sameAs":["https:\/\/www.facebook.com\/ucfgos\/","https:\/\/x.com\/ucfgos","https:\/\/www.instagram.com\/ucfgos","https:\/\/www.youtube.com\/channel\/UCymAZYZHmPzh48cHLG6Nx4A"]}]}},"_links":{"self":[{"href":"https:\/\/www.ucf.edu.cu\/index.php?rest_route=\/wp\/v2\/pages\/2055","targetHints":{"allow":["GET"]}}],"collection":[{"href":"https:\/\/www.ucf.edu.cu\/index.php?rest_route=\/wp\/v2\/pages"}],"about":[{"href":"https:\/\/www.ucf.edu.cu\/index.php?rest_route=\/wp\/v2\/types\/page"}],"author":[{"embeddable":true,"href":"https:\/\/www.ucf.edu.cu\/index.php?rest_route=\/wp\/v2\/users\/6"}],"replies":[{"embeddable":true,"href":"https:\/\/www.ucf.edu.cu\/index.php?rest_route=%2Fwp%2Fv2%2Fcomments&post=2055"}],"version-history":[{"count":3,"href":"https:\/\/www.ucf.edu.cu\/index.php?rest_route=\/wp\/v2\/pages\/2055\/revisions"}],"predecessor-version":[{"id":6140,"href":"https:\/\/www.ucf.edu.cu\/index.php?rest_route=\/wp\/v2\/pages\/2055\/revisions\/6140"}],"wp:attachment":[{"href":"https:\/\/www.ucf.edu.cu\/index.php?rest_route=%2Fwp%2Fv2%2Fmedia&parent=2055"}],"curies":[{"name":"wp","href":"https:\/\/api.w.org\/{rel}","templated":true}]}}