{"id":2061,"date":"2019-04-24T19:51:04","date_gmt":"2019-04-24T19:51:04","guid":{"rendered":"http:\/\/intra.ucf.edu.cu\/?page_id=2061"},"modified":"2019-04-24T19:51:54","modified_gmt":"2019-04-24T19:51:54","slug":"ingenieria-industrial","status":"publish","type":"page","link":"https:\/\/www.ucf.edu.cu\/?page_id=2061","title":{"rendered":"Ingenier\u00eda Industrial"},"content":{"rendered":"\t\t<div data-elementor-type=\"wp-page\" data-elementor-id=\"2061\" class=\"elementor elementor-2061\">\n\t\t\t\t\t\t<section class=\"elementor-section elementor-top-section elementor-element elementor-element-d6201c8 elementor-section-boxed elementor-section-height-default elementor-section-height-default\" data-id=\"d6201c8\" data-element_type=\"section\" data-e-type=\"section\">\n\t\t\t\t\t\t<div class=\"elementor-container elementor-column-gap-default\">\n\t\t\t\t\t<div class=\"elementor-column elementor-col-100 elementor-top-column elementor-element elementor-element-234aaa3\" data-id=\"234aaa3\" data-element_type=\"column\" data-e-type=\"column\">\n\t\t\t<div class=\"elementor-widget-wrap elementor-element-populated\">\n\t\t\t\t\t\t<div class=\"elementor-element elementor-element-0ed7021 elementor-widget elementor-widget-text-editor\" data-id=\"0ed7021\" data-element_type=\"widget\" data-e-type=\"widget\" data-widget_type=\"text-editor.default\">\n\t\t\t\t<div class=\"elementor-widget-container\">\n\t\t\t\t\t\t\t\t\t<div class=\"itemFullText\"><p><strong>Objeto de la profesi\u00f3n<\/strong><\/p><p>En la carrera de Ingenier\u00eda Industrial se preparan profesionales integrales comprometidos con la Revoluci\u00f3n, cuya funci\u00f3n es la de analizar, dise\u00f1ar, operar, mejorar y dirigir\u00a0 procesos de producci\u00f3n y servicios\u00a0 en toda la\u00a0 cadena de aprovisionamiento &#8211;\u00a0 transportaci\u00f3n &#8211; producci\u00f3n &#8211; venta &#8211;\u00a0 servicios\u00a0\u00a0 de\u00a0\u00a0 posventa con el objetivo de lograr eficiencia, eficacia y competitividad; mediante el an\u00e1lisis de las relaciones que se presentan entre los recursos humanos, financieros, materiales, energ\u00e9ticos, equipamiento, informaci\u00f3n y ambiente con un enfoque integrador y humanista, donde prevalecen criterios que sustentan los altos intereses del pa\u00eds.<\/p><p><strong>Modo de Actuaci\u00f3n<\/strong><\/p><p>Analizar la soluci\u00f3n a los problemas generales del desarrollo cient\u00edfico &#8211; tecnol\u00f3gico desde un enfoque socio \u2013 human\u00edstico a partir de las demandas de la Tercera Revoluci\u00f3n Industrial valorando su impacto en el medio ambiente.<\/p><p>Examinar los procesos con un enfoque cultural, social, pol\u00edtico, econ\u00f3mico, ambiental y tecnol\u00f3gico sustentado en la primac\u00eda de los intereses sociales y nacionales sobre los particulares y con actuaciones \u00e9ticas y morales propias de un ingeniero industrial comprometido con su Patria.<\/p><p>Aplicar en su pr\u00e1ctica profesional el cumplimiento riguroso de las legislaciones, normas y c\u00f3digo de conducta demostrando capacidades para la comunicaci\u00f3n oral y escrita.<\/p><p>Interpretar y aplicar las t\u00e9cnicas y tecnolog\u00edas m\u00e1s adecuadas en las condiciones cubanas que contribuyan a alcanzar la eficiencia, eficacia y competitividad de la organizaci\u00f3n, as\u00ed como el desarrollo sostenible, especialmente en los ahorros energ\u00e9ticos y en la preservaci\u00f3n del ecosistema.<\/p><p>Diagnosticar las situaciones existentes y los posibles escenarios futuros de realizaci\u00f3n con el rigor metodol\u00f3gico que las investigaciones de su campo de acci\u00f3n requieren, entre otros.<\/p><p><strong>Esferas de Actuaci\u00f3n<\/strong><\/p><p>El ingeniero industrial tiene una visi\u00f3n integral en la gesti\u00f3n de los procesos y en el dise\u00f1o, an\u00e1lisis, optimizaci\u00f3n e implementaci\u00f3n de los sistemas empresariales y por ello tiene los campos de acci\u00f3n siguientes:<\/p><ul><li>Gesti\u00f3n, an\u00e1lisis y dise\u00f1o del\u00a0 trabajo de los recursos humanos en los procesos de producci\u00f3n y servicios en su relaci\u00f3n con\u00a0 los medios de trabajo, la energ\u00eda, la informaci\u00f3n y el medio ambiente, dentro de un ambiente laboral que promueva condiciones seguras y confortables, el mejoramiento continuo y el incremento sostenido de la productividad del trabajo y la calidad, mediante la utilizaci\u00f3n de los principios, m\u00e9todos y t\u00e9cnicas de la ingenier\u00eda del factor humano, as\u00ed como el aumento de la eficiencia y eficacia de los factores b\u00e1sicos de la producci\u00f3n y los servicios.<\/li><li>Dise\u00f1o, operaci\u00f3n y mejora de sistemas de planificaci\u00f3n y control de la producci\u00f3n y los servicios, sistemas de gesti\u00f3n de salarios y programas de evaluaci\u00f3n del trabajo, sistemas de informaci\u00f3n en el \u00e1mbito empresarial, sistemas para la distribuci\u00f3n f\u00edsica de productos y servicios con una distribuci\u00f3n en planta que logre la mejor combinaci\u00f3n del transporte, manipulaci\u00f3n y protecci\u00f3n de los materiales, para satisfacer las necesidades de la sociedad en un contexto global, entre otros.<\/li><\/ul><\/div>\t\t\t\t\t\t\t\t<\/div>\n\t\t\t\t<\/div>\n\t\t\t\t\t<\/div>\n\t\t<\/div>\n\t\t\t\t\t<\/div>\n\t\t<\/section>\n\t\t\t\t<\/div>\n\t\t","protected":false},"excerpt":{"rendered":"<p>Objeto de la profesi\u00f3n En la carrera de Ingenier\u00eda Industrial se preparan profesionales integrales comprometidos con la Revoluci\u00f3n, cuya funci\u00f3n es la de analizar, dise\u00f1ar, operar, mejorar y dirigir\u00a0 procesos de producci\u00f3n<a class=\"moretag\" href=\"https:\/\/www.ucf.edu.cu\/?page_id=2061\">Leer m\u00e1s&#8230;<\/a><\/p>\n","protected":false},"author":6,"featured_media":0,"parent":0,"menu_order":0,"comment_status":"closed","ping_status":"closed","template":"page-intra.php","meta":{"footnotes":""},"class_list":["post-2061","page","type-page","status-publish","hentry"],"yoast_head":"<!-- This site is optimized with the Yoast SEO plugin v27.3 - https:\/\/yoast.com\/product\/yoast-seo-wordpress\/ -->\n<title>Ingenier\u00eda industrial | Universidad de Cienfuegos<\/title>\n<meta name=\"robots\" content=\"index, follow, max-snippet:-1, max-image-preview:large, max-video-preview:-1\" \/>\n<link rel=\"canonical\" href=\"https:\/\/www.ucf.edu.cu\/?page_id=2061\" \/>\n<meta property=\"og:locale\" content=\"es_ES\" \/>\n<meta property=\"og:type\" content=\"article\" \/>\n<meta property=\"og:title\" content=\"Ingenier\u00eda industrial | Universidad de Cienfuegos\" \/>\n<meta property=\"og:description\" content=\"Objeto de la profesi\u00f3n En la carrera de Ingenier\u00eda Industrial se preparan profesionales integrales comprometidos con la Revoluci\u00f3n, cuya funci\u00f3n es la de analizar, dise\u00f1ar, operar, mejorar y dirigir\u00a0 procesos de producci\u00f3nLeer m\u00e1s...\" \/>\n<meta property=\"og:url\" content=\"https:\/\/www.ucf.edu.cu\/?page_id=2061\" \/>\n<meta property=\"og:site_name\" content=\"Universidad de Cienfuegos\" \/>\n<meta property=\"article:publisher\" content=\"https:\/\/www.facebook.com\/ucfgos\/\" \/>\n<meta property=\"article:modified_time\" content=\"2019-04-24T19:51:54+00:00\" \/>\n<meta property=\"og:image\" content=\"https:\/\/www.ucf.edu.cu\/wp-content\/uploads\/2024\/01\/Logo_UCf-scaled-1.jpg\" \/>\n\t<meta property=\"og:image:width\" content=\"2560\" \/>\n\t<meta property=\"og:image:height\" content=\"951\" \/>\n\t<meta property=\"og:image:type\" content=\"image\/jpeg\" \/>\n<meta name=\"twitter:card\" content=\"summary_large_image\" \/>\n<meta name=\"twitter:site\" content=\"@ucfgos\" \/>\n<meta name=\"twitter:label1\" content=\"Tiempo de lectura\" \/>\n\t<meta name=\"twitter:data1\" content=\"3 minutos\" \/>\n<script type=\"application\/ld+json\" class=\"yoast-schema-graph\">{\"@context\":\"https:\\\/\\\/schema.org\",\"@graph\":[{\"@type\":\"WebPage\",\"@id\":\"https:\\\/\\\/www.ucf.edu.cu\\\/?page_id=2061\",\"url\":\"https:\\\/\\\/www.ucf.edu.cu\\\/?page_id=2061\",\"name\":\"Ingenier\u00eda industrial | Universidad de Cienfuegos\",\"isPartOf\":{\"@id\":\"https:\\\/\\\/www.ucf.edu.cu\\\/#website\"},\"datePublished\":\"2019-04-24T19:51:04+00:00\",\"dateModified\":\"2019-04-24T19:51:54+00:00\",\"breadcrumb\":{\"@id\":\"https:\\\/\\\/www.ucf.edu.cu\\\/?page_id=2061#breadcrumb\"},\"inLanguage\":\"es\",\"potentialAction\":[{\"@type\":\"ReadAction\",\"target\":[\"https:\\\/\\\/www.ucf.edu.cu\\\/?page_id=2061\"]}]},{\"@type\":\"BreadcrumbList\",\"@id\":\"https:\\\/\\\/www.ucf.edu.cu\\\/?page_id=2061#breadcrumb\",\"itemListElement\":[{\"@type\":\"ListItem\",\"position\":1,\"name\":\"Portada\",\"item\":\"https:\\\/\\\/www.ucf.edu.cu\\\/\"},{\"@type\":\"ListItem\",\"position\":2,\"name\":\"Ingenier\u00eda Industrial\"}]},{\"@type\":\"WebSite\",\"@id\":\"https:\\\/\\\/www.ucf.edu.cu\\\/#website\",\"url\":\"https:\\\/\\\/www.ucf.edu.cu\\\/\",\"name\":\"Universidad de Cienfuegos\",\"description\":\"Portal Web Universidad de Cienfuegos\",\"publisher\":{\"@id\":\"https:\\\/\\\/www.ucf.edu.cu\\\/#organization\"},\"alternateName\":\"Portal institucional de la UCf\",\"potentialAction\":[{\"@type\":\"SearchAction\",\"target\":{\"@type\":\"EntryPoint\",\"urlTemplate\":\"https:\\\/\\\/www.ucf.edu.cu\\\/?s={search_term_string}\"},\"query-input\":{\"@type\":\"PropertyValueSpecification\",\"valueRequired\":true,\"valueName\":\"search_term_string\"}}],\"inLanguage\":\"es\"},{\"@type\":\"Organization\",\"@id\":\"https:\\\/\\\/www.ucf.edu.cu\\\/#organization\",\"name\":\"Universidad de Cienfuegos\",\"url\":\"https:\\\/\\\/www.ucf.edu.cu\\\/\",\"logo\":{\"@type\":\"ImageObject\",\"inLanguage\":\"es\",\"@id\":\"https:\\\/\\\/www.ucf.edu.cu\\\/#\\\/schema\\\/logo\\\/image\\\/\",\"url\":\"https:\\\/\\\/www.ucf.edu.cu\\\/wp-content\\\/uploads\\\/2020\\\/11\\\/fe77b047cf65bbf66915926fa3c00c93_L.jpg\",\"contentUrl\":\"https:\\\/\\\/www.ucf.edu.cu\\\/wp-content\\\/uploads\\\/2020\\\/11\\\/fe77b047cf65bbf66915926fa3c00c93_L.jpg\",\"width\":1000,\"height\":763,\"caption\":\"Universidad de Cienfuegos\"},\"image\":{\"@id\":\"https:\\\/\\\/www.ucf.edu.cu\\\/#\\\/schema\\\/logo\\\/image\\\/\"},\"sameAs\":[\"https:\\\/\\\/www.facebook.com\\\/ucfgos\\\/\",\"https:\\\/\\\/x.com\\\/ucfgos\",\"https:\\\/\\\/www.instagram.com\\\/ucfgos\",\"https:\\\/\\\/www.youtube.com\\\/channel\\\/UCymAZYZHmPzh48cHLG6Nx4A\"]}]}<\/script>\n<!-- \/ Yoast SEO plugin. -->","yoast_head_json":{"title":"Ingenier\u00eda industrial | Universidad de Cienfuegos","robots":{"index":"index","follow":"follow","max-snippet":"max-snippet:-1","max-image-preview":"max-image-preview:large","max-video-preview":"max-video-preview:-1"},"canonical":"https:\/\/www.ucf.edu.cu\/?page_id=2061","og_locale":"es_ES","og_type":"article","og_title":"Ingenier\u00eda industrial | Universidad de Cienfuegos","og_description":"Objeto de la profesi\u00f3n En la carrera de Ingenier\u00eda Industrial se preparan profesionales integrales comprometidos con la Revoluci\u00f3n, cuya funci\u00f3n es la de analizar, dise\u00f1ar, operar, mejorar y dirigir\u00a0 procesos de producci\u00f3nLeer m\u00e1s...","og_url":"https:\/\/www.ucf.edu.cu\/?page_id=2061","og_site_name":"Universidad de Cienfuegos","article_publisher":"https:\/\/www.facebook.com\/ucfgos\/","article_modified_time":"2019-04-24T19:51:54+00:00","og_image":[{"width":2560,"height":951,"url":"https:\/\/www.ucf.edu.cu\/wp-content\/uploads\/2024\/01\/Logo_UCf-scaled-1.jpg","type":"image\/jpeg"}],"twitter_card":"summary_large_image","twitter_site":"@ucfgos","twitter_misc":{"Tiempo de lectura":"3 minutos"},"schema":{"@context":"https:\/\/schema.org","@graph":[{"@type":"WebPage","@id":"https:\/\/www.ucf.edu.cu\/?page_id=2061","url":"https:\/\/www.ucf.edu.cu\/?page_id=2061","name":"Ingenier\u00eda industrial | Universidad de Cienfuegos","isPartOf":{"@id":"https:\/\/www.ucf.edu.cu\/#website"},"datePublished":"2019-04-24T19:51:04+00:00","dateModified":"2019-04-24T19:51:54+00:00","breadcrumb":{"@id":"https:\/\/www.ucf.edu.cu\/?page_id=2061#breadcrumb"},"inLanguage":"es","potentialAction":[{"@type":"ReadAction","target":["https:\/\/www.ucf.edu.cu\/?page_id=2061"]}]},{"@type":"BreadcrumbList","@id":"https:\/\/www.ucf.edu.cu\/?page_id=2061#breadcrumb","itemListElement":[{"@type":"ListItem","position":1,"name":"Portada","item":"https:\/\/www.ucf.edu.cu\/"},{"@type":"ListItem","position":2,"name":"Ingenier\u00eda Industrial"}]},{"@type":"WebSite","@id":"https:\/\/www.ucf.edu.cu\/#website","url":"https:\/\/www.ucf.edu.cu\/","name":"Universidad de Cienfuegos","description":"Portal Web Universidad de Cienfuegos","publisher":{"@id":"https:\/\/www.ucf.edu.cu\/#organization"},"alternateName":"Portal institucional de la UCf","potentialAction":[{"@type":"SearchAction","target":{"@type":"EntryPoint","urlTemplate":"https:\/\/www.ucf.edu.cu\/?s={search_term_string}"},"query-input":{"@type":"PropertyValueSpecification","valueRequired":true,"valueName":"search_term_string"}}],"inLanguage":"es"},{"@type":"Organization","@id":"https:\/\/www.ucf.edu.cu\/#organization","name":"Universidad de Cienfuegos","url":"https:\/\/www.ucf.edu.cu\/","logo":{"@type":"ImageObject","inLanguage":"es","@id":"https:\/\/www.ucf.edu.cu\/#\/schema\/logo\/image\/","url":"https:\/\/www.ucf.edu.cu\/wp-content\/uploads\/2020\/11\/fe77b047cf65bbf66915926fa3c00c93_L.jpg","contentUrl":"https:\/\/www.ucf.edu.cu\/wp-content\/uploads\/2020\/11\/fe77b047cf65bbf66915926fa3c00c93_L.jpg","width":1000,"height":763,"caption":"Universidad de Cienfuegos"},"image":{"@id":"https:\/\/www.ucf.edu.cu\/#\/schema\/logo\/image\/"},"sameAs":["https:\/\/www.facebook.com\/ucfgos\/","https:\/\/x.com\/ucfgos","https:\/\/www.instagram.com\/ucfgos","https:\/\/www.youtube.com\/channel\/UCymAZYZHmPzh48cHLG6Nx4A"]}]}},"_links":{"self":[{"href":"https:\/\/www.ucf.edu.cu\/index.php?rest_route=\/wp\/v2\/pages\/2061","targetHints":{"allow":["GET"]}}],"collection":[{"href":"https:\/\/www.ucf.edu.cu\/index.php?rest_route=\/wp\/v2\/pages"}],"about":[{"href":"https:\/\/www.ucf.edu.cu\/index.php?rest_route=\/wp\/v2\/types\/page"}],"author":[{"embeddable":true,"href":"https:\/\/www.ucf.edu.cu\/index.php?rest_route=\/wp\/v2\/users\/6"}],"replies":[{"embeddable":true,"href":"https:\/\/www.ucf.edu.cu\/index.php?rest_route=%2Fwp%2Fv2%2Fcomments&post=2061"}],"version-history":[{"count":2,"href":"https:\/\/www.ucf.edu.cu\/index.php?rest_route=\/wp\/v2\/pages\/2061\/revisions"}],"predecessor-version":[{"id":2066,"href":"https:\/\/www.ucf.edu.cu\/index.php?rest_route=\/wp\/v2\/pages\/2061\/revisions\/2066"}],"wp:attachment":[{"href":"https:\/\/www.ucf.edu.cu\/index.php?rest_route=%2Fwp%2Fv2%2Fmedia&parent=2061"}],"curies":[{"name":"wp","href":"https:\/\/api.w.org\/{rel}","templated":true}]}}