{"id":2074,"date":"2019-04-24T20:00:29","date_gmt":"2019-04-24T20:00:29","guid":{"rendered":"http:\/\/intra.ucf.edu.cu\/?page_id=2074"},"modified":"2019-04-24T20:01:21","modified_gmt":"2019-04-24T20:01:21","slug":"licenciatura-en-turismo","status":"publish","type":"page","link":"https:\/\/www.ucf.edu.cu\/?page_id=2074","title":{"rendered":"Licenciatura en Turismo"},"content":{"rendered":"\t\t<div data-elementor-type=\"wp-page\" data-elementor-id=\"2074\" class=\"elementor elementor-2074\">\n\t\t\t\t\t\t<section class=\"elementor-section elementor-top-section elementor-element elementor-element-d990f8b elementor-section-boxed elementor-section-height-default elementor-section-height-default\" data-id=\"d990f8b\" data-element_type=\"section\" data-e-type=\"section\">\n\t\t\t\t\t\t<div class=\"elementor-container elementor-column-gap-default\">\n\t\t\t\t\t<div class=\"elementor-column elementor-col-100 elementor-top-column elementor-element elementor-element-c3fcc7f\" data-id=\"c3fcc7f\" data-element_type=\"column\" data-e-type=\"column\">\n\t\t\t<div class=\"elementor-widget-wrap elementor-element-populated\">\n\t\t\t\t\t\t<div class=\"elementor-element elementor-element-8968548 elementor-widget elementor-widget-text-editor\" data-id=\"8968548\" data-element_type=\"widget\" data-e-type=\"widget\" data-widget_type=\"text-editor.default\">\n\t\t\t\t<div class=\"elementor-widget-container\">\n\t\t\t\t\t\t\t\t\t<p><strong>Modalidad de Estudio:<\/strong> Semipresencial<\/p><p><strong>Tipo de curso:<\/strong> Curso por encuentro<\/p><p><strong>A\u00f1os de estudio<\/strong>: 5<\/p><p><strong>Perfil del profesional:<\/strong><br \/>El contenido de las actividades profesionales que se agrupan bajo el gen\u00e9rico turismo abarca tres tipos de puestos de trabajo o eslabones de base, seg\u00fan las propias caracter\u00edsticas del producto tur\u00edstico,\u00a0 a saber, los viajes, las instalaciones y los territorios.<br \/>Los siete tipos de actividades del turismo, los viajes y la hospitalidad, son: alojamiento, restauraci\u00f3n, intermediaci\u00f3n, transporte y log\u00edstica, modalidades y actividades tur\u00edsticas, planificaci\u00f3n y gesti\u00f3n p\u00fablica de destinos tur\u00edsticos, formaci\u00f3n, investigaci\u00f3n y consultor\u00eda. En estas actividades los egresados atender\u00e1n los procesos de desarrollo, de gesti\u00f3n de servicios y atenci\u00f3n a visitantes, as\u00ed como el sistema de interrelaciones que ellos generan, cumpliendo las funciones principales siguientes:<\/p><ul><li>Preparar los contenidos de informaci\u00f3n sobre destinos y entidades a comunicar a los visitantes actuales y potenciales (tanto en emisores como en destinos)<\/li><li>Desarrollar los procesos de planificaci\u00f3n, implementaci\u00f3n y ejecuci\u00f3n de la comercializaci\u00f3n e intermediaci\u00f3n de viajes (con formas tradicionales o mediante comercio electr\u00f3nico).<\/li><li>Realizar los procesos de asistencia y gu\u00eda a los viajeros, garantizando la comunicaci\u00f3n y la calidad de los servicios.<\/li><li>Organizar y gestionar servicios de alojamiento, de alimentos y bebidas, de ocio y de enriquecimiento cualitativo personal, de transporte de pasajeros y de comercio de productos para el turismo (mayorista y minorista).<\/li><li>Participar, con enfoque transdisciplinar, en los procesos de ordenaci\u00f3n y planificaci\u00f3n territorial del desarrollo tur\u00edstico sostenible y en la gesti\u00f3n de destinos tur\u00edsticos.<\/li><li>Aplicar herramientas de gesti\u00f3n, basadas en los m\u00e9todos y t\u00e9cnicas modernas relacionadas con los procesos empresariales y su vinculaci\u00f3n con el entorno en el sector del turismo y la hospitalidad.<\/li><li>Dise\u00f1ar y gestionar productos tur\u00edsticos.<\/li><li>Dise\u00f1ar, elaborar, evaluar y controlar proyectos de negocios para el desarrollo tur\u00edstico con un enfoque integral.<\/li><li>Implementar las expresiones concretas de la cultura, la historia, la naturaleza y la sociedad cubanas en el proceso de gesti\u00f3n de la actividad de las unidades empresariales con enfoque sostenible.<\/li><li>Dise\u00f1ar y ejecutar investigaciones que apoyen el proceso de toma de decisiones.<\/li><\/ul><p><strong>Campos de acci\u00f3n:<\/strong><br \/>Los campos de acci\u00f3n son los viajes, los destinos tur\u00edsticos y las entidades que brindan servicios de hospitalidad.<\/p><p><strong>Esferas de actuaci\u00f3n:<\/strong><br \/>Este profesional puede trabajar como gestor\u00a0 en entidades que desarrollan las actividades de turismo, viajes y hospitalidad, que son:<\/p><ul><li>Agencias de viajes y turoperadores.<\/li><li>Oficinas de Informaci\u00f3n Tur\u00edstica<\/li><li>Alojamientos<\/li><li>Alimentos y bebidas<\/li><li>Transporte de pasajeros y la renta de autos<\/li><li>Entidades de ocio. \u00a0<\/li><li>Entidades de comercio y log\u00edstica de productos.<\/li><li>Agencias Publicitarias.<\/li><li>Entidades u oficinas de tipo territorial relacionadas con el turismo<\/li><li>Entidades de consultor\u00eda e investigaci\u00f3n tur\u00edstica.<\/li><\/ul>\t\t\t\t\t\t\t\t<\/div>\n\t\t\t\t<\/div>\n\t\t\t\t\t<\/div>\n\t\t<\/div>\n\t\t\t\t\t<\/div>\n\t\t<\/section>\n\t\t\t\t<\/div>\n\t\t","protected":false},"excerpt":{"rendered":"<p>Modalidad de Estudio: Semipresencial Tipo de curso: Curso por encuentro A\u00f1os de estudio: 5 Perfil del profesional:El contenido de las actividades profesionales que se agrupan bajo el gen\u00e9rico turismo abarca tres tipos<a class=\"moretag\" href=\"https:\/\/www.ucf.edu.cu\/?page_id=2074\">Leer m\u00e1s&#8230;<\/a><\/p>\n","protected":false},"author":6,"featured_media":0,"parent":0,"menu_order":0,"comment_status":"closed","ping_status":"closed","template":"page-intra.php","meta":{"footnotes":""},"class_list":["post-2074","page","type-page","status-publish","hentry"],"yoast_head":"<!-- This site is optimized with the Yoast SEO plugin v27.3 - https:\/\/yoast.com\/product\/yoast-seo-wordpress\/ -->\n<title>turismo<\/title>\n<meta name=\"robots\" content=\"index, follow, max-snippet:-1, max-image-preview:large, max-video-preview:-1\" \/>\n<link rel=\"canonical\" href=\"https:\/\/www.ucf.edu.cu\/?page_id=2074\" \/>\n<meta property=\"og:locale\" content=\"es_ES\" \/>\n<meta property=\"og:type\" content=\"article\" \/>\n<meta property=\"og:title\" content=\"turismo\" \/>\n<meta property=\"og:description\" content=\"Modalidad de Estudio: Semipresencial Tipo de curso: Curso por encuentro A\u00f1os de estudio: 5 Perfil del profesional:El contenido de las actividades profesionales que se agrupan bajo el gen\u00e9rico turismo abarca tres tiposLeer m\u00e1s...\" \/>\n<meta property=\"og:url\" content=\"https:\/\/www.ucf.edu.cu\/?page_id=2074\" \/>\n<meta property=\"og:site_name\" content=\"Universidad de Cienfuegos\" \/>\n<meta property=\"article:publisher\" content=\"https:\/\/www.facebook.com\/ucfgos\/\" \/>\n<meta property=\"article:modified_time\" content=\"2019-04-24T20:01:21+00:00\" \/>\n<meta property=\"og:image\" content=\"https:\/\/www.ucf.edu.cu\/wp-content\/uploads\/2024\/01\/Logo_UCf-scaled-1.jpg\" \/>\n\t<meta property=\"og:image:width\" content=\"2560\" \/>\n\t<meta property=\"og:image:height\" content=\"951\" \/>\n\t<meta property=\"og:image:type\" content=\"image\/jpeg\" \/>\n<meta name=\"twitter:card\" content=\"summary_large_image\" \/>\n<meta name=\"twitter:site\" content=\"@ucfgos\" \/>\n<meta name=\"twitter:label1\" content=\"Tiempo de lectura\" \/>\n\t<meta name=\"twitter:data1\" content=\"2 minutos\" \/>\n<script type=\"application\/ld+json\" class=\"yoast-schema-graph\">{\"@context\":\"https:\\\/\\\/schema.org\",\"@graph\":[{\"@type\":\"WebPage\",\"@id\":\"https:\\\/\\\/www.ucf.edu.cu\\\/?page_id=2074\",\"url\":\"https:\\\/\\\/www.ucf.edu.cu\\\/?page_id=2074\",\"name\":\"turismo\",\"isPartOf\":{\"@id\":\"https:\\\/\\\/www.ucf.edu.cu\\\/#website\"},\"datePublished\":\"2019-04-24T20:00:29+00:00\",\"dateModified\":\"2019-04-24T20:01:21+00:00\",\"breadcrumb\":{\"@id\":\"https:\\\/\\\/www.ucf.edu.cu\\\/?page_id=2074#breadcrumb\"},\"inLanguage\":\"es\",\"potentialAction\":[{\"@type\":\"ReadAction\",\"target\":[\"https:\\\/\\\/www.ucf.edu.cu\\\/?page_id=2074\"]}]},{\"@type\":\"BreadcrumbList\",\"@id\":\"https:\\\/\\\/www.ucf.edu.cu\\\/?page_id=2074#breadcrumb\",\"itemListElement\":[{\"@type\":\"ListItem\",\"position\":1,\"name\":\"Portada\",\"item\":\"https:\\\/\\\/www.ucf.edu.cu\\\/\"},{\"@type\":\"ListItem\",\"position\":2,\"name\":\"Licenciatura en Turismo\"}]},{\"@type\":\"WebSite\",\"@id\":\"https:\\\/\\\/www.ucf.edu.cu\\\/#website\",\"url\":\"https:\\\/\\\/www.ucf.edu.cu\\\/\",\"name\":\"Universidad de Cienfuegos\",\"description\":\"Portal Web Universidad de Cienfuegos\",\"publisher\":{\"@id\":\"https:\\\/\\\/www.ucf.edu.cu\\\/#organization\"},\"alternateName\":\"Portal institucional de la UCf\",\"potentialAction\":[{\"@type\":\"SearchAction\",\"target\":{\"@type\":\"EntryPoint\",\"urlTemplate\":\"https:\\\/\\\/www.ucf.edu.cu\\\/?s={search_term_string}\"},\"query-input\":{\"@type\":\"PropertyValueSpecification\",\"valueRequired\":true,\"valueName\":\"search_term_string\"}}],\"inLanguage\":\"es\"},{\"@type\":\"Organization\",\"@id\":\"https:\\\/\\\/www.ucf.edu.cu\\\/#organization\",\"name\":\"Universidad de Cienfuegos\",\"url\":\"https:\\\/\\\/www.ucf.edu.cu\\\/\",\"logo\":{\"@type\":\"ImageObject\",\"inLanguage\":\"es\",\"@id\":\"https:\\\/\\\/www.ucf.edu.cu\\\/#\\\/schema\\\/logo\\\/image\\\/\",\"url\":\"https:\\\/\\\/www.ucf.edu.cu\\\/wp-content\\\/uploads\\\/2020\\\/11\\\/fe77b047cf65bbf66915926fa3c00c93_L.jpg\",\"contentUrl\":\"https:\\\/\\\/www.ucf.edu.cu\\\/wp-content\\\/uploads\\\/2020\\\/11\\\/fe77b047cf65bbf66915926fa3c00c93_L.jpg\",\"width\":1000,\"height\":763,\"caption\":\"Universidad de Cienfuegos\"},\"image\":{\"@id\":\"https:\\\/\\\/www.ucf.edu.cu\\\/#\\\/schema\\\/logo\\\/image\\\/\"},\"sameAs\":[\"https:\\\/\\\/www.facebook.com\\\/ucfgos\\\/\",\"https:\\\/\\\/x.com\\\/ucfgos\",\"https:\\\/\\\/www.instagram.com\\\/ucfgos\",\"https:\\\/\\\/www.youtube.com\\\/channel\\\/UCymAZYZHmPzh48cHLG6Nx4A\"]}]}<\/script>\n<!-- \/ Yoast SEO plugin. -->","yoast_head_json":{"title":"turismo","robots":{"index":"index","follow":"follow","max-snippet":"max-snippet:-1","max-image-preview":"max-image-preview:large","max-video-preview":"max-video-preview:-1"},"canonical":"https:\/\/www.ucf.edu.cu\/?page_id=2074","og_locale":"es_ES","og_type":"article","og_title":"turismo","og_description":"Modalidad de Estudio: Semipresencial Tipo de curso: Curso por encuentro A\u00f1os de estudio: 5 Perfil del profesional:El contenido de las actividades profesionales que se agrupan bajo el gen\u00e9rico turismo abarca tres tiposLeer m\u00e1s...","og_url":"https:\/\/www.ucf.edu.cu\/?page_id=2074","og_site_name":"Universidad de Cienfuegos","article_publisher":"https:\/\/www.facebook.com\/ucfgos\/","article_modified_time":"2019-04-24T20:01:21+00:00","og_image":[{"width":2560,"height":951,"url":"https:\/\/www.ucf.edu.cu\/wp-content\/uploads\/2024\/01\/Logo_UCf-scaled-1.jpg","type":"image\/jpeg"}],"twitter_card":"summary_large_image","twitter_site":"@ucfgos","twitter_misc":{"Tiempo de lectura":"2 minutos"},"schema":{"@context":"https:\/\/schema.org","@graph":[{"@type":"WebPage","@id":"https:\/\/www.ucf.edu.cu\/?page_id=2074","url":"https:\/\/www.ucf.edu.cu\/?page_id=2074","name":"turismo","isPartOf":{"@id":"https:\/\/www.ucf.edu.cu\/#website"},"datePublished":"2019-04-24T20:00:29+00:00","dateModified":"2019-04-24T20:01:21+00:00","breadcrumb":{"@id":"https:\/\/www.ucf.edu.cu\/?page_id=2074#breadcrumb"},"inLanguage":"es","potentialAction":[{"@type":"ReadAction","target":["https:\/\/www.ucf.edu.cu\/?page_id=2074"]}]},{"@type":"BreadcrumbList","@id":"https:\/\/www.ucf.edu.cu\/?page_id=2074#breadcrumb","itemListElement":[{"@type":"ListItem","position":1,"name":"Portada","item":"https:\/\/www.ucf.edu.cu\/"},{"@type":"ListItem","position":2,"name":"Licenciatura en Turismo"}]},{"@type":"WebSite","@id":"https:\/\/www.ucf.edu.cu\/#website","url":"https:\/\/www.ucf.edu.cu\/","name":"Universidad de Cienfuegos","description":"Portal Web Universidad de Cienfuegos","publisher":{"@id":"https:\/\/www.ucf.edu.cu\/#organization"},"alternateName":"Portal institucional de la UCf","potentialAction":[{"@type":"SearchAction","target":{"@type":"EntryPoint","urlTemplate":"https:\/\/www.ucf.edu.cu\/?s={search_term_string}"},"query-input":{"@type":"PropertyValueSpecification","valueRequired":true,"valueName":"search_term_string"}}],"inLanguage":"es"},{"@type":"Organization","@id":"https:\/\/www.ucf.edu.cu\/#organization","name":"Universidad de Cienfuegos","url":"https:\/\/www.ucf.edu.cu\/","logo":{"@type":"ImageObject","inLanguage":"es","@id":"https:\/\/www.ucf.edu.cu\/#\/schema\/logo\/image\/","url":"https:\/\/www.ucf.edu.cu\/wp-content\/uploads\/2020\/11\/fe77b047cf65bbf66915926fa3c00c93_L.jpg","contentUrl":"https:\/\/www.ucf.edu.cu\/wp-content\/uploads\/2020\/11\/fe77b047cf65bbf66915926fa3c00c93_L.jpg","width":1000,"height":763,"caption":"Universidad de Cienfuegos"},"image":{"@id":"https:\/\/www.ucf.edu.cu\/#\/schema\/logo\/image\/"},"sameAs":["https:\/\/www.facebook.com\/ucfgos\/","https:\/\/x.com\/ucfgos","https:\/\/www.instagram.com\/ucfgos","https:\/\/www.youtube.com\/channel\/UCymAZYZHmPzh48cHLG6Nx4A"]}]}},"_links":{"self":[{"href":"https:\/\/www.ucf.edu.cu\/index.php?rest_route=\/wp\/v2\/pages\/2074","targetHints":{"allow":["GET"]}}],"collection":[{"href":"https:\/\/www.ucf.edu.cu\/index.php?rest_route=\/wp\/v2\/pages"}],"about":[{"href":"https:\/\/www.ucf.edu.cu\/index.php?rest_route=\/wp\/v2\/types\/page"}],"author":[{"embeddable":true,"href":"https:\/\/www.ucf.edu.cu\/index.php?rest_route=\/wp\/v2\/users\/6"}],"replies":[{"embeddable":true,"href":"https:\/\/www.ucf.edu.cu\/index.php?rest_route=%2Fwp%2Fv2%2Fcomments&post=2074"}],"version-history":[{"count":2,"href":"https:\/\/www.ucf.edu.cu\/index.php?rest_route=\/wp\/v2\/pages\/2074\/revisions"}],"predecessor-version":[{"id":2076,"href":"https:\/\/www.ucf.edu.cu\/index.php?rest_route=\/wp\/v2\/pages\/2074\/revisions\/2076"}],"wp:attachment":[{"href":"https:\/\/www.ucf.edu.cu\/index.php?rest_route=%2Fwp%2Fv2%2Fmedia&parent=2074"}],"curies":[{"name":"wp","href":"https:\/\/api.w.org\/{rel}","templated":true}]}}