{"id":2083,"date":"2019-04-24T20:10:39","date_gmt":"2019-04-24T20:10:39","guid":{"rendered":"http:\/\/intra.ucf.edu.cu\/?page_id=2083"},"modified":"2019-04-24T20:11:30","modified_gmt":"2019-04-24T20:11:30","slug":"licenciatura-en-derecho","status":"publish","type":"page","link":"https:\/\/www.ucf.edu.cu\/?page_id=2083","title":{"rendered":"Licenciatura en Derecho"},"content":{"rendered":"\t\t<div data-elementor-type=\"wp-page\" data-elementor-id=\"2083\" class=\"elementor elementor-2083\">\n\t\t\t\t\t\t<section class=\"elementor-section elementor-top-section elementor-element elementor-element-c2a1dac elementor-section-boxed elementor-section-height-default elementor-section-height-default\" data-id=\"c2a1dac\" data-element_type=\"section\" data-e-type=\"section\">\n\t\t\t\t\t\t<div class=\"elementor-container elementor-column-gap-default\">\n\t\t\t\t\t<div class=\"elementor-column elementor-col-100 elementor-top-column elementor-element elementor-element-253a37b\" data-id=\"253a37b\" data-element_type=\"column\" data-e-type=\"column\">\n\t\t\t<div class=\"elementor-widget-wrap elementor-element-populated\">\n\t\t\t\t\t\t<div class=\"elementor-element elementor-element-f99d307 elementor-widget elementor-widget-text-editor\" data-id=\"f99d307\" data-element_type=\"widget\" data-e-type=\"widget\" data-widget_type=\"text-editor.default\">\n\t\t\t\t<div class=\"elementor-widget-container\">\n\t\t\t\t\t\t\t\t\t<div class=\"itemFullText\"><p style=\"text-align: right;\"><strong>Modalidad de estudio:<\/strong> Presencial<\/p><p style=\"text-align: right;\"><strong>Tipo de curso:<\/strong> Regular diurno<\/p><p style=\"text-align: right;\"><strong>A\u00f1os de estudio:<\/strong> 5<\/p><p style=\"text-align: justify;\"><strong>Objeto de la profesi\u00f3n:<\/strong><\/p><p style=\"text-align: justify;\">En t\u00e9rminos muy generales y abstractos, pero por ello mismo absolutamente v\u00e1lidos para una inicial caracterizaci\u00f3n del objeto del trabajo de la profesi\u00f3n, podr\u00edamos decir que la misma est\u00e1 encaminada a trabajar sobre \u201cel sistema jur\u00eddico y pol\u00edtico del pa\u00eds, en la direcci\u00f3n de integrarlo, aplicarlo, desarrollarlo y perfeccionarlo para alcanzar la justicia social y la libertad de cada uno en el arm\u00f3nico ejercicio de la libertad de todos\u201d.<br \/>De este modo, cuando hablamos del sistema jur\u00eddico, como objeto de trabajo del profesional del derecho, no nos circunscribimos al sistema normativo positivo, como hac\u00edan los te\u00f3ricos burgueses en su empe\u00f1o por clasificar los diferentes sistemas jur\u00eddicos universales.<br \/>Queda entonces claro que no obstante sus grandes compromisos pol\u00edticos, el jurista no puede ser un ciego representante inconsciente de una clase revolucionaria, a la cual aspire a servir cargado de buena voluntad. Tiene que ser un hombre que domine las leyes objetivas del desarrollo social, de la construcci\u00f3n del socialismo y pueda y sepa aplicarlas de modo creador en la organizaci\u00f3n, perfeccionamiento y desarrollo de su expresi\u00f3n jur\u00eddica, en el sistema de Derecho, como su objeto de trabajo profesional.<br \/>La Carrera, en el Plan D, debe formar juristas dotados del dominio de las leyes objetivas que rigen la construcci\u00f3n de la nueva sociedad y con convicciones pol\u00edticas revolucionarias comunistas; poseedores de una personalidad integral de militante revolucionario.<\/p><p style=\"text-align: justify;\">\u00a0<strong>Los campos de acci\u00f3n del jurista:<\/strong><\/p><p style=\"text-align: justify;\">En esencia, el objeto de trabajo del jurista est\u00e1 presente en las \u00e1reas fundamentales en que se expresan las relaciones jur\u00eddicas, como son: las constitucionales; las civiles; las familiares; las administrativas; las empresariales; las laborales y de seguridad social; las internacionales en los\u00a0 \u00e1mbitos p\u00fablico y privado;\u00a0 las penales; y las procesales.<\/p><p style=\"text-align: justify;\">\u00a0<strong>Las esferas de actuaci\u00f3n del jurista:<\/strong><\/p><p style=\"text-align: justify;\">El Jurista labora como tal en diversas esferas del sistema de Derecho. En general puede laborar en:<\/p><ul><li style=\"text-align: justify;\">Organismos, instituciones, empresas y otras entidades.<\/li><li style=\"text-align: justify;\">Bufetes colectivos.<\/li><li style=\"text-align: justify;\">Fiscal\u00edas.<\/li><li style=\"text-align: justify;\">Tribunales.<\/li><li style=\"text-align: justify;\">Como docentes en actividades acad\u00e9micas de la educaci\u00f3n superior.<\/li><\/ul><p style=\"text-align: justify;\"><strong>Modos de actuaci\u00f3n del jurista:<\/strong><\/p><p style=\"text-align: justify;\">Haciendo pues una valedera generalizaci\u00f3n de las multifac\u00e9ticas actividades del jurista podemos distinguir con claridad tres grandes modos de actuaci\u00f3n del egresado:<\/p><ul><li style=\"text-align: justify;\">La asesor\u00eda.<\/li><li style=\"text-align: justify;\">La representaci\u00f3n.<\/li><li style=\"text-align: justify;\">El control y preservaci\u00f3n de la legalidad.<\/li><li style=\"text-align: justify;\">La impartici\u00f3n de justicia<\/li><\/ul><\/div>\t\t\t\t\t\t\t\t<\/div>\n\t\t\t\t<\/div>\n\t\t\t\t\t<\/div>\n\t\t<\/div>\n\t\t\t\t\t<\/div>\n\t\t<\/section>\n\t\t\t\t<\/div>\n\t\t","protected":false},"excerpt":{"rendered":"<p>Modalidad de estudio: Presencial Tipo de curso: Regular diurno A\u00f1os de estudio: 5 Objeto de la profesi\u00f3n: En t\u00e9rminos muy generales y abstractos, pero por ello mismo absolutamente v\u00e1lidos para una inicial<a class=\"moretag\" href=\"https:\/\/www.ucf.edu.cu\/?page_id=2083\">Leer m\u00e1s&#8230;<\/a><\/p>\n","protected":false},"author":6,"featured_media":0,"parent":0,"menu_order":0,"comment_status":"closed","ping_status":"closed","template":"page-intra.php","meta":{"footnotes":""},"class_list":["post-2083","page","type-page","status-publish","hentry"],"yoast_head":"<!-- This site is optimized with the Yoast SEO plugin v27.3 - https:\/\/yoast.com\/product\/yoast-seo-wordpress\/ -->\n<title>Derecho | Universidad de Cienfuegos<\/title>\n<meta name=\"robots\" content=\"index, follow, max-snippet:-1, max-image-preview:large, max-video-preview:-1\" \/>\n<link rel=\"canonical\" href=\"https:\/\/www.ucf.edu.cu\/?page_id=2083\" \/>\n<meta property=\"og:locale\" content=\"es_ES\" \/>\n<meta property=\"og:type\" content=\"article\" \/>\n<meta property=\"og:title\" content=\"Derecho | Universidad de Cienfuegos\" \/>\n<meta property=\"og:description\" content=\"Modalidad de estudio: Presencial Tipo de curso: Regular diurno A\u00f1os de estudio: 5 Objeto de la profesi\u00f3n: En t\u00e9rminos muy generales y abstractos, pero por ello mismo absolutamente v\u00e1lidos para una inicialLeer m\u00e1s...\" \/>\n<meta property=\"og:url\" content=\"https:\/\/www.ucf.edu.cu\/?page_id=2083\" \/>\n<meta property=\"og:site_name\" content=\"Universidad de Cienfuegos\" \/>\n<meta property=\"article:publisher\" content=\"https:\/\/www.facebook.com\/ucfgos\/\" \/>\n<meta property=\"article:modified_time\" content=\"2019-04-24T20:11:30+00:00\" \/>\n<meta property=\"og:image\" content=\"https:\/\/www.ucf.edu.cu\/wp-content\/uploads\/2024\/01\/Logo_UCf-scaled-1.jpg\" \/>\n\t<meta property=\"og:image:width\" content=\"2560\" \/>\n\t<meta property=\"og:image:height\" content=\"951\" \/>\n\t<meta property=\"og:image:type\" content=\"image\/jpeg\" \/>\n<meta name=\"twitter:card\" content=\"summary_large_image\" \/>\n<meta name=\"twitter:site\" content=\"@ucfgos\" \/>\n<meta name=\"twitter:label1\" content=\"Tiempo de lectura\" \/>\n\t<meta name=\"twitter:data1\" content=\"2 minutos\" \/>\n<script type=\"application\/ld+json\" class=\"yoast-schema-graph\">{\"@context\":\"https:\\\/\\\/schema.org\",\"@graph\":[{\"@type\":\"WebPage\",\"@id\":\"https:\\\/\\\/www.ucf.edu.cu\\\/?page_id=2083\",\"url\":\"https:\\\/\\\/www.ucf.edu.cu\\\/?page_id=2083\",\"name\":\"Derecho | Universidad de Cienfuegos\",\"isPartOf\":{\"@id\":\"https:\\\/\\\/www.ucf.edu.cu\\\/#website\"},\"datePublished\":\"2019-04-24T20:10:39+00:00\",\"dateModified\":\"2019-04-24T20:11:30+00:00\",\"breadcrumb\":{\"@id\":\"https:\\\/\\\/www.ucf.edu.cu\\\/?page_id=2083#breadcrumb\"},\"inLanguage\":\"es\",\"potentialAction\":[{\"@type\":\"ReadAction\",\"target\":[\"https:\\\/\\\/www.ucf.edu.cu\\\/?page_id=2083\"]}]},{\"@type\":\"BreadcrumbList\",\"@id\":\"https:\\\/\\\/www.ucf.edu.cu\\\/?page_id=2083#breadcrumb\",\"itemListElement\":[{\"@type\":\"ListItem\",\"position\":1,\"name\":\"Portada\",\"item\":\"https:\\\/\\\/www.ucf.edu.cu\\\/\"},{\"@type\":\"ListItem\",\"position\":2,\"name\":\"Licenciatura en Derecho\"}]},{\"@type\":\"WebSite\",\"@id\":\"https:\\\/\\\/www.ucf.edu.cu\\\/#website\",\"url\":\"https:\\\/\\\/www.ucf.edu.cu\\\/\",\"name\":\"Universidad de Cienfuegos\",\"description\":\"Portal Web Universidad de Cienfuegos\",\"publisher\":{\"@id\":\"https:\\\/\\\/www.ucf.edu.cu\\\/#organization\"},\"alternateName\":\"Portal institucional de la UCf\",\"potentialAction\":[{\"@type\":\"SearchAction\",\"target\":{\"@type\":\"EntryPoint\",\"urlTemplate\":\"https:\\\/\\\/www.ucf.edu.cu\\\/?s={search_term_string}\"},\"query-input\":{\"@type\":\"PropertyValueSpecification\",\"valueRequired\":true,\"valueName\":\"search_term_string\"}}],\"inLanguage\":\"es\"},{\"@type\":\"Organization\",\"@id\":\"https:\\\/\\\/www.ucf.edu.cu\\\/#organization\",\"name\":\"Universidad de Cienfuegos\",\"url\":\"https:\\\/\\\/www.ucf.edu.cu\\\/\",\"logo\":{\"@type\":\"ImageObject\",\"inLanguage\":\"es\",\"@id\":\"https:\\\/\\\/www.ucf.edu.cu\\\/#\\\/schema\\\/logo\\\/image\\\/\",\"url\":\"https:\\\/\\\/www.ucf.edu.cu\\\/wp-content\\\/uploads\\\/2020\\\/11\\\/fe77b047cf65bbf66915926fa3c00c93_L.jpg\",\"contentUrl\":\"https:\\\/\\\/www.ucf.edu.cu\\\/wp-content\\\/uploads\\\/2020\\\/11\\\/fe77b047cf65bbf66915926fa3c00c93_L.jpg\",\"width\":1000,\"height\":763,\"caption\":\"Universidad de Cienfuegos\"},\"image\":{\"@id\":\"https:\\\/\\\/www.ucf.edu.cu\\\/#\\\/schema\\\/logo\\\/image\\\/\"},\"sameAs\":[\"https:\\\/\\\/www.facebook.com\\\/ucfgos\\\/\",\"https:\\\/\\\/x.com\\\/ucfgos\",\"https:\\\/\\\/www.instagram.com\\\/ucfgos\",\"https:\\\/\\\/www.youtube.com\\\/channel\\\/UCymAZYZHmPzh48cHLG6Nx4A\"]}]}<\/script>\n<!-- \/ Yoast SEO plugin. -->","yoast_head_json":{"title":"Derecho | Universidad de Cienfuegos","robots":{"index":"index","follow":"follow","max-snippet":"max-snippet:-1","max-image-preview":"max-image-preview:large","max-video-preview":"max-video-preview:-1"},"canonical":"https:\/\/www.ucf.edu.cu\/?page_id=2083","og_locale":"es_ES","og_type":"article","og_title":"Derecho | Universidad de Cienfuegos","og_description":"Modalidad de estudio: Presencial Tipo de curso: Regular diurno A\u00f1os de estudio: 5 Objeto de la profesi\u00f3n: En t\u00e9rminos muy generales y abstractos, pero por ello mismo absolutamente v\u00e1lidos para una inicialLeer m\u00e1s...","og_url":"https:\/\/www.ucf.edu.cu\/?page_id=2083","og_site_name":"Universidad de Cienfuegos","article_publisher":"https:\/\/www.facebook.com\/ucfgos\/","article_modified_time":"2019-04-24T20:11:30+00:00","og_image":[{"width":2560,"height":951,"url":"https:\/\/www.ucf.edu.cu\/wp-content\/uploads\/2024\/01\/Logo_UCf-scaled-1.jpg","type":"image\/jpeg"}],"twitter_card":"summary_large_image","twitter_site":"@ucfgos","twitter_misc":{"Tiempo de lectura":"2 minutos"},"schema":{"@context":"https:\/\/schema.org","@graph":[{"@type":"WebPage","@id":"https:\/\/www.ucf.edu.cu\/?page_id=2083","url":"https:\/\/www.ucf.edu.cu\/?page_id=2083","name":"Derecho | Universidad de Cienfuegos","isPartOf":{"@id":"https:\/\/www.ucf.edu.cu\/#website"},"datePublished":"2019-04-24T20:10:39+00:00","dateModified":"2019-04-24T20:11:30+00:00","breadcrumb":{"@id":"https:\/\/www.ucf.edu.cu\/?page_id=2083#breadcrumb"},"inLanguage":"es","potentialAction":[{"@type":"ReadAction","target":["https:\/\/www.ucf.edu.cu\/?page_id=2083"]}]},{"@type":"BreadcrumbList","@id":"https:\/\/www.ucf.edu.cu\/?page_id=2083#breadcrumb","itemListElement":[{"@type":"ListItem","position":1,"name":"Portada","item":"https:\/\/www.ucf.edu.cu\/"},{"@type":"ListItem","position":2,"name":"Licenciatura en Derecho"}]},{"@type":"WebSite","@id":"https:\/\/www.ucf.edu.cu\/#website","url":"https:\/\/www.ucf.edu.cu\/","name":"Universidad de Cienfuegos","description":"Portal Web Universidad de Cienfuegos","publisher":{"@id":"https:\/\/www.ucf.edu.cu\/#organization"},"alternateName":"Portal institucional de la UCf","potentialAction":[{"@type":"SearchAction","target":{"@type":"EntryPoint","urlTemplate":"https:\/\/www.ucf.edu.cu\/?s={search_term_string}"},"query-input":{"@type":"PropertyValueSpecification","valueRequired":true,"valueName":"search_term_string"}}],"inLanguage":"es"},{"@type":"Organization","@id":"https:\/\/www.ucf.edu.cu\/#organization","name":"Universidad de Cienfuegos","url":"https:\/\/www.ucf.edu.cu\/","logo":{"@type":"ImageObject","inLanguage":"es","@id":"https:\/\/www.ucf.edu.cu\/#\/schema\/logo\/image\/","url":"https:\/\/www.ucf.edu.cu\/wp-content\/uploads\/2020\/11\/fe77b047cf65bbf66915926fa3c00c93_L.jpg","contentUrl":"https:\/\/www.ucf.edu.cu\/wp-content\/uploads\/2020\/11\/fe77b047cf65bbf66915926fa3c00c93_L.jpg","width":1000,"height":763,"caption":"Universidad de Cienfuegos"},"image":{"@id":"https:\/\/www.ucf.edu.cu\/#\/schema\/logo\/image\/"},"sameAs":["https:\/\/www.facebook.com\/ucfgos\/","https:\/\/x.com\/ucfgos","https:\/\/www.instagram.com\/ucfgos","https:\/\/www.youtube.com\/channel\/UCymAZYZHmPzh48cHLG6Nx4A"]}]}},"_links":{"self":[{"href":"https:\/\/www.ucf.edu.cu\/index.php?rest_route=\/wp\/v2\/pages\/2083","targetHints":{"allow":["GET"]}}],"collection":[{"href":"https:\/\/www.ucf.edu.cu\/index.php?rest_route=\/wp\/v2\/pages"}],"about":[{"href":"https:\/\/www.ucf.edu.cu\/index.php?rest_route=\/wp\/v2\/types\/page"}],"author":[{"embeddable":true,"href":"https:\/\/www.ucf.edu.cu\/index.php?rest_route=\/wp\/v2\/users\/6"}],"replies":[{"embeddable":true,"href":"https:\/\/www.ucf.edu.cu\/index.php?rest_route=%2Fwp%2Fv2%2Fcomments&post=2083"}],"version-history":[{"count":2,"href":"https:\/\/www.ucf.edu.cu\/index.php?rest_route=\/wp\/v2\/pages\/2083\/revisions"}],"predecessor-version":[{"id":2085,"href":"https:\/\/www.ucf.edu.cu\/index.php?rest_route=\/wp\/v2\/pages\/2083\/revisions\/2085"}],"wp:attachment":[{"href":"https:\/\/www.ucf.edu.cu\/index.php?rest_route=%2Fwp%2Fv2%2Fmedia&parent=2083"}],"curies":[{"name":"wp","href":"https:\/\/api.w.org\/{rel}","templated":true}]}}