{"id":2105,"date":"2019-04-24T20:38:05","date_gmt":"2019-04-24T20:38:05","guid":{"rendered":"http:\/\/intra.ucf.edu.cu\/?page_id=2105"},"modified":"2019-05-30T14:00:26","modified_gmt":"2019-05-30T14:00:26","slug":"maestria-en-eficiencia-energetica","status":"publish","type":"page","link":"https:\/\/www.ucf.edu.cu\/?page_id=2105","title":{"rendered":"Maestr\u00eda en Eficiencia Energ\u00e9tica"},"content":{"rendered":"\t\t<div data-elementor-type=\"wp-page\" data-elementor-id=\"2105\" class=\"elementor elementor-2105\">\n\t\t\t\t\t\t<section class=\"elementor-section elementor-top-section elementor-element elementor-element-b985599 elementor-section-boxed elementor-section-height-default elementor-section-height-default\" data-id=\"b985599\" data-element_type=\"section\" data-e-type=\"section\">\n\t\t\t\t\t\t<div class=\"elementor-container elementor-column-gap-default\">\n\t\t\t\t\t<div class=\"elementor-column elementor-col-100 elementor-top-column elementor-element elementor-element-74525a5\" data-id=\"74525a5\" data-element_type=\"column\" data-e-type=\"column\">\n\t\t\t<div class=\"elementor-widget-wrap elementor-element-populated\">\n\t\t\t\t\t\t<div class=\"elementor-element elementor-element-04a49d9 elementor-widget elementor-widget-text-editor\" data-id=\"04a49d9\" data-element_type=\"widget\" data-e-type=\"widget\" data-widget_type=\"text-editor.default\">\n\t\t\t\t<div class=\"elementor-widget-container\">\n\t\t\t\t\t\t\t\t\t<p><strong>Maestr\u00eda en Eficiencia Energ\u00e9tica.<\/strong><\/p><p><strong>Facultad de Ingenier\u00eda.<\/strong><\/p><p><strong>Duraci\u00f3n:<\/strong> 3 a\u00f1os.<\/p><p><strong>Categor\u00eda de acreditaci\u00f3n:<\/strong> Excelencia.<\/p><p><strong>Coordinador:<\/strong> Dr. C. Julio G\u00f3mez Sarduy.<\/p><p><strong>Correo:<\/strong> <a href=\"mailto:jgomez@ucf.edu.cu\">jgomez@ucf.edu.cu<\/a><\/p><p>\u00a0<\/p><p><strong>Descripci\u00f3n:<\/strong><\/p><p>El Programa de Maestr\u00eda en Eficiencia Energ\u00e9tica se inici\u00f3 en octubre de 1994, tiene quince ediciones concluidas y la diecis\u00e9is actualmente en ejecuci\u00f3n, cuenta con m\u00e1s de 179 graduados desde su apertura. Obtiene la categor\u00eda de excelencia en el a\u00f1o 2007 y ratificada esta categor\u00eda en el 2016.<\/p><p>La rama energ\u00e9tica tiene gran importancia en la provincia dado el nivel de industrializaci\u00f3n de la misma, lo cual resalta la importancia del aprovechamiento eficiente de los recursos energ\u00e9ticos, de la reducci\u00f3n de los indicadores de consumo de combustible y de la necesidad de utilizaci\u00f3n de las fuentes renovables desde el propio punto de vista industrial y desde las m\u00e1quinas automotrices vinculadas a los procesos industriales. Este programa de Maestr\u00eda en Eficiencia Energ\u00e9tica, el cual se desarrolla en todo el pa\u00eds rectorado por este Centro, tiene una alta pertinencia social, por cuanto se dedica a desarrollar tecnolog\u00edas para el uso racional y eficiente de la energ\u00eda y el agua, as\u00ed como el desarrollo de una cultura energ\u00e9tica y ambiental. Por esta raz\u00f3n la misma cuenta con una alta demanda social en el territorio. Adem\u00e1s, la maestr\u00eda ha generado un aporte econ\u00f3mico significativo al pa\u00eds, el territorio y la propia Universidad, lo cual se refleja en los ingresos y medios de laboratorios obtenidos por la instituci\u00f3n, mediante proyectos y servicios cient\u00edfico t\u00e9cnicos. Debido al inmenso campo que abarcan los problemas energ\u00e9ticos, que incluyen entre otros, la industria, la agricultura, el transporte, las fuentes renovables de energ\u00eda y el impacto ambiental de los sistemas energ\u00e9ticos, la maestr\u00eda contempla una formaci\u00f3n especializada, conformada sobre la base de una formaci\u00f3n b\u00e1sica com\u00fan a los siguientes perfiles terminales: Menci\u00f3n: \u201cEficiencia Energ\u00e9tica\u201d y Menci\u00f3n: Eficiencia Energ\u00e9tica de la Industria Azucarera\u201d.<\/p><p><strong>Cursos que se imparten:<\/strong><\/p><p>Termodin\u00e1mica Avanzada, Temas Especiales de Sistemas El\u00e9ctricos Industriales, Medioambiente y Producciones Limpias, Gesti\u00f3n y Econom\u00eda Energ\u00e9tica, Metodolog\u00eda de la Investigaci\u00f3n, M\u00e9todos Matem\u00e1ticos y Computacionales, \u00a0Transferencia de Calor Avanzada, Combusti\u00f3n y Generaci\u00f3n de Vapor, Uso Final de la Energ\u00eda El\u00e9ctrica, Fuentes Renovables, Mec\u00e1nica de los Fluidos y M\u00e1quinas de Flujo, Cogeneraci\u00f3n y Generaci\u00f3n Descentralizada; Refrigeraci\u00f3n, Climatizaci\u00f3n y Ventilaci\u00f3n; Uso Eficiente de la Energ\u00eda en el Transporte y Agricultura, Seminarios de Investigaci\u00f3n, Desarrollo Sostenible, Econom\u00eda Ecol\u00f3gica y Gesti\u00f3n y uso racional del agua.<\/p>\t\t\t\t\t\t\t\t<\/div>\n\t\t\t\t<\/div>\n\t\t\t\t\t<\/div>\n\t\t<\/div>\n\t\t\t\t\t<\/div>\n\t\t<\/section>\n\t\t\t\t<\/div>\n\t\t","protected":false},"excerpt":{"rendered":"<p>Maestr\u00eda en Eficiencia Energ\u00e9tica. Facultad de Ingenier\u00eda. Duraci\u00f3n: 3 a\u00f1os. Categor\u00eda de acreditaci\u00f3n: Excelencia. Coordinador: Dr. C. Julio G\u00f3mez Sarduy. Correo: jgomez@ucf.edu.cu \u00a0 Descripci\u00f3n: El Programa de Maestr\u00eda en Eficiencia Energ\u00e9tica se<a class=\"moretag\" href=\"https:\/\/www.ucf.edu.cu\/?page_id=2105\">Leer m\u00e1s&#8230;<\/a><\/p>\n","protected":false},"author":6,"featured_media":0,"parent":0,"menu_order":0,"comment_status":"closed","ping_status":"closed","template":"page-intra.php","meta":{"footnotes":""},"class_list":["post-2105","page","type-page","status-publish","hentry"],"yoast_head":"<!-- This site is optimized with the Yoast SEO plugin v27.3 - https:\/\/yoast.com\/product\/yoast-seo-wordpress\/ -->\n<title>maestriaeenergetica<\/title>\n<meta name=\"robots\" content=\"index, follow, max-snippet:-1, max-image-preview:large, max-video-preview:-1\" \/>\n<link rel=\"canonical\" href=\"https:\/\/www.ucf.edu.cu\/?page_id=2105\" \/>\n<meta property=\"og:locale\" content=\"es_ES\" \/>\n<meta property=\"og:type\" content=\"article\" \/>\n<meta property=\"og:title\" content=\"maestriaeenergetica\" \/>\n<meta property=\"og:description\" content=\"Maestr\u00eda en Eficiencia Energ\u00e9tica. Facultad de Ingenier\u00eda. Duraci\u00f3n: 3 a\u00f1os. Categor\u00eda de acreditaci\u00f3n: Excelencia. Coordinador: Dr. C. Julio G\u00f3mez Sarduy. Correo: jgomez@ucf.edu.cu \u00a0 Descripci\u00f3n: El Programa de Maestr\u00eda en Eficiencia Energ\u00e9tica seLeer m\u00e1s...\" \/>\n<meta property=\"og:url\" content=\"https:\/\/www.ucf.edu.cu\/?page_id=2105\" \/>\n<meta property=\"og:site_name\" content=\"Universidad de Cienfuegos\" \/>\n<meta property=\"article:publisher\" content=\"https:\/\/www.facebook.com\/ucfgos\/\" \/>\n<meta property=\"article:modified_time\" content=\"2019-05-30T14:00:26+00:00\" \/>\n<meta property=\"og:image\" content=\"https:\/\/www.ucf.edu.cu\/wp-content\/uploads\/2024\/01\/Logo_UCf-scaled-1.jpg\" \/>\n\t<meta property=\"og:image:width\" content=\"2560\" \/>\n\t<meta property=\"og:image:height\" content=\"951\" \/>\n\t<meta property=\"og:image:type\" content=\"image\/jpeg\" \/>\n<meta name=\"twitter:card\" content=\"summary_large_image\" \/>\n<meta name=\"twitter:site\" content=\"@ucfgos\" \/>\n<meta name=\"twitter:label1\" content=\"Tiempo de lectura\" \/>\n\t<meta name=\"twitter:data1\" content=\"2 minutos\" \/>\n<script type=\"application\/ld+json\" class=\"yoast-schema-graph\">{\"@context\":\"https:\\\/\\\/schema.org\",\"@graph\":[{\"@type\":\"WebPage\",\"@id\":\"https:\\\/\\\/www.ucf.edu.cu\\\/?page_id=2105\",\"url\":\"https:\\\/\\\/www.ucf.edu.cu\\\/?page_id=2105\",\"name\":\"maestriaeenergetica\",\"isPartOf\":{\"@id\":\"https:\\\/\\\/www.ucf.edu.cu\\\/#website\"},\"datePublished\":\"2019-04-24T20:38:05+00:00\",\"dateModified\":\"2019-05-30T14:00:26+00:00\",\"breadcrumb\":{\"@id\":\"https:\\\/\\\/www.ucf.edu.cu\\\/?page_id=2105#breadcrumb\"},\"inLanguage\":\"es\",\"potentialAction\":[{\"@type\":\"ReadAction\",\"target\":[\"https:\\\/\\\/www.ucf.edu.cu\\\/?page_id=2105\"]}]},{\"@type\":\"BreadcrumbList\",\"@id\":\"https:\\\/\\\/www.ucf.edu.cu\\\/?page_id=2105#breadcrumb\",\"itemListElement\":[{\"@type\":\"ListItem\",\"position\":1,\"name\":\"Portada\",\"item\":\"https:\\\/\\\/www.ucf.edu.cu\\\/\"},{\"@type\":\"ListItem\",\"position\":2,\"name\":\"Maestr\u00eda en Eficiencia Energ\u00e9tica\"}]},{\"@type\":\"WebSite\",\"@id\":\"https:\\\/\\\/www.ucf.edu.cu\\\/#website\",\"url\":\"https:\\\/\\\/www.ucf.edu.cu\\\/\",\"name\":\"Universidad de Cienfuegos\",\"description\":\"Portal Web Universidad de Cienfuegos\",\"publisher\":{\"@id\":\"https:\\\/\\\/www.ucf.edu.cu\\\/#organization\"},\"alternateName\":\"Portal institucional de la UCf\",\"potentialAction\":[{\"@type\":\"SearchAction\",\"target\":{\"@type\":\"EntryPoint\",\"urlTemplate\":\"https:\\\/\\\/www.ucf.edu.cu\\\/?s={search_term_string}\"},\"query-input\":{\"@type\":\"PropertyValueSpecification\",\"valueRequired\":true,\"valueName\":\"search_term_string\"}}],\"inLanguage\":\"es\"},{\"@type\":\"Organization\",\"@id\":\"https:\\\/\\\/www.ucf.edu.cu\\\/#organization\",\"name\":\"Universidad de Cienfuegos\",\"url\":\"https:\\\/\\\/www.ucf.edu.cu\\\/\",\"logo\":{\"@type\":\"ImageObject\",\"inLanguage\":\"es\",\"@id\":\"https:\\\/\\\/www.ucf.edu.cu\\\/#\\\/schema\\\/logo\\\/image\\\/\",\"url\":\"https:\\\/\\\/www.ucf.edu.cu\\\/wp-content\\\/uploads\\\/2020\\\/11\\\/fe77b047cf65bbf66915926fa3c00c93_L.jpg\",\"contentUrl\":\"https:\\\/\\\/www.ucf.edu.cu\\\/wp-content\\\/uploads\\\/2020\\\/11\\\/fe77b047cf65bbf66915926fa3c00c93_L.jpg\",\"width\":1000,\"height\":763,\"caption\":\"Universidad de Cienfuegos\"},\"image\":{\"@id\":\"https:\\\/\\\/www.ucf.edu.cu\\\/#\\\/schema\\\/logo\\\/image\\\/\"},\"sameAs\":[\"https:\\\/\\\/www.facebook.com\\\/ucfgos\\\/\",\"https:\\\/\\\/x.com\\\/ucfgos\",\"https:\\\/\\\/www.instagram.com\\\/ucfgos\",\"https:\\\/\\\/www.youtube.com\\\/channel\\\/UCymAZYZHmPzh48cHLG6Nx4A\"]}]}<\/script>\n<!-- \/ Yoast SEO plugin. -->","yoast_head_json":{"title":"maestriaeenergetica","robots":{"index":"index","follow":"follow","max-snippet":"max-snippet:-1","max-image-preview":"max-image-preview:large","max-video-preview":"max-video-preview:-1"},"canonical":"https:\/\/www.ucf.edu.cu\/?page_id=2105","og_locale":"es_ES","og_type":"article","og_title":"maestriaeenergetica","og_description":"Maestr\u00eda en Eficiencia Energ\u00e9tica. Facultad de Ingenier\u00eda. Duraci\u00f3n: 3 a\u00f1os. Categor\u00eda de acreditaci\u00f3n: Excelencia. Coordinador: Dr. C. Julio G\u00f3mez Sarduy. Correo: jgomez@ucf.edu.cu \u00a0 Descripci\u00f3n: El Programa de Maestr\u00eda en Eficiencia Energ\u00e9tica seLeer m\u00e1s...","og_url":"https:\/\/www.ucf.edu.cu\/?page_id=2105","og_site_name":"Universidad de Cienfuegos","article_publisher":"https:\/\/www.facebook.com\/ucfgos\/","article_modified_time":"2019-05-30T14:00:26+00:00","og_image":[{"width":2560,"height":951,"url":"https:\/\/www.ucf.edu.cu\/wp-content\/uploads\/2024\/01\/Logo_UCf-scaled-1.jpg","type":"image\/jpeg"}],"twitter_card":"summary_large_image","twitter_site":"@ucfgos","twitter_misc":{"Tiempo de lectura":"2 minutos"},"schema":{"@context":"https:\/\/schema.org","@graph":[{"@type":"WebPage","@id":"https:\/\/www.ucf.edu.cu\/?page_id=2105","url":"https:\/\/www.ucf.edu.cu\/?page_id=2105","name":"maestriaeenergetica","isPartOf":{"@id":"https:\/\/www.ucf.edu.cu\/#website"},"datePublished":"2019-04-24T20:38:05+00:00","dateModified":"2019-05-30T14:00:26+00:00","breadcrumb":{"@id":"https:\/\/www.ucf.edu.cu\/?page_id=2105#breadcrumb"},"inLanguage":"es","potentialAction":[{"@type":"ReadAction","target":["https:\/\/www.ucf.edu.cu\/?page_id=2105"]}]},{"@type":"BreadcrumbList","@id":"https:\/\/www.ucf.edu.cu\/?page_id=2105#breadcrumb","itemListElement":[{"@type":"ListItem","position":1,"name":"Portada","item":"https:\/\/www.ucf.edu.cu\/"},{"@type":"ListItem","position":2,"name":"Maestr\u00eda en Eficiencia Energ\u00e9tica"}]},{"@type":"WebSite","@id":"https:\/\/www.ucf.edu.cu\/#website","url":"https:\/\/www.ucf.edu.cu\/","name":"Universidad de Cienfuegos","description":"Portal Web Universidad de Cienfuegos","publisher":{"@id":"https:\/\/www.ucf.edu.cu\/#organization"},"alternateName":"Portal institucional de la UCf","potentialAction":[{"@type":"SearchAction","target":{"@type":"EntryPoint","urlTemplate":"https:\/\/www.ucf.edu.cu\/?s={search_term_string}"},"query-input":{"@type":"PropertyValueSpecification","valueRequired":true,"valueName":"search_term_string"}}],"inLanguage":"es"},{"@type":"Organization","@id":"https:\/\/www.ucf.edu.cu\/#organization","name":"Universidad de Cienfuegos","url":"https:\/\/www.ucf.edu.cu\/","logo":{"@type":"ImageObject","inLanguage":"es","@id":"https:\/\/www.ucf.edu.cu\/#\/schema\/logo\/image\/","url":"https:\/\/www.ucf.edu.cu\/wp-content\/uploads\/2020\/11\/fe77b047cf65bbf66915926fa3c00c93_L.jpg","contentUrl":"https:\/\/www.ucf.edu.cu\/wp-content\/uploads\/2020\/11\/fe77b047cf65bbf66915926fa3c00c93_L.jpg","width":1000,"height":763,"caption":"Universidad de Cienfuegos"},"image":{"@id":"https:\/\/www.ucf.edu.cu\/#\/schema\/logo\/image\/"},"sameAs":["https:\/\/www.facebook.com\/ucfgos\/","https:\/\/x.com\/ucfgos","https:\/\/www.instagram.com\/ucfgos","https:\/\/www.youtube.com\/channel\/UCymAZYZHmPzh48cHLG6Nx4A"]}]}},"_links":{"self":[{"href":"https:\/\/www.ucf.edu.cu\/index.php?rest_route=\/wp\/v2\/pages\/2105","targetHints":{"allow":["GET"]}}],"collection":[{"href":"https:\/\/www.ucf.edu.cu\/index.php?rest_route=\/wp\/v2\/pages"}],"about":[{"href":"https:\/\/www.ucf.edu.cu\/index.php?rest_route=\/wp\/v2\/types\/page"}],"author":[{"embeddable":true,"href":"https:\/\/www.ucf.edu.cu\/index.php?rest_route=\/wp\/v2\/users\/6"}],"replies":[{"embeddable":true,"href":"https:\/\/www.ucf.edu.cu\/index.php?rest_route=%2Fwp%2Fv2%2Fcomments&post=2105"}],"version-history":[{"count":3,"href":"https:\/\/www.ucf.edu.cu\/index.php?rest_route=\/wp\/v2\/pages\/2105\/revisions"}],"predecessor-version":[{"id":3066,"href":"https:\/\/www.ucf.edu.cu\/index.php?rest_route=\/wp\/v2\/pages\/2105\/revisions\/3066"}],"wp:attachment":[{"href":"https:\/\/www.ucf.edu.cu\/index.php?rest_route=%2Fwp%2Fv2%2Fmedia&parent=2105"}],"curies":[{"name":"wp","href":"https:\/\/api.w.org\/{rel}","templated":true}]}}