{"id":2153,"date":"2019-04-24T21:10:35","date_gmt":"2019-04-24T21:10:35","guid":{"rendered":"http:\/\/intra.ucf.edu.cu\/?page_id=2153"},"modified":"2019-05-30T14:07:44","modified_gmt":"2019-05-30T14:07:44","slug":"maestria-en-estudios-socioculturales","status":"publish","type":"page","link":"https:\/\/www.ucf.edu.cu\/?page_id=2153","title":{"rendered":"Maestr\u00eda en Estudios Socioculturales"},"content":{"rendered":"\t\t<div data-elementor-type=\"wp-page\" data-elementor-id=\"2153\" class=\"elementor elementor-2153\">\n\t\t\t\t\t\t<section class=\"elementor-section elementor-top-section elementor-element elementor-element-86d54d3 elementor-section-boxed elementor-section-height-default elementor-section-height-default\" data-id=\"86d54d3\" data-element_type=\"section\" data-e-type=\"section\">\n\t\t\t\t\t\t<div class=\"elementor-container elementor-column-gap-default\">\n\t\t\t\t\t<div class=\"elementor-column elementor-col-100 elementor-top-column elementor-element elementor-element-7ec39c3\" data-id=\"7ec39c3\" data-element_type=\"column\" data-e-type=\"column\">\n\t\t\t<div class=\"elementor-widget-wrap elementor-element-populated\">\n\t\t\t\t\t\t<div class=\"elementor-element elementor-element-53793a8 elementor-widget elementor-widget-text-editor\" data-id=\"53793a8\" data-element_type=\"widget\" data-e-type=\"widget\" data-widget_type=\"text-editor.default\">\n\t\t\t\t<div class=\"elementor-widget-container\">\n\t\t\t\t\t\t\t\t\t<p><strong>Maestr\u00eda en Estudios Socioculturales.<\/strong><\/p><p><strong>Facultad de Ciencias Sociales.<\/strong><\/p><p><strong>Duraci\u00f3n:<\/strong> 2 \u00bd a\u00f1os.<\/p><p><strong>Categor\u00eda de acreditaci\u00f3n:<\/strong> Excelencia<\/p><p><strong>Coordinador:<\/strong> Dr. C. Yoanelys Mirabal P\u00e9rez<\/p><p><strong>Correo:<\/strong> <a href=\"mailto:ymirabal@ucf.edu.cu\">ymirabal@ucf.edu.cu<\/a><\/p><p>\u00a0<\/p><p><strong>Descripci\u00f3n:<\/strong><\/p><p>El Programa de Maestr\u00eda en Estudios Socioculturales se inici\u00f3 en el a\u00f1o 2011 y hoy transita por su tercera edici\u00f3n, con un total de 35 graduados. Esta maestr\u00eda tiene una repercusi\u00f3n social en tanto la investigaci\u00f3n est\u00e1 orientada a la soluci\u00f3n de problemas de la sociedad a m\u00faltiples niveles y escalas (institucional, comunitario, consejo popular, municipal, provincial, nacional y global) relacionando su desempe\u00f1o productivo, social, ambiental y con los procesos culturales. De igual forma articula los complejos y diversos procesos de la vida social y econ\u00f3mica con los valores de la cultura y la implicaci\u00f3n en todos estos \u00e1mbitos las pol\u00edticas y el consumo cultural como base para el despliegue de las potencialidades y recursos end\u00f3genos para enfrentar la gesti\u00f3n del desarrollo y la defensa y fortalecimiento de la identidad cultural. El programa desde lo te\u00f3rico se fundamenta en los aportes de los cl\u00e1sicos de varias ciencias como la sociolog\u00eda, la filosof\u00eda, la antropolog\u00eda, la psicolog\u00eda, la econom\u00eda y la historia, a esto se le a\u00f1aden enfoques dial\u00e9cticos que articulan lo universal con lo particular y lo singular. A nivel metodol\u00f3gico se combinan las perspectivas cuantitativas y cualitativas, con una tendencia ascendente a la integraci\u00f3n de estos procesos y una orientaci\u00f3n esencial hacia la innovaci\u00f3n social, la transferencia de tecnolog\u00edas, amparadas en procesos y recursos culturales, como la m\u00fasica, la pintura, la danza, la literatura y el teatro. Desde lo epistemol\u00f3gico sus enfoques est\u00e1n relacionados con los estudios sociales de la ciencia y la tecnolog\u00eda, elementos del manejo integrado de zonas costeras y la autogesti\u00f3n del desarrollo comunitario fertilizan el quehacer acad\u00e9mico y cient\u00edfico de esta concepci\u00f3n curricular. Estos componentes conceden una dimensi\u00f3n multi e interdisciplinaria al trabajo y a los resultados del programa de la Maestr\u00eda en Estudios Socioculturales. El curr\u00edculo se concibe como instrumento que busca respuesta a las limitaciones, fallas, carencias o insuficiencias que el trabajo sociocultural del conjunto de los OACEs, como la red de instituciones y organizaciones sociales presentan para la concreci\u00f3n de contenidos inherentes a sus funciones y obligaciones para la materializaci\u00f3n de las pol\u00edticas culturales.<\/p><p><strong>Cursos que se imparten:<\/strong><\/p><p>Los Estudios Socioculturales, Metodolog\u00eda de la investigaci\u00f3n sociocultural, Teor\u00eda de la cultura contempor\u00e1nea, Derechos culturales, Patrimonio y desarrollo sostenible, Arqueolog\u00eda sociocultural, Econom\u00eda procesos socioculturales e instituciones, Cartograf\u00eda social y sistema de informaci\u00f3n geogr\u00e1fico,\u00a0\u00a0 Bienestar y calidad de vida, Gesti\u00f3n de proyecto y Pol\u00edticas culturales.<\/p>\t\t\t\t\t\t\t\t<\/div>\n\t\t\t\t<\/div>\n\t\t\t\t\t<\/div>\n\t\t<\/div>\n\t\t\t\t\t<\/div>\n\t\t<\/section>\n\t\t\t\t<\/div>\n\t\t","protected":false},"excerpt":{"rendered":"<p>Maestr\u00eda en Estudios Socioculturales. Facultad de Ciencias Sociales. Duraci\u00f3n: 2 \u00bd a\u00f1os. Categor\u00eda de acreditaci\u00f3n: Excelencia Coordinador: Dr. C. Yoanelys Mirabal P\u00e9rez Correo: ymirabal@ucf.edu.cu \u00a0 Descripci\u00f3n: El Programa de Maestr\u00eda en Estudios<a class=\"moretag\" href=\"https:\/\/www.ucf.edu.cu\/?page_id=2153\">Leer m\u00e1s&#8230;<\/a><\/p>\n","protected":false},"author":6,"featured_media":0,"parent":0,"menu_order":0,"comment_status":"closed","ping_status":"closed","template":"page-intra.php","meta":{"footnotes":""},"class_list":["post-2153","page","type-page","status-publish","hentry"],"yoast_head":"<!-- This site is optimized with the Yoast SEO plugin v27.3 - https:\/\/yoast.com\/product\/yoast-seo-wordpress\/ -->\n<title>maestria_socioculturales<\/title>\n<meta name=\"robots\" content=\"index, follow, max-snippet:-1, max-image-preview:large, max-video-preview:-1\" \/>\n<link rel=\"canonical\" href=\"https:\/\/www.ucf.edu.cu\/?page_id=2153\" \/>\n<meta property=\"og:locale\" content=\"es_ES\" \/>\n<meta property=\"og:type\" content=\"article\" \/>\n<meta property=\"og:title\" content=\"maestria_socioculturales\" \/>\n<meta property=\"og:description\" content=\"Maestr\u00eda en Estudios Socioculturales. Facultad de Ciencias Sociales. Duraci\u00f3n: 2 \u00bd a\u00f1os. Categor\u00eda de acreditaci\u00f3n: Excelencia Coordinador: Dr. C. Yoanelys Mirabal P\u00e9rez Correo: ymirabal@ucf.edu.cu \u00a0 Descripci\u00f3n: El Programa de Maestr\u00eda en EstudiosLeer m\u00e1s...\" \/>\n<meta property=\"og:url\" content=\"https:\/\/www.ucf.edu.cu\/?page_id=2153\" \/>\n<meta property=\"og:site_name\" content=\"Universidad de Cienfuegos\" \/>\n<meta property=\"article:publisher\" content=\"https:\/\/www.facebook.com\/ucfgos\/\" \/>\n<meta property=\"article:modified_time\" content=\"2019-05-30T14:07:44+00:00\" \/>\n<meta property=\"og:image\" content=\"https:\/\/www.ucf.edu.cu\/wp-content\/uploads\/2024\/01\/Logo_UCf-scaled-1.jpg\" \/>\n\t<meta property=\"og:image:width\" content=\"2560\" \/>\n\t<meta property=\"og:image:height\" content=\"951\" \/>\n\t<meta property=\"og:image:type\" content=\"image\/jpeg\" \/>\n<meta name=\"twitter:card\" content=\"summary_large_image\" \/>\n<meta name=\"twitter:site\" content=\"@ucfgos\" \/>\n<meta name=\"twitter:label1\" content=\"Tiempo de lectura\" \/>\n\t<meta name=\"twitter:data1\" content=\"2 minutos\" \/>\n<script type=\"application\/ld+json\" class=\"yoast-schema-graph\">{\"@context\":\"https:\\\/\\\/schema.org\",\"@graph\":[{\"@type\":\"WebPage\",\"@id\":\"https:\\\/\\\/www.ucf.edu.cu\\\/?page_id=2153\",\"url\":\"https:\\\/\\\/www.ucf.edu.cu\\\/?page_id=2153\",\"name\":\"maestria_socioculturales\",\"isPartOf\":{\"@id\":\"https:\\\/\\\/www.ucf.edu.cu\\\/#website\"},\"datePublished\":\"2019-04-24T21:10:35+00:00\",\"dateModified\":\"2019-05-30T14:07:44+00:00\",\"breadcrumb\":{\"@id\":\"https:\\\/\\\/www.ucf.edu.cu\\\/?page_id=2153#breadcrumb\"},\"inLanguage\":\"es\",\"potentialAction\":[{\"@type\":\"ReadAction\",\"target\":[\"https:\\\/\\\/www.ucf.edu.cu\\\/?page_id=2153\"]}]},{\"@type\":\"BreadcrumbList\",\"@id\":\"https:\\\/\\\/www.ucf.edu.cu\\\/?page_id=2153#breadcrumb\",\"itemListElement\":[{\"@type\":\"ListItem\",\"position\":1,\"name\":\"Portada\",\"item\":\"https:\\\/\\\/www.ucf.edu.cu\\\/\"},{\"@type\":\"ListItem\",\"position\":2,\"name\":\"Maestr\u00eda en Estudios Socioculturales\"}]},{\"@type\":\"WebSite\",\"@id\":\"https:\\\/\\\/www.ucf.edu.cu\\\/#website\",\"url\":\"https:\\\/\\\/www.ucf.edu.cu\\\/\",\"name\":\"Universidad de Cienfuegos\",\"description\":\"Portal Web Universidad de Cienfuegos\",\"publisher\":{\"@id\":\"https:\\\/\\\/www.ucf.edu.cu\\\/#organization\"},\"alternateName\":\"Portal institucional de la UCf\",\"potentialAction\":[{\"@type\":\"SearchAction\",\"target\":{\"@type\":\"EntryPoint\",\"urlTemplate\":\"https:\\\/\\\/www.ucf.edu.cu\\\/?s={search_term_string}\"},\"query-input\":{\"@type\":\"PropertyValueSpecification\",\"valueRequired\":true,\"valueName\":\"search_term_string\"}}],\"inLanguage\":\"es\"},{\"@type\":\"Organization\",\"@id\":\"https:\\\/\\\/www.ucf.edu.cu\\\/#organization\",\"name\":\"Universidad de Cienfuegos\",\"url\":\"https:\\\/\\\/www.ucf.edu.cu\\\/\",\"logo\":{\"@type\":\"ImageObject\",\"inLanguage\":\"es\",\"@id\":\"https:\\\/\\\/www.ucf.edu.cu\\\/#\\\/schema\\\/logo\\\/image\\\/\",\"url\":\"https:\\\/\\\/www.ucf.edu.cu\\\/wp-content\\\/uploads\\\/2020\\\/11\\\/fe77b047cf65bbf66915926fa3c00c93_L.jpg\",\"contentUrl\":\"https:\\\/\\\/www.ucf.edu.cu\\\/wp-content\\\/uploads\\\/2020\\\/11\\\/fe77b047cf65bbf66915926fa3c00c93_L.jpg\",\"width\":1000,\"height\":763,\"caption\":\"Universidad de Cienfuegos\"},\"image\":{\"@id\":\"https:\\\/\\\/www.ucf.edu.cu\\\/#\\\/schema\\\/logo\\\/image\\\/\"},\"sameAs\":[\"https:\\\/\\\/www.facebook.com\\\/ucfgos\\\/\",\"https:\\\/\\\/x.com\\\/ucfgos\",\"https:\\\/\\\/www.instagram.com\\\/ucfgos\",\"https:\\\/\\\/www.youtube.com\\\/channel\\\/UCymAZYZHmPzh48cHLG6Nx4A\"]}]}<\/script>\n<!-- \/ Yoast SEO plugin. -->","yoast_head_json":{"title":"maestria_socioculturales","robots":{"index":"index","follow":"follow","max-snippet":"max-snippet:-1","max-image-preview":"max-image-preview:large","max-video-preview":"max-video-preview:-1"},"canonical":"https:\/\/www.ucf.edu.cu\/?page_id=2153","og_locale":"es_ES","og_type":"article","og_title":"maestria_socioculturales","og_description":"Maestr\u00eda en Estudios Socioculturales. Facultad de Ciencias Sociales. Duraci\u00f3n: 2 \u00bd a\u00f1os. Categor\u00eda de acreditaci\u00f3n: Excelencia Coordinador: Dr. C. Yoanelys Mirabal P\u00e9rez Correo: ymirabal@ucf.edu.cu \u00a0 Descripci\u00f3n: El Programa de Maestr\u00eda en EstudiosLeer m\u00e1s...","og_url":"https:\/\/www.ucf.edu.cu\/?page_id=2153","og_site_name":"Universidad de Cienfuegos","article_publisher":"https:\/\/www.facebook.com\/ucfgos\/","article_modified_time":"2019-05-30T14:07:44+00:00","og_image":[{"width":2560,"height":951,"url":"https:\/\/www.ucf.edu.cu\/wp-content\/uploads\/2024\/01\/Logo_UCf-scaled-1.jpg","type":"image\/jpeg"}],"twitter_card":"summary_large_image","twitter_site":"@ucfgos","twitter_misc":{"Tiempo de lectura":"2 minutos"},"schema":{"@context":"https:\/\/schema.org","@graph":[{"@type":"WebPage","@id":"https:\/\/www.ucf.edu.cu\/?page_id=2153","url":"https:\/\/www.ucf.edu.cu\/?page_id=2153","name":"maestria_socioculturales","isPartOf":{"@id":"https:\/\/www.ucf.edu.cu\/#website"},"datePublished":"2019-04-24T21:10:35+00:00","dateModified":"2019-05-30T14:07:44+00:00","breadcrumb":{"@id":"https:\/\/www.ucf.edu.cu\/?page_id=2153#breadcrumb"},"inLanguage":"es","potentialAction":[{"@type":"ReadAction","target":["https:\/\/www.ucf.edu.cu\/?page_id=2153"]}]},{"@type":"BreadcrumbList","@id":"https:\/\/www.ucf.edu.cu\/?page_id=2153#breadcrumb","itemListElement":[{"@type":"ListItem","position":1,"name":"Portada","item":"https:\/\/www.ucf.edu.cu\/"},{"@type":"ListItem","position":2,"name":"Maestr\u00eda en Estudios Socioculturales"}]},{"@type":"WebSite","@id":"https:\/\/www.ucf.edu.cu\/#website","url":"https:\/\/www.ucf.edu.cu\/","name":"Universidad de Cienfuegos","description":"Portal Web Universidad de Cienfuegos","publisher":{"@id":"https:\/\/www.ucf.edu.cu\/#organization"},"alternateName":"Portal institucional de la UCf","potentialAction":[{"@type":"SearchAction","target":{"@type":"EntryPoint","urlTemplate":"https:\/\/www.ucf.edu.cu\/?s={search_term_string}"},"query-input":{"@type":"PropertyValueSpecification","valueRequired":true,"valueName":"search_term_string"}}],"inLanguage":"es"},{"@type":"Organization","@id":"https:\/\/www.ucf.edu.cu\/#organization","name":"Universidad de Cienfuegos","url":"https:\/\/www.ucf.edu.cu\/","logo":{"@type":"ImageObject","inLanguage":"es","@id":"https:\/\/www.ucf.edu.cu\/#\/schema\/logo\/image\/","url":"https:\/\/www.ucf.edu.cu\/wp-content\/uploads\/2020\/11\/fe77b047cf65bbf66915926fa3c00c93_L.jpg","contentUrl":"https:\/\/www.ucf.edu.cu\/wp-content\/uploads\/2020\/11\/fe77b047cf65bbf66915926fa3c00c93_L.jpg","width":1000,"height":763,"caption":"Universidad de Cienfuegos"},"image":{"@id":"https:\/\/www.ucf.edu.cu\/#\/schema\/logo\/image\/"},"sameAs":["https:\/\/www.facebook.com\/ucfgos\/","https:\/\/x.com\/ucfgos","https:\/\/www.instagram.com\/ucfgos","https:\/\/www.youtube.com\/channel\/UCymAZYZHmPzh48cHLG6Nx4A"]}]}},"_links":{"self":[{"href":"https:\/\/www.ucf.edu.cu\/index.php?rest_route=\/wp\/v2\/pages\/2153","targetHints":{"allow":["GET"]}}],"collection":[{"href":"https:\/\/www.ucf.edu.cu\/index.php?rest_route=\/wp\/v2\/pages"}],"about":[{"href":"https:\/\/www.ucf.edu.cu\/index.php?rest_route=\/wp\/v2\/types\/page"}],"author":[{"embeddable":true,"href":"https:\/\/www.ucf.edu.cu\/index.php?rest_route=\/wp\/v2\/users\/6"}],"replies":[{"embeddable":true,"href":"https:\/\/www.ucf.edu.cu\/index.php?rest_route=%2Fwp%2Fv2%2Fcomments&post=2153"}],"version-history":[{"count":3,"href":"https:\/\/www.ucf.edu.cu\/index.php?rest_route=\/wp\/v2\/pages\/2153\/revisions"}],"predecessor-version":[{"id":3072,"href":"https:\/\/www.ucf.edu.cu\/index.php?rest_route=\/wp\/v2\/pages\/2153\/revisions\/3072"}],"wp:attachment":[{"href":"https:\/\/www.ucf.edu.cu\/index.php?rest_route=%2Fwp%2Fv2%2Fmedia&parent=2153"}],"curies":[{"name":"wp","href":"https:\/\/api.w.org\/{rel}","templated":true}]}}