{"id":2162,"date":"2019-04-24T21:18:44","date_gmt":"2019-04-24T21:18:44","guid":{"rendered":"http:\/\/intra.ucf.edu.cu\/?page_id=2162"},"modified":"2023-05-29T13:25:10","modified_gmt":"2023-05-29T13:25:10","slug":"maestria-en-estudios-sociales-de-la-ciencia-y-la-tecnologia","status":"publish","type":"page","link":"https:\/\/www.ucf.edu.cu\/?page_id=2162","title":{"rendered":"Maestr\u00eda en Estudios Sociales de la Ciencia y la Tecnolog\u00eda"},"content":{"rendered":"\t\t<div data-elementor-type=\"wp-page\" data-elementor-id=\"2162\" class=\"elementor elementor-2162\">\n\t\t\t\t\t\t<section class=\"elementor-section elementor-top-section elementor-element elementor-element-254e498 elementor-section-boxed elementor-section-height-default elementor-section-height-default\" data-id=\"254e498\" data-element_type=\"section\" data-e-type=\"section\">\n\t\t\t\t\t\t<div class=\"elementor-container elementor-column-gap-default\">\n\t\t\t\t\t<div class=\"elementor-column elementor-col-100 elementor-top-column elementor-element elementor-element-fb612ef\" data-id=\"fb612ef\" data-element_type=\"column\" data-e-type=\"column\">\n\t\t\t<div class=\"elementor-widget-wrap elementor-element-populated\">\n\t\t\t\t\t\t<div class=\"elementor-element elementor-element-1a5debd elementor-widget elementor-widget-text-editor\" data-id=\"1a5debd\" data-element_type=\"widget\" data-e-type=\"widget\" data-widget_type=\"text-editor.default\">\n\t\t\t\t<div class=\"elementor-widget-container\">\n\t\t\t\t\t\t\t\t\t<p><strong>Maestr\u00eda en Estudios Sociales de la Ciencia y la Tecnolog\u00eda.<\/strong><\/p><p><strong>Facultad de Ciencias Sociales.<\/strong><\/p><p><strong>Duraci\u00f3n:<\/strong> 3 a\u00f1os.<\/p><p><strong>Categor\u00eda de acreditaci\u00f3n:<\/strong> Excelencia.<\/p><p><strong>Coordinadora:<\/strong> Dr. C. Yoandra Olivert Fern\u00e1ndez.<\/p><p><strong>Correo: <\/strong><a href=\"mailto:mcmora@ucf.edu.cu\">yolivert@ucf.edu.cu<\/a><\/p><p><strong>Descripci\u00f3n:<\/strong><\/p><p>En 1997 fue aprobado por primera vez un programa de maestr\u00eda en CTS a cargo de la Universidad de La Habana (UH), que desarroll\u00f3 sus actividades en las universidades de Habana y Cienfuegos. En la nueva cuarta versi\u00f3n que ahora se presenta desde el octubre del 2018, el programa se nutre de las experiencias precedentes y de las condiciones intelectuales y organizativas que el propio programa ha ido creando. El Programa gan\u00f3 el Premio de la ACC en el a\u00f1o 2000. En el 2016 dos resultados de investigaci\u00f3n vinculados al \u00e1rea recibieron ese mismo premio y se obtuvo el 29 de junio de ese a\u00f1o la categor\u00eda de excelencia.<\/p><p>El programa de la Maestr\u00eda en Estudios Sociales de la Ciencia y la Tecnolog\u00eda se inscribe en una importante tradici\u00f3n internacional fomentada en Cuba con especial \u00e9nfasis en las d\u00e9cadas del 80 -90 del Siglo anterior, con resultados e impactos visibles. La esencia de esta concepci\u00f3n es que el campo de Ciencia, Tecnolog\u00eda y Sociedad (CTS) disponga de un sistema de educaci\u00f3n continua que atienda diversas exigencias de formaci\u00f3n y optimice la utilizaci\u00f3n de los recursos materiales y humanos, y articule directamente con la formaci\u00f3n doctoral. A trav\u00e9s de la discusi\u00f3n de la bibliograf\u00eda estudiada en CTS, de la realizaci\u00f3n de investigaciones te\u00f3rico \/ emp\u00edricas y por medio de la pr\u00e1ctica profesional vinculada a este perfil, al t\u00e9rmino del programa los alumnos deben ser capaces de: asimilar, evaluar, criticar y aplicar los principales desarrollos te\u00f3ricos contempor\u00e1neos en el campo de los estudios CTS; perfeccionar los programas de ense\u00f1anza CTS vigentes en Cuba e impartirlos; formular y llevar a cabo proyectos de investigaci\u00f3n CTS dentro de las l\u00edneas que define el programa; evaluar y proyectar procesos educativos en centros de Educaci\u00f3n Superior que involucren conocimientos y enfoques CTS; publicar art\u00edculos cient\u00edficos en revistas arbitradas; asesorar proyectos de gesti\u00f3n de la ciencia e innovaci\u00f3n, la tecnolog\u00eda y la innovaci\u00f3n; orientar y avanzar las propuestas de pol\u00edticas de ciencia, tecnolog\u00eda e innovaci\u00f3n. Los graduados del programa estar\u00e1n capacitados para desarrollar actividades de docencia e investigaci\u00f3n en el campo CTS, pueden participar en el dise\u00f1o, ejecuci\u00f3n y control de pol\u00edticas en ciencia y tecnolog\u00eda, con \u00e9nfasis en las universidades, aplicar sus conocimientos en el perfeccionamiento de la ense\u00f1anza a diferentes niveles y en la divulgaci\u00f3n cient\u00edfico t\u00e9cnica.<\/p><p><strong>Cursos que se imparten:<\/strong><\/p><p>Introducci\u00f3n a los Estudios CTS, Metodolog\u00eda de la Investigaci\u00f3n Cient\u00edfica, Teor\u00eda social, Teor\u00edas sobre el desarrollo, Pol\u00edtica cient\u00edfica y tecnol\u00f3gica y estrategia de desarrollo econ\u00f3mico y\u00a0 social en Cuba, La ciencia y la tecnolog\u00eda en la historia de Cuba, Los Estudios CTS: problemas y tradiciones, Educaci\u00f3n en CTS, Teor\u00eda de la complejidad, Ciencia, tecnolog\u00eda y sociedad: La perspectiva de g\u00e9nero, Universidad, ciencia y tecnolog\u00eda, Gesti\u00f3n de la ciencia, la tecnolog\u00eda y la innovaci\u00f3n, Ciencia y tecnolog\u00eda en Cuba: oportunidades y desaf\u00edos, El nuevo paradigma Tecnoecon\u00f3mico y su impacto en las relaciones econ\u00f3micas internacionales y Medio Ambiente y Desarrollo.<\/p><table style=\"height: 19px;\" border=\"0\" width=\"115\" cellspacing=\"0\" cellpadding=\"0\"><tbody><tr><td>\u00a0<\/td><\/tr><\/tbody><\/table>\t\t\t\t\t\t\t\t<\/div>\n\t\t\t\t<\/div>\n\t\t\t\t\t<\/div>\n\t\t<\/div>\n\t\t\t\t\t<\/div>\n\t\t<\/section>\n\t\t\t\t<\/div>\n\t\t","protected":false},"excerpt":{"rendered":"<p>Maestr\u00eda en Estudios Sociales de la Ciencia y la Tecnolog\u00eda. Facultad de Ciencias Sociales. Duraci\u00f3n: 3 a\u00f1os. Categor\u00eda de acreditaci\u00f3n: Excelencia. Coordinadora: Dr. C. Yoandra Olivert Fern\u00e1ndez. Correo: yolivert@ucf.edu.cu Descripci\u00f3n: En 1997<a class=\"moretag\" href=\"https:\/\/www.ucf.edu.cu\/?page_id=2162\">Leer m\u00e1s&#8230;<\/a><\/p>\n","protected":false},"author":6,"featured_media":0,"parent":0,"menu_order":0,"comment_status":"closed","ping_status":"closed","template":"page-intra.php","meta":{"footnotes":""},"class_list":["post-2162","page","type-page","status-publish","hentry"],"yoast_head":"<!-- This site is optimized with the Yoast SEO plugin v27.3 - https:\/\/yoast.com\/product\/yoast-seo-wordpress\/ -->\n<title>maestria_esociales<\/title>\n<meta name=\"robots\" content=\"index, follow, max-snippet:-1, max-image-preview:large, max-video-preview:-1\" \/>\n<link rel=\"canonical\" href=\"https:\/\/www.ucf.edu.cu\/?page_id=2162\" \/>\n<meta property=\"og:locale\" content=\"es_ES\" \/>\n<meta property=\"og:type\" content=\"article\" \/>\n<meta property=\"og:title\" content=\"maestria_esociales\" \/>\n<meta property=\"og:description\" content=\"Maestr\u00eda en Estudios Sociales de la Ciencia y la Tecnolog\u00eda. Facultad de Ciencias Sociales. Duraci\u00f3n: 3 a\u00f1os. Categor\u00eda de acreditaci\u00f3n: Excelencia. Coordinadora: Dr. C. Yoandra Olivert Fern\u00e1ndez. Correo: yolivert@ucf.edu.cu Descripci\u00f3n: En 1997Leer m\u00e1s...\" \/>\n<meta property=\"og:url\" content=\"https:\/\/www.ucf.edu.cu\/?page_id=2162\" \/>\n<meta property=\"og:site_name\" content=\"Universidad de Cienfuegos\" \/>\n<meta property=\"article:publisher\" content=\"https:\/\/www.facebook.com\/ucfgos\/\" \/>\n<meta property=\"article:modified_time\" content=\"2023-05-29T13:25:10+00:00\" \/>\n<meta property=\"og:image\" content=\"https:\/\/www.ucf.edu.cu\/wp-content\/uploads\/2024\/01\/Logo_UCf-scaled-1.jpg\" \/>\n\t<meta property=\"og:image:width\" content=\"2560\" \/>\n\t<meta property=\"og:image:height\" content=\"951\" \/>\n\t<meta property=\"og:image:type\" content=\"image\/jpeg\" \/>\n<meta name=\"twitter:card\" content=\"summary_large_image\" \/>\n<meta name=\"twitter:site\" content=\"@ucfgos\" \/>\n<meta name=\"twitter:label1\" content=\"Tiempo de lectura\" \/>\n\t<meta name=\"twitter:data1\" content=\"3 minutos\" \/>\n<script type=\"application\/ld+json\" class=\"yoast-schema-graph\">{\"@context\":\"https:\\\/\\\/schema.org\",\"@graph\":[{\"@type\":\"WebPage\",\"@id\":\"https:\\\/\\\/www.ucf.edu.cu\\\/?page_id=2162\",\"url\":\"https:\\\/\\\/www.ucf.edu.cu\\\/?page_id=2162\",\"name\":\"maestria_esociales\",\"isPartOf\":{\"@id\":\"https:\\\/\\\/www.ucf.edu.cu\\\/#website\"},\"datePublished\":\"2019-04-24T21:18:44+00:00\",\"dateModified\":\"2023-05-29T13:25:10+00:00\",\"breadcrumb\":{\"@id\":\"https:\\\/\\\/www.ucf.edu.cu\\\/?page_id=2162#breadcrumb\"},\"inLanguage\":\"es\",\"potentialAction\":[{\"@type\":\"ReadAction\",\"target\":[\"https:\\\/\\\/www.ucf.edu.cu\\\/?page_id=2162\"]}]},{\"@type\":\"BreadcrumbList\",\"@id\":\"https:\\\/\\\/www.ucf.edu.cu\\\/?page_id=2162#breadcrumb\",\"itemListElement\":[{\"@type\":\"ListItem\",\"position\":1,\"name\":\"Portada\",\"item\":\"https:\\\/\\\/www.ucf.edu.cu\\\/\"},{\"@type\":\"ListItem\",\"position\":2,\"name\":\"Maestr\u00eda en Estudios Sociales de la Ciencia y la Tecnolog\u00eda\"}]},{\"@type\":\"WebSite\",\"@id\":\"https:\\\/\\\/www.ucf.edu.cu\\\/#website\",\"url\":\"https:\\\/\\\/www.ucf.edu.cu\\\/\",\"name\":\"Universidad de Cienfuegos\",\"description\":\"Portal Web Universidad de Cienfuegos\",\"publisher\":{\"@id\":\"https:\\\/\\\/www.ucf.edu.cu\\\/#organization\"},\"alternateName\":\"Portal institucional de la UCf\",\"potentialAction\":[{\"@type\":\"SearchAction\",\"target\":{\"@type\":\"EntryPoint\",\"urlTemplate\":\"https:\\\/\\\/www.ucf.edu.cu\\\/?s={search_term_string}\"},\"query-input\":{\"@type\":\"PropertyValueSpecification\",\"valueRequired\":true,\"valueName\":\"search_term_string\"}}],\"inLanguage\":\"es\"},{\"@type\":\"Organization\",\"@id\":\"https:\\\/\\\/www.ucf.edu.cu\\\/#organization\",\"name\":\"Universidad de Cienfuegos\",\"url\":\"https:\\\/\\\/www.ucf.edu.cu\\\/\",\"logo\":{\"@type\":\"ImageObject\",\"inLanguage\":\"es\",\"@id\":\"https:\\\/\\\/www.ucf.edu.cu\\\/#\\\/schema\\\/logo\\\/image\\\/\",\"url\":\"https:\\\/\\\/www.ucf.edu.cu\\\/wp-content\\\/uploads\\\/2020\\\/11\\\/fe77b047cf65bbf66915926fa3c00c93_L.jpg\",\"contentUrl\":\"https:\\\/\\\/www.ucf.edu.cu\\\/wp-content\\\/uploads\\\/2020\\\/11\\\/fe77b047cf65bbf66915926fa3c00c93_L.jpg\",\"width\":1000,\"height\":763,\"caption\":\"Universidad de Cienfuegos\"},\"image\":{\"@id\":\"https:\\\/\\\/www.ucf.edu.cu\\\/#\\\/schema\\\/logo\\\/image\\\/\"},\"sameAs\":[\"https:\\\/\\\/www.facebook.com\\\/ucfgos\\\/\",\"https:\\\/\\\/x.com\\\/ucfgos\",\"https:\\\/\\\/www.instagram.com\\\/ucfgos\",\"https:\\\/\\\/www.youtube.com\\\/channel\\\/UCymAZYZHmPzh48cHLG6Nx4A\"]}]}<\/script>\n<!-- \/ Yoast SEO plugin. -->","yoast_head_json":{"title":"maestria_esociales","robots":{"index":"index","follow":"follow","max-snippet":"max-snippet:-1","max-image-preview":"max-image-preview:large","max-video-preview":"max-video-preview:-1"},"canonical":"https:\/\/www.ucf.edu.cu\/?page_id=2162","og_locale":"es_ES","og_type":"article","og_title":"maestria_esociales","og_description":"Maestr\u00eda en Estudios Sociales de la Ciencia y la Tecnolog\u00eda. Facultad de Ciencias Sociales. Duraci\u00f3n: 3 a\u00f1os. Categor\u00eda de acreditaci\u00f3n: Excelencia. Coordinadora: Dr. C. Yoandra Olivert Fern\u00e1ndez. Correo: yolivert@ucf.edu.cu Descripci\u00f3n: En 1997Leer m\u00e1s...","og_url":"https:\/\/www.ucf.edu.cu\/?page_id=2162","og_site_name":"Universidad de Cienfuegos","article_publisher":"https:\/\/www.facebook.com\/ucfgos\/","article_modified_time":"2023-05-29T13:25:10+00:00","og_image":[{"width":2560,"height":951,"url":"https:\/\/www.ucf.edu.cu\/wp-content\/uploads\/2024\/01\/Logo_UCf-scaled-1.jpg","type":"image\/jpeg"}],"twitter_card":"summary_large_image","twitter_site":"@ucfgos","twitter_misc":{"Tiempo de lectura":"3 minutos"},"schema":{"@context":"https:\/\/schema.org","@graph":[{"@type":"WebPage","@id":"https:\/\/www.ucf.edu.cu\/?page_id=2162","url":"https:\/\/www.ucf.edu.cu\/?page_id=2162","name":"maestria_esociales","isPartOf":{"@id":"https:\/\/www.ucf.edu.cu\/#website"},"datePublished":"2019-04-24T21:18:44+00:00","dateModified":"2023-05-29T13:25:10+00:00","breadcrumb":{"@id":"https:\/\/www.ucf.edu.cu\/?page_id=2162#breadcrumb"},"inLanguage":"es","potentialAction":[{"@type":"ReadAction","target":["https:\/\/www.ucf.edu.cu\/?page_id=2162"]}]},{"@type":"BreadcrumbList","@id":"https:\/\/www.ucf.edu.cu\/?page_id=2162#breadcrumb","itemListElement":[{"@type":"ListItem","position":1,"name":"Portada","item":"https:\/\/www.ucf.edu.cu\/"},{"@type":"ListItem","position":2,"name":"Maestr\u00eda en Estudios Sociales de la Ciencia y la Tecnolog\u00eda"}]},{"@type":"WebSite","@id":"https:\/\/www.ucf.edu.cu\/#website","url":"https:\/\/www.ucf.edu.cu\/","name":"Universidad de Cienfuegos","description":"Portal Web Universidad de Cienfuegos","publisher":{"@id":"https:\/\/www.ucf.edu.cu\/#organization"},"alternateName":"Portal institucional de la UCf","potentialAction":[{"@type":"SearchAction","target":{"@type":"EntryPoint","urlTemplate":"https:\/\/www.ucf.edu.cu\/?s={search_term_string}"},"query-input":{"@type":"PropertyValueSpecification","valueRequired":true,"valueName":"search_term_string"}}],"inLanguage":"es"},{"@type":"Organization","@id":"https:\/\/www.ucf.edu.cu\/#organization","name":"Universidad de Cienfuegos","url":"https:\/\/www.ucf.edu.cu\/","logo":{"@type":"ImageObject","inLanguage":"es","@id":"https:\/\/www.ucf.edu.cu\/#\/schema\/logo\/image\/","url":"https:\/\/www.ucf.edu.cu\/wp-content\/uploads\/2020\/11\/fe77b047cf65bbf66915926fa3c00c93_L.jpg","contentUrl":"https:\/\/www.ucf.edu.cu\/wp-content\/uploads\/2020\/11\/fe77b047cf65bbf66915926fa3c00c93_L.jpg","width":1000,"height":763,"caption":"Universidad de Cienfuegos"},"image":{"@id":"https:\/\/www.ucf.edu.cu\/#\/schema\/logo\/image\/"},"sameAs":["https:\/\/www.facebook.com\/ucfgos\/","https:\/\/x.com\/ucfgos","https:\/\/www.instagram.com\/ucfgos","https:\/\/www.youtube.com\/channel\/UCymAZYZHmPzh48cHLG6Nx4A"]}]}},"_links":{"self":[{"href":"https:\/\/www.ucf.edu.cu\/index.php?rest_route=\/wp\/v2\/pages\/2162","targetHints":{"allow":["GET"]}}],"collection":[{"href":"https:\/\/www.ucf.edu.cu\/index.php?rest_route=\/wp\/v2\/pages"}],"about":[{"href":"https:\/\/www.ucf.edu.cu\/index.php?rest_route=\/wp\/v2\/types\/page"}],"author":[{"embeddable":true,"href":"https:\/\/www.ucf.edu.cu\/index.php?rest_route=\/wp\/v2\/users\/6"}],"replies":[{"embeddable":true,"href":"https:\/\/www.ucf.edu.cu\/index.php?rest_route=%2Fwp%2Fv2%2Fcomments&post=2162"}],"version-history":[{"count":11,"href":"https:\/\/www.ucf.edu.cu\/index.php?rest_route=\/wp\/v2\/pages\/2162\/revisions"}],"predecessor-version":[{"id":12995,"href":"https:\/\/www.ucf.edu.cu\/index.php?rest_route=\/wp\/v2\/pages\/2162\/revisions\/12995"}],"wp:attachment":[{"href":"https:\/\/www.ucf.edu.cu\/index.php?rest_route=%2Fwp%2Fv2%2Fmedia&parent=2162"}],"curies":[{"name":"wp","href":"https:\/\/api.w.org\/{rel}","templated":true}]}}