{"id":2181,"date":"2019-04-24T21:40:23","date_gmt":"2019-04-24T21:40:23","guid":{"rendered":"http:\/\/intra.ucf.edu.cu\/?page_id=2181"},"modified":"2023-05-31T16:22:58","modified_gmt":"2023-05-31T16:22:58","slug":"doctorado-tutelar-ciencias-tecnicas-termotecnia","status":"publish","type":"page","link":"https:\/\/www.ucf.edu.cu\/?page_id=2181","title":{"rendered":"DOCTORADO EN TECNOLOGIAS ENERG\u00c9TICAS E INDUSTRIALES SOSTENIBLES"},"content":{"rendered":"\t\t<div data-elementor-type=\"wp-page\" data-elementor-id=\"2181\" class=\"elementor elementor-2181\">\n\t\t\t\t\t\t<section class=\"elementor-section elementor-top-section elementor-element elementor-element-f72c5e9 elementor-section-boxed elementor-section-height-default elementor-section-height-default\" data-id=\"f72c5e9\" data-element_type=\"section\" data-e-type=\"section\">\n\t\t\t\t\t\t<div class=\"elementor-container elementor-column-gap-default\">\n\t\t\t\t\t<div class=\"elementor-column elementor-col-100 elementor-top-column elementor-element elementor-element-53a6e40\" data-id=\"53a6e40\" data-element_type=\"column\" data-e-type=\"column\">\n\t\t\t<div class=\"elementor-widget-wrap elementor-element-populated\">\n\t\t\t\t\t\t<div class=\"elementor-element elementor-element-caa3cfa elementor-widget elementor-widget-text-editor\" data-id=\"caa3cfa\" data-element_type=\"widget\" data-e-type=\"widget\" data-widget_type=\"text-editor.default\">\n\t\t\t\t<div class=\"elementor-widget-container\">\n\t\t\t\t\t\t\t\t\t<p><strong>\u00c1rea administrativa que responde por el programa en la Universidad:<\/strong> Centro de Estudios de Energ\u00eda y Medioambiente (CEEMA)<\/p><p><strong>Categor\u00eda de acreditaci\u00f3n:<\/strong> Programa Autorizado.<\/p><p><strong>Coordinador:<\/strong> Dr. C. Mario Antonio \u00c1lvarez Guerra- Placencia.<\/p><p><strong>Correo:<\/strong> maguerra@ucf.edu.cu<\/p><p><strong>Descripci\u00f3n:<\/strong><\/p><p><strong>Objetivo general:<\/strong> Formar doctores en Ciencias T\u00e9cnicas con conocimientos cient\u00edficos y t\u00e9cnicos en las tecnolog\u00edas energ\u00e9ticas e industriales sostenibles.<\/p><p><strong>L\u00edneas de investigaci\u00f3n:<\/strong><\/p><ol><li>1. Transformaciones energ\u00e9ticas sostenibles.<\/li><li>2. Producciones m\u00e1s limpias.<\/li><li>3. Tecnolog\u00edas aplicadas a la mec\u00e1nica y la ciberindustria.<\/li><\/ol><p><strong>Requisitos de admisi\u00f3n:<\/strong><\/p><p>El solicitante deber\u00e1 ser graduado universitario en cualquiera de las \u00e1reas del conocimiento cient\u00edfico y profesiones cuyo perfil se vincule con las tem\u00e1ticas y objetivos del mismo. Es requisito adem\u00e1s para ingresar al programa, tener menos de 35 a\u00f1os. Las excepciones a esto ser\u00e1n autorizadas por la Comisi\u00f3n Nacional de Grados Cient\u00edficos.<\/p><p>Ser\u00e1n priorizados los solicitantes que hayan concluido satisfactoriamente una maestr\u00eda o especialidad de postgrado en perfiles afines al programa de doctorado, los profesores e investigadores con categor\u00eda docente superior, as\u00ed como los temas de investigaci\u00f3n priorizados por las universidades participantes o que impliquen compromisos de colaboraci\u00f3n internacional.<\/p><p><strong>Sistema de evaluaci\u00f3n:\u00a0<\/strong><\/p><p>El doctorando deber\u00e1 completar un total de 110 cr\u00e9ditos, los que se distribuyen del siguiente modo: Formaci\u00f3n Investigativa (65 cr\u00e9ditos), formaci\u00f3n te\u00f3rico- metodol\u00f3gica (30 cr\u00e9ditos) y redacci\u00f3n de la tesis, predefensa y preparaci\u00f3n para la defensa (15 cr\u00e9ditos).<\/p>\t\t\t\t\t\t\t\t<\/div>\n\t\t\t\t<\/div>\n\t\t\t\t\t<\/div>\n\t\t<\/div>\n\t\t\t\t\t<\/div>\n\t\t<\/section>\n\t\t\t\t<\/div>\n\t\t","protected":false},"excerpt":{"rendered":"<p>\u00c1rea administrativa que responde por el programa en la Universidad: Centro de Estudios de Energ\u00eda y Medioambiente (CEEMA) Categor\u00eda de acreditaci\u00f3n: Programa Autorizado. Coordinador: Dr. C. Mario Antonio \u00c1lvarez Guerra- Placencia. Correo:<a class=\"moretag\" href=\"https:\/\/www.ucf.edu.cu\/?page_id=2181\">Leer m\u00e1s&#8230;<\/a><\/p>\n","protected":false},"author":6,"featured_media":0,"parent":0,"menu_order":0,"comment_status":"closed","ping_status":"closed","template":"page-intra.php","meta":{"_eb_attr":"","footnotes":""},"class_list":["post-2181","page","type-page","status-publish","hentry"],"yoast_head":"<!-- This site is optimized with the Yoast SEO plugin v27.5 - https:\/\/yoast.com\/product\/yoast-seo-wordpress\/ -->\n<title>Doctorado tecnologias energeticas | Universidad de Cienfuegos<\/title>\n<meta name=\"robots\" content=\"index, follow, max-snippet:-1, max-image-preview:large, max-video-preview:-1\" \/>\n<link rel=\"canonical\" href=\"https:\/\/www.ucf.edu.cu\/?page_id=2181\" \/>\n<meta property=\"og:locale\" content=\"es_ES\" \/>\n<meta property=\"og:type\" content=\"article\" \/>\n<meta property=\"og:title\" content=\"Doctorado tecnologias energeticas | Universidad de Cienfuegos\" \/>\n<meta property=\"og:description\" content=\"\u00c1rea administrativa que responde por el programa en la Universidad: Centro de Estudios de Energ\u00eda y Medioambiente (CEEMA) Categor\u00eda de acreditaci\u00f3n: Programa Autorizado. Coordinador: Dr. C. Mario Antonio \u00c1lvarez Guerra- Placencia. Correo:Leer m\u00e1s...\" \/>\n<meta property=\"og:url\" content=\"https:\/\/www.ucf.edu.cu\/?page_id=2181\" \/>\n<meta property=\"og:site_name\" content=\"Universidad de Cienfuegos\" \/>\n<meta property=\"article:publisher\" content=\"https:\/\/www.facebook.com\/ucfgos\/\" \/>\n<meta property=\"article:modified_time\" content=\"2023-05-31T16:22:58+00:00\" \/>\n<meta property=\"og:image\" content=\"https:\/\/www.ucf.edu.cu\/wp-content\/uploads\/2024\/01\/Logo_UCf-scaled-1.jpg\" \/>\n\t<meta property=\"og:image:width\" content=\"2560\" \/>\n\t<meta property=\"og:image:height\" content=\"951\" \/>\n\t<meta property=\"og:image:type\" content=\"image\/jpeg\" \/>\n<meta name=\"twitter:card\" content=\"summary_large_image\" \/>\n<meta name=\"twitter:site\" content=\"@ucfgos\" \/>\n<meta name=\"twitter:label1\" content=\"Tiempo de lectura\" \/>\n\t<meta name=\"twitter:data1\" content=\"1 minuto\" \/>\n<script type=\"application\/ld+json\" class=\"yoast-schema-graph\">{\"@context\":\"https:\\\/\\\/schema.org\",\"@graph\":[{\"@type\":\"WebPage\",\"@id\":\"https:\\\/\\\/www.ucf.edu.cu\\\/?page_id=2181\",\"url\":\"https:\\\/\\\/www.ucf.edu.cu\\\/?page_id=2181\",\"name\":\"Doctorado tecnologias energeticas | Universidad de Cienfuegos\",\"isPartOf\":{\"@id\":\"https:\\\/\\\/www.ucf.edu.cu\\\/#website\"},\"datePublished\":\"2019-04-24T21:40:23+00:00\",\"dateModified\":\"2023-05-31T16:22:58+00:00\",\"breadcrumb\":{\"@id\":\"https:\\\/\\\/www.ucf.edu.cu\\\/?page_id=2181#breadcrumb\"},\"inLanguage\":\"es\",\"potentialAction\":[{\"@type\":\"ReadAction\",\"target\":[\"https:\\\/\\\/www.ucf.edu.cu\\\/?page_id=2181\"]}]},{\"@type\":\"BreadcrumbList\",\"@id\":\"https:\\\/\\\/www.ucf.edu.cu\\\/?page_id=2181#breadcrumb\",\"itemListElement\":[{\"@type\":\"ListItem\",\"position\":1,\"name\":\"Portada\",\"item\":\"https:\\\/\\\/www.ucf.edu.cu\\\/\"},{\"@type\":\"ListItem\",\"position\":2,\"name\":\"DOCTORADO EN TECNOLOGIAS ENERG\u00c9TICAS E INDUSTRIALES SOSTENIBLES\"}]},{\"@type\":\"WebSite\",\"@id\":\"https:\\\/\\\/www.ucf.edu.cu\\\/#website\",\"url\":\"https:\\\/\\\/www.ucf.edu.cu\\\/\",\"name\":\"Universidad de Cienfuegos\",\"description\":\"Portal Web Universidad de Cienfuegos\",\"publisher\":{\"@id\":\"https:\\\/\\\/www.ucf.edu.cu\\\/#organization\"},\"alternateName\":\"Portal institucional de la UCf\",\"potentialAction\":[{\"@type\":\"SearchAction\",\"target\":{\"@type\":\"EntryPoint\",\"urlTemplate\":\"https:\\\/\\\/www.ucf.edu.cu\\\/?s={search_term_string}\"},\"query-input\":{\"@type\":\"PropertyValueSpecification\",\"valueRequired\":true,\"valueName\":\"search_term_string\"}}],\"inLanguage\":\"es\"},{\"@type\":\"Organization\",\"@id\":\"https:\\\/\\\/www.ucf.edu.cu\\\/#organization\",\"name\":\"Universidad de Cienfuegos\",\"url\":\"https:\\\/\\\/www.ucf.edu.cu\\\/\",\"logo\":{\"@type\":\"ImageObject\",\"inLanguage\":\"es\",\"@id\":\"https:\\\/\\\/www.ucf.edu.cu\\\/#\\\/schema\\\/logo\\\/image\\\/\",\"url\":\"https:\\\/\\\/www.ucf.edu.cu\\\/wp-content\\\/uploads\\\/2020\\\/11\\\/fe77b047cf65bbf66915926fa3c00c93_L.jpg\",\"contentUrl\":\"https:\\\/\\\/www.ucf.edu.cu\\\/wp-content\\\/uploads\\\/2020\\\/11\\\/fe77b047cf65bbf66915926fa3c00c93_L.jpg\",\"width\":1000,\"height\":763,\"caption\":\"Universidad de Cienfuegos\"},\"image\":{\"@id\":\"https:\\\/\\\/www.ucf.edu.cu\\\/#\\\/schema\\\/logo\\\/image\\\/\"},\"sameAs\":[\"https:\\\/\\\/www.facebook.com\\\/ucfgos\\\/\",\"https:\\\/\\\/x.com\\\/ucfgos\",\"https:\\\/\\\/www.instagram.com\\\/ucfgos\",\"https:\\\/\\\/www.youtube.com\\\/channel\\\/UCymAZYZHmPzh48cHLG6Nx4A\"]}]}<\/script>\n<!-- \/ Yoast SEO plugin. -->","yoast_head_json":{"title":"Doctorado tecnologias energeticas | Universidad de Cienfuegos","robots":{"index":"index","follow":"follow","max-snippet":"max-snippet:-1","max-image-preview":"max-image-preview:large","max-video-preview":"max-video-preview:-1"},"canonical":"https:\/\/www.ucf.edu.cu\/?page_id=2181","og_locale":"es_ES","og_type":"article","og_title":"Doctorado tecnologias energeticas | Universidad de Cienfuegos","og_description":"\u00c1rea administrativa que responde por el programa en la Universidad: Centro de Estudios de Energ\u00eda y Medioambiente (CEEMA) Categor\u00eda de acreditaci\u00f3n: Programa Autorizado. Coordinador: Dr. C. Mario Antonio \u00c1lvarez Guerra- Placencia. Correo:Leer m\u00e1s...","og_url":"https:\/\/www.ucf.edu.cu\/?page_id=2181","og_site_name":"Universidad de Cienfuegos","article_publisher":"https:\/\/www.facebook.com\/ucfgos\/","article_modified_time":"2023-05-31T16:22:58+00:00","og_image":[{"width":2560,"height":951,"url":"https:\/\/www.ucf.edu.cu\/wp-content\/uploads\/2024\/01\/Logo_UCf-scaled-1.jpg","type":"image\/jpeg"}],"twitter_card":"summary_large_image","twitter_site":"@ucfgos","twitter_misc":{"Tiempo de lectura":"1 minuto"},"schema":{"@context":"https:\/\/schema.org","@graph":[{"@type":"WebPage","@id":"https:\/\/www.ucf.edu.cu\/?page_id=2181","url":"https:\/\/www.ucf.edu.cu\/?page_id=2181","name":"Doctorado tecnologias energeticas | Universidad de Cienfuegos","isPartOf":{"@id":"https:\/\/www.ucf.edu.cu\/#website"},"datePublished":"2019-04-24T21:40:23+00:00","dateModified":"2023-05-31T16:22:58+00:00","breadcrumb":{"@id":"https:\/\/www.ucf.edu.cu\/?page_id=2181#breadcrumb"},"inLanguage":"es","potentialAction":[{"@type":"ReadAction","target":["https:\/\/www.ucf.edu.cu\/?page_id=2181"]}]},{"@type":"BreadcrumbList","@id":"https:\/\/www.ucf.edu.cu\/?page_id=2181#breadcrumb","itemListElement":[{"@type":"ListItem","position":1,"name":"Portada","item":"https:\/\/www.ucf.edu.cu\/"},{"@type":"ListItem","position":2,"name":"DOCTORADO EN TECNOLOGIAS ENERG\u00c9TICAS E INDUSTRIALES SOSTENIBLES"}]},{"@type":"WebSite","@id":"https:\/\/www.ucf.edu.cu\/#website","url":"https:\/\/www.ucf.edu.cu\/","name":"Universidad de Cienfuegos","description":"Portal Web Universidad de Cienfuegos","publisher":{"@id":"https:\/\/www.ucf.edu.cu\/#organization"},"alternateName":"Portal institucional de la UCf","potentialAction":[{"@type":"SearchAction","target":{"@type":"EntryPoint","urlTemplate":"https:\/\/www.ucf.edu.cu\/?s={search_term_string}"},"query-input":{"@type":"PropertyValueSpecification","valueRequired":true,"valueName":"search_term_string"}}],"inLanguage":"es"},{"@type":"Organization","@id":"https:\/\/www.ucf.edu.cu\/#organization","name":"Universidad de Cienfuegos","url":"https:\/\/www.ucf.edu.cu\/","logo":{"@type":"ImageObject","inLanguage":"es","@id":"https:\/\/www.ucf.edu.cu\/#\/schema\/logo\/image\/","url":"https:\/\/www.ucf.edu.cu\/wp-content\/uploads\/2020\/11\/fe77b047cf65bbf66915926fa3c00c93_L.jpg","contentUrl":"https:\/\/www.ucf.edu.cu\/wp-content\/uploads\/2020\/11\/fe77b047cf65bbf66915926fa3c00c93_L.jpg","width":1000,"height":763,"caption":"Universidad de Cienfuegos"},"image":{"@id":"https:\/\/www.ucf.edu.cu\/#\/schema\/logo\/image\/"},"sameAs":["https:\/\/www.facebook.com\/ucfgos\/","https:\/\/x.com\/ucfgos","https:\/\/www.instagram.com\/ucfgos","https:\/\/www.youtube.com\/channel\/UCymAZYZHmPzh48cHLG6Nx4A"]}]}},"_links":{"self":[{"href":"https:\/\/www.ucf.edu.cu\/index.php?rest_route=\/wp\/v2\/pages\/2181","targetHints":{"allow":["GET"]}}],"collection":[{"href":"https:\/\/www.ucf.edu.cu\/index.php?rest_route=\/wp\/v2\/pages"}],"about":[{"href":"https:\/\/www.ucf.edu.cu\/index.php?rest_route=\/wp\/v2\/types\/page"}],"author":[{"embeddable":true,"href":"https:\/\/www.ucf.edu.cu\/index.php?rest_route=\/wp\/v2\/users\/6"}],"replies":[{"embeddable":true,"href":"https:\/\/www.ucf.edu.cu\/index.php?rest_route=%2Fwp%2Fv2%2Fcomments&post=2181"}],"version-history":[{"count":38,"href":"https:\/\/www.ucf.edu.cu\/index.php?rest_route=\/wp\/v2\/pages\/2181\/revisions"}],"predecessor-version":[{"id":13105,"href":"https:\/\/www.ucf.edu.cu\/index.php?rest_route=\/wp\/v2\/pages\/2181\/revisions\/13105"}],"wp:attachment":[{"href":"https:\/\/www.ucf.edu.cu\/index.php?rest_route=%2Fwp%2Fv2%2Fmedia&parent=2181"}],"curies":[{"name":"wp","href":"https:\/\/api.w.org\/{rel}","templated":true}]}}