{"id":407,"date":"2019-02-15T14:26:31","date_gmt":"2019-02-15T14:26:31","guid":{"rendered":"http:\/\/intra.ucf.edu.cu\/?page_id=407"},"modified":"2022-11-03T14:56:02","modified_gmt":"2022-11-03T14:56:02","slug":"mision-y-vision","status":"publish","type":"page","link":"https:\/\/www.ucf.edu.cu\/?page_id=407","title":{"rendered":"Misi\u00f3n y Visi\u00f3n"},"content":{"rendered":"\t\t<div data-elementor-type=\"wp-page\" data-elementor-id=\"407\" class=\"elementor elementor-407\">\n\t\t\t\t\t\t<section class=\"elementor-section elementor-top-section elementor-element elementor-element-7dfac9a elementor-section-boxed elementor-section-height-default elementor-section-height-default\" data-id=\"7dfac9a\" data-element_type=\"section\" data-e-type=\"section\">\n\t\t\t\t\t\t<div class=\"elementor-container elementor-column-gap-default\">\n\t\t\t\t\t<div class=\"elementor-column elementor-col-100 elementor-top-column elementor-element elementor-element-29e2e97\" data-id=\"29e2e97\" data-element_type=\"column\" data-e-type=\"column\">\n\t\t\t<div class=\"elementor-widget-wrap elementor-element-populated\">\n\t\t\t\t\t\t<div class=\"elementor-element elementor-element-93ced78 elementor-widget elementor-widget-text-editor\" data-id=\"93ced78\" data-element_type=\"widget\" data-e-type=\"widget\" data-widget_type=\"text-editor.default\">\n\t\t\t\t<div class=\"elementor-widget-container\">\n\t\t\t\t\t\t\t\t\t<p><strong>MISI\u00d3N<\/strong><\/p><p>La Universidad de Cienfuegos, \u00abCarlos Rafael Rodr\u00edguez\u00bb, UCf, tiene la MISI\u00d3N de gestionar mediante el conocimiento, la innovaci\u00f3n y la participaci\u00f3n inclusiva, la formaci\u00f3n integral y continua de profesionales competentes y comprometidos con la Revoluci\u00f3n Socialista, para la dinamizaci\u00f3n del desarrollo socioecon\u00f3mico sostenible del territorio.<\/p><p><strong>\u00a0VISI\u00d3N<br \/><\/strong><\/p><p>Somos una Universidad de Excelencia que:<\/p><p>\u00a0\u2013 Promueve el desarrollo inclusivo e innovador de la sociedad.<\/p><p>\u2013 Ofrece profesionales l\u00edderes comprometidos con el desarrollo sostenible de una sociedad m\u00e1s justa y equitativa.<\/p><p>\u2013 Exhibe desde cada uno de sus procesos pertinencia e impacto que se visibilizan nacional e internacionalmente.<\/p><p>\u2013 Protagoniza el desarrollo econ\u00f3mico y social del territorio mediante el v\u00ednculo Universidad-Empresa-Gobierno-Sociedad.\u00a0<\/p><p><strong>VALORES COMPARTIDOS<\/strong><\/p><table><tbody><tr><td width=\"189\"><p><strong>Valor<\/strong><\/p><\/td><td width=\"189\"><p><strong>Conceptualizaci\u00f3n<\/strong><\/p><\/td><td width=\"189\"><p><strong>Modos de actuaci\u00f3n<\/strong><\/p><\/td><\/tr><tr><td width=\"189\"><p><strong>Patriotismo<\/strong><\/p><\/td><td width=\"189\"><p>Lealtad a la Patria, la obra de Revoluci\u00f3n y el Socialismo pr\u00f3spero y sostenible. Preservaci\u00f3n de la unidad en torno al Partido, al pensamiento de Mart\u00ed, de Fidel y a la obra de la Revoluci\u00f3n Cubana. Contribuir a la obra colectiva y la salvaguarda del patrimonio p\u00fablico.<\/p><\/td><td width=\"189\"><p>1. Defender los valores patrios y los principios de la Revoluci\u00f3n Socialista en cualquier circunstancia.\u00a0<\/p><p>2. Participaci\u00f3n activa y consciente en las tareas de la Revoluci\u00f3n y su defensa. Desde todos los espacios, incluyendo el virtual.<\/p><\/td><\/tr><tr><td width=\"189\"><p><strong>Antimperialismo<\/strong><\/p><\/td><td width=\"189\"><p>Consciencia de la amenaza a la independencia y soberan\u00eda de nuestra patria radica en el m\u00e1s viejo enemigo el \u201cimperialismo norteamericano\u201d y que, por tanto, ser patriota en Cuba, s\u00f3lo es posible siendo socialista, fidelista y un internacionalista consecuente.<\/p><\/td><td width=\"189\"><p>1. Enfrentar las posiciones que amenazan en coaccionar a los m\u00e1s j\u00f3venes mediante la subversi\u00f3n pol\u00edtica e ideol\u00f3gica.<\/p><p>2. Profundizar en la historia de Cuba y en el pensamiento revolucionario cubano.<\/p><p>\u00a0<\/p><\/td><\/tr><tr><td width=\"189\"><p><strong>Compromiso social<\/strong><\/p><\/td><td width=\"189\"><p>Constituye la esencia de la comunidad universitaria cubana, pasa por la responsabilidad y disposici\u00f3n hacia la sociedad, dando respuesta a cada una de las problem\u00e1ticas de inter\u00e9s social y comunitario.\u00a0 Sentir como propio las obras de la revoluci\u00f3n, el trabajo docente y los activos intangibles adquiridos, con gran nivel de compromiso e implicaci\u00f3n.<\/p><\/td><td width=\"189\"><p>1. Responder a las necesidades de la sociedad mediante la docencia, la investigaci\u00f3n y la extensi\u00f3n universitaria. 2. Tener reconocimiento social como fruto de su actuaci\u00f3n consecuente con la labor educativa.<\/p><p>3. Aportar soluciones a problem\u00e1ticas identificadas en el territorio y en las comunidades.<\/p><p>4. Lealtad y apego a la gran casa de estudios.<\/p><p>5.Vinculaci\u00f3n \/satisfacci\u00f3n estudiante-instituci\u00f3n universitarias.<\/p><\/td><\/tr><tr><td width=\"189\"><p><strong>Honestidad<\/strong><\/p><\/td><td width=\"189\"><p>Actuaci\u00f3n con transparencia, con plena correspondencia entre la forma de pensar, expresarse y actuar, asumiendo una postura adecuada ante lo justo. Ser sincero, respetarse los unos a los otros, desarrollando nuestro apego incondicional a la verdad. Cumplir con la legalidad y los deberes ciudadanos, combatiendo las manifestaciones de fraude, indisciplina y doble moral. Actuaci\u00f3n con integridad y rectitud en todos los \u00e1mbitos de nuestra vida, tanto laboral como privada.<\/p><\/td><td width=\"189\"><p>1.\u00a0\u00a0 Brindar informaci\u00f3n veraz.\u00a0<\/p><p>2. Ser cr\u00edtico y autocr\u00edtico.<\/p><p>3. Comportamiento social \u00e9tico, caracterizado por la discreci\u00f3n.<\/p><p>4. Respetar la legalidad y la moral socialistas en todos nuestros \u00e1mbitos de actuaci\u00f3n.\u00a0<\/p><p>5. Usar adecuadamente los recursos con los que contamos<\/p><p>6. Enfrentar las manifestaciones de indisciplinas, fraude, ilegalidades, y los hechos de corrupci\u00f3n en la universidad y en la sociedad.<\/p><p>7. Administrar de forma adecuada los recursos de la organizaci\u00f3n.<\/p><p>8. Combatir la enajenaci\u00f3n de la propiedad social en beneficio de la propiedad persona.<\/p><p>\u00a0<\/p><\/td><\/tr><tr><td width=\"189\"><p><strong>Responsabilidad<\/strong><\/p><\/td><td width=\"189\"><p>Responsabilidad de la Universidad\u00a0\u00a0 por los impactos que sus decisiones y actividades ocasionan en la sociedad y el medio ambiente, a trav\u00e9s de un comportamiento transparente y \u00e9tico que: contribuya al desarrollo sostenible, la salud y el bienestar de la sociedad.\u00a0 Ejecuci\u00f3n con elevada \u00e9tica, profesionalidad y excelencia de todas nuestras misiones. Desarrollo de la capacidad de responder por los actos propios y velar porque estos no lesionen a nuestros semejantes, a la organizaci\u00f3n ni al entorno social y ambiental.<\/p><\/td><td width=\"189\"><p>1. Disciplina y respeto de las leyes y las normas, lo que se refleja en el cuidado de la propiedad social, el medio ambiente, el uso eficaz de los recursos, la observancia de la legalidad socialista, el respeto a las normas de convivencia social y la educaci\u00f3n formal Rigor, exigencia, evaluaci\u00f3n y control sistem\u00e1tico.\u00a0<\/p><p>2. Cumplimiento a tiempo y con calidad, de los objetivos y tareas asignadas.<\/p><p>3. Compromiso, consagraci\u00f3n y nivel de respuesta a las tareas asignadas a nivel individual y colectivo.<\/p><p>4. Inculcar valores, conocimientos, habilidades \u00fatiles para interactuar con el entorno social y ambiental.<\/p><p>\u00a0<\/p><\/td><\/tr><tr><td width=\"189\"><p><strong>Creatividad<\/strong><\/p><\/td><td width=\"189\"><p>Potenciamos el desarrollo de las capacidades, proporcionando flexibilidad, originalidad, sensibilidad ante los problemas y capacidad de reelaborar, en especial de los estudiantes, garantizando la superaci\u00f3n continua, un elevado e integral nivel de actualizaci\u00f3n y la apropiaci\u00f3n del m\u00e9todo dial\u00e9ctico, ser innovador, competitivo, eficiente y eficaz. Se consagra a su colectivo y organizaci\u00f3n con el objetivo de que cumplan el encargo social asignado.<\/p><\/td><td width=\"189\"><p>1. Incentivar la necesidad de la innovaci\u00f3n en profesores, investigadores, estudiantes y trabajadores, para coadyuvar al logro de un socialismo pr\u00f3spero y sostenible.<\/p><p>2. Saber buscar y sistematizar la informaci\u00f3n para utilizarla de forma creativa.\u00a0<\/p><p>3. Desarrollar permanentemente la capacidad multidisciplinaria de innovar, descubrir y crear nuevos proyectos y productos.<\/p><\/td><\/tr><tr><td width=\"189\"><p><strong>Humanismo<\/strong><\/p><\/td><td width=\"189\"><p>Somos de la convicci\u00f3n de que el centro y objetivo \u00faltimo de la sociedad socialista es el ser humano. Defendemos posiciones \u00e9ticas y rechazamos los postulados y acciones tecnocr\u00e1ticas y economicistas. Nos identificamos con la historia patria y las mejores tradiciones de la educaci\u00f3n superior cubana. Actuamos como activos promotores del pensamiento y obra humanista de la Revoluci\u00f3n Cubana en especial, con su sentido de la justicia social e internacionalismo.<\/p><\/td><td width=\"189\"><p>1. Reconocer el valor de cada persona en la sociedad<\/p><p>2. Estar en capacidad de sacrificarse por los dem\u00e1s.<\/p><p>3. Ser solidario con las personas dentro y fuera de la organizaci\u00f3n.<\/p><p>4. Favorecer y apoyar a los desvalidos y a las instituciones de menos desarrollo dentro de la organizaci\u00f3n.<\/p><\/td><\/tr><tr><td width=\"189\"><p><strong>Dignidad<\/strong><\/p><\/td><td width=\"189\"><p>Somos respetados por ser consecuentes con nuestros principios, justos y sinceros. Estamos orgullosos de la labor que realizamos en defensa de la Revoluci\u00f3n y en aras del desarrollo de la educaci\u00f3n superior cubana.<\/p><\/td><td width=\"189\"><p>1. Actuar en correspondencia con los valores reconocidos por la organizaci\u00f3n.<\/p><p>2. Rechazar cualquier manifestaci\u00f3n negativa, indisciplina, practicas individualistas, irresponsables que contradigan la actitud de un profesional.<\/p><\/td><\/tr><tr><td width=\"189\"><p><strong>Solidaridad<\/strong><\/p><\/td><td width=\"189\"><p>Fortalecer la consulta colectiva, ponerse en el lugar de los dem\u00e1s, anteponiendo el nosotros al yo, ser creativo, tomar decisiones colegiadas en la soluci\u00f3n de los problemas, adicionando la disposici\u00f3n de los profesionales del sector a colaborar en las distintas esferas a partir de las acciones a desarrollar del proceso de internacionalizaci\u00f3n.<\/p><\/td><td width=\"189\"><p>1. Apoyar incondicionalmente a las personas especialmente en situaciones comprometidas o dif\u00edciles.<\/p><p>2. Ser solidario con las personas dentro y fuera de la organizaci\u00f3n.\u00a0<\/p><p>3. Estar en capacidad de sacrificarse por los dem\u00e1s.<\/p><\/td><\/tr><tr><td width=\"189\"><p><strong>Profesionalidad<\/strong><\/p><\/td><td width=\"189\"><p>Ejercicio adecuado de la profesi\u00f3n, tener valores afianzados a la hora de ejercer para hacerlo de manera objetiva, ayudando a otras personas que soliciten sus servicios, aun cuando vaya en contra de sus creencias religiosas o de otro tipo. Ejercer la profesi\u00f3n que se estudi\u00f3 con capacidad, as\u00ed como con una gran efectividad y responsabilidad civil.<\/p><\/td><td width=\"189\"><p>1. Tener reconocimiento social como fruto de su actuaci\u00f3n consecuente con la labor educativa.<\/p><p>2. Ser ejemplo y actuar en correspondencia con los valores reconocidos por la organizaci\u00f3n.\u00a0<\/p><p>3. Formar estudiantes \u00edntegros.<\/p><\/td><\/tr><\/tbody><\/table><p>\u00a0<\/p>\t\t\t\t\t\t\t\t<\/div>\n\t\t\t\t<\/div>\n\t\t\t\t\t<\/div>\n\t\t<\/div>\n\t\t\t\t\t<\/div>\n\t\t<\/section>\n\t\t\t\t<\/div>\n\t\t","protected":false},"excerpt":{"rendered":"<p>MISI\u00d3N La Universidad de Cienfuegos, \u00abCarlos Rafael Rodr\u00edguez\u00bb, UCf, tiene la MISI\u00d3N de gestionar mediante el conocimiento, la innovaci\u00f3n y la participaci\u00f3n inclusiva, la formaci\u00f3n integral y continua de profesionales competentes y<a class=\"moretag\" href=\"https:\/\/www.ucf.edu.cu\/?page_id=407\">Leer m\u00e1s&#8230;<\/a><\/p>\n","protected":false},"author":1,"featured_media":0,"parent":0,"menu_order":0,"comment_status":"closed","ping_status":"closed","template":"page-intra.php","meta":{"footnotes":""},"class_list":["post-407","page","type-page","status-publish","hentry"],"yoast_head":"<!-- This site is optimized with the Yoast SEO plugin v27.3 - https:\/\/yoast.com\/product\/yoast-seo-wordpress\/ -->\n<title>mision<\/title>\n<meta name=\"robots\" content=\"index, follow, max-snippet:-1, max-image-preview:large, max-video-preview:-1\" \/>\n<link rel=\"canonical\" href=\"https:\/\/www.ucf.edu.cu\/?page_id=407\" \/>\n<meta property=\"og:locale\" content=\"es_ES\" \/>\n<meta property=\"og:type\" content=\"article\" \/>\n<meta property=\"og:title\" content=\"mision\" \/>\n<meta property=\"og:description\" content=\"MISI\u00d3N La Universidad de Cienfuegos, \u00abCarlos Rafael Rodr\u00edguez\u00bb, UCf, tiene la MISI\u00d3N de gestionar mediante el conocimiento, la innovaci\u00f3n y la participaci\u00f3n inclusiva, la formaci\u00f3n integral y continua de profesionales competentes yLeer m\u00e1s...\" \/>\n<meta property=\"og:url\" content=\"https:\/\/www.ucf.edu.cu\/?page_id=407\" \/>\n<meta property=\"og:site_name\" content=\"Universidad de Cienfuegos\" \/>\n<meta property=\"article:publisher\" content=\"https:\/\/www.facebook.com\/ucfgos\/\" \/>\n<meta property=\"article:modified_time\" content=\"2022-11-03T14:56:02+00:00\" \/>\n<meta property=\"og:image\" content=\"https:\/\/www.ucf.edu.cu\/wp-content\/uploads\/2024\/01\/Logo_UCf-scaled-1.jpg\" \/>\n\t<meta property=\"og:image:width\" content=\"2560\" \/>\n\t<meta property=\"og:image:height\" content=\"951\" \/>\n\t<meta property=\"og:image:type\" content=\"image\/jpeg\" \/>\n<meta name=\"twitter:card\" content=\"summary_large_image\" \/>\n<meta name=\"twitter:site\" content=\"@ucfgos\" \/>\n<meta name=\"twitter:label1\" content=\"Tiempo de lectura\" \/>\n\t<meta name=\"twitter:data1\" content=\"6 minutos\" \/>\n<script type=\"application\/ld+json\" class=\"yoast-schema-graph\">{\"@context\":\"https:\\\/\\\/schema.org\",\"@graph\":[{\"@type\":\"WebPage\",\"@id\":\"https:\\\/\\\/www.ucf.edu.cu\\\/?page_id=407\",\"url\":\"https:\\\/\\\/www.ucf.edu.cu\\\/?page_id=407\",\"name\":\"mision\",\"isPartOf\":{\"@id\":\"https:\\\/\\\/www.ucf.edu.cu\\\/#website\"},\"datePublished\":\"2019-02-15T14:26:31+00:00\",\"dateModified\":\"2022-11-03T14:56:02+00:00\",\"breadcrumb\":{\"@id\":\"https:\\\/\\\/www.ucf.edu.cu\\\/?page_id=407#breadcrumb\"},\"inLanguage\":\"es\",\"potentialAction\":[{\"@type\":\"ReadAction\",\"target\":[\"https:\\\/\\\/www.ucf.edu.cu\\\/?page_id=407\"]}]},{\"@type\":\"BreadcrumbList\",\"@id\":\"https:\\\/\\\/www.ucf.edu.cu\\\/?page_id=407#breadcrumb\",\"itemListElement\":[{\"@type\":\"ListItem\",\"position\":1,\"name\":\"Portada\",\"item\":\"https:\\\/\\\/www.ucf.edu.cu\\\/\"},{\"@type\":\"ListItem\",\"position\":2,\"name\":\"Misi\u00f3n y Visi\u00f3n\"}]},{\"@type\":\"WebSite\",\"@id\":\"https:\\\/\\\/www.ucf.edu.cu\\\/#website\",\"url\":\"https:\\\/\\\/www.ucf.edu.cu\\\/\",\"name\":\"Universidad de Cienfuegos\",\"description\":\"Portal Web Universidad de Cienfuegos\",\"publisher\":{\"@id\":\"https:\\\/\\\/www.ucf.edu.cu\\\/#organization\"},\"alternateName\":\"Portal institucional de la UCf\",\"potentialAction\":[{\"@type\":\"SearchAction\",\"target\":{\"@type\":\"EntryPoint\",\"urlTemplate\":\"https:\\\/\\\/www.ucf.edu.cu\\\/?s={search_term_string}\"},\"query-input\":{\"@type\":\"PropertyValueSpecification\",\"valueRequired\":true,\"valueName\":\"search_term_string\"}}],\"inLanguage\":\"es\"},{\"@type\":\"Organization\",\"@id\":\"https:\\\/\\\/www.ucf.edu.cu\\\/#organization\",\"name\":\"Universidad de Cienfuegos\",\"url\":\"https:\\\/\\\/www.ucf.edu.cu\\\/\",\"logo\":{\"@type\":\"ImageObject\",\"inLanguage\":\"es\",\"@id\":\"https:\\\/\\\/www.ucf.edu.cu\\\/#\\\/schema\\\/logo\\\/image\\\/\",\"url\":\"https:\\\/\\\/www.ucf.edu.cu\\\/wp-content\\\/uploads\\\/2020\\\/11\\\/fe77b047cf65bbf66915926fa3c00c93_L.jpg\",\"contentUrl\":\"https:\\\/\\\/www.ucf.edu.cu\\\/wp-content\\\/uploads\\\/2020\\\/11\\\/fe77b047cf65bbf66915926fa3c00c93_L.jpg\",\"width\":1000,\"height\":763,\"caption\":\"Universidad de Cienfuegos\"},\"image\":{\"@id\":\"https:\\\/\\\/www.ucf.edu.cu\\\/#\\\/schema\\\/logo\\\/image\\\/\"},\"sameAs\":[\"https:\\\/\\\/www.facebook.com\\\/ucfgos\\\/\",\"https:\\\/\\\/x.com\\\/ucfgos\",\"https:\\\/\\\/www.instagram.com\\\/ucfgos\",\"https:\\\/\\\/www.youtube.com\\\/channel\\\/UCymAZYZHmPzh48cHLG6Nx4A\"]}]}<\/script>\n<!-- \/ Yoast SEO plugin. -->","yoast_head_json":{"title":"mision","robots":{"index":"index","follow":"follow","max-snippet":"max-snippet:-1","max-image-preview":"max-image-preview:large","max-video-preview":"max-video-preview:-1"},"canonical":"https:\/\/www.ucf.edu.cu\/?page_id=407","og_locale":"es_ES","og_type":"article","og_title":"mision","og_description":"MISI\u00d3N La Universidad de Cienfuegos, \u00abCarlos Rafael Rodr\u00edguez\u00bb, UCf, tiene la MISI\u00d3N de gestionar mediante el conocimiento, la innovaci\u00f3n y la participaci\u00f3n inclusiva, la formaci\u00f3n integral y continua de profesionales competentes yLeer m\u00e1s...","og_url":"https:\/\/www.ucf.edu.cu\/?page_id=407","og_site_name":"Universidad de Cienfuegos","article_publisher":"https:\/\/www.facebook.com\/ucfgos\/","article_modified_time":"2022-11-03T14:56:02+00:00","og_image":[{"width":2560,"height":951,"url":"https:\/\/www.ucf.edu.cu\/wp-content\/uploads\/2024\/01\/Logo_UCf-scaled-1.jpg","type":"image\/jpeg"}],"twitter_card":"summary_large_image","twitter_site":"@ucfgos","twitter_misc":{"Tiempo de lectura":"6 minutos"},"schema":{"@context":"https:\/\/schema.org","@graph":[{"@type":"WebPage","@id":"https:\/\/www.ucf.edu.cu\/?page_id=407","url":"https:\/\/www.ucf.edu.cu\/?page_id=407","name":"mision","isPartOf":{"@id":"https:\/\/www.ucf.edu.cu\/#website"},"datePublished":"2019-02-15T14:26:31+00:00","dateModified":"2022-11-03T14:56:02+00:00","breadcrumb":{"@id":"https:\/\/www.ucf.edu.cu\/?page_id=407#breadcrumb"},"inLanguage":"es","potentialAction":[{"@type":"ReadAction","target":["https:\/\/www.ucf.edu.cu\/?page_id=407"]}]},{"@type":"BreadcrumbList","@id":"https:\/\/www.ucf.edu.cu\/?page_id=407#breadcrumb","itemListElement":[{"@type":"ListItem","position":1,"name":"Portada","item":"https:\/\/www.ucf.edu.cu\/"},{"@type":"ListItem","position":2,"name":"Misi\u00f3n y Visi\u00f3n"}]},{"@type":"WebSite","@id":"https:\/\/www.ucf.edu.cu\/#website","url":"https:\/\/www.ucf.edu.cu\/","name":"Universidad de Cienfuegos","description":"Portal Web Universidad de Cienfuegos","publisher":{"@id":"https:\/\/www.ucf.edu.cu\/#organization"},"alternateName":"Portal institucional de la UCf","potentialAction":[{"@type":"SearchAction","target":{"@type":"EntryPoint","urlTemplate":"https:\/\/www.ucf.edu.cu\/?s={search_term_string}"},"query-input":{"@type":"PropertyValueSpecification","valueRequired":true,"valueName":"search_term_string"}}],"inLanguage":"es"},{"@type":"Organization","@id":"https:\/\/www.ucf.edu.cu\/#organization","name":"Universidad de Cienfuegos","url":"https:\/\/www.ucf.edu.cu\/","logo":{"@type":"ImageObject","inLanguage":"es","@id":"https:\/\/www.ucf.edu.cu\/#\/schema\/logo\/image\/","url":"https:\/\/www.ucf.edu.cu\/wp-content\/uploads\/2020\/11\/fe77b047cf65bbf66915926fa3c00c93_L.jpg","contentUrl":"https:\/\/www.ucf.edu.cu\/wp-content\/uploads\/2020\/11\/fe77b047cf65bbf66915926fa3c00c93_L.jpg","width":1000,"height":763,"caption":"Universidad de Cienfuegos"},"image":{"@id":"https:\/\/www.ucf.edu.cu\/#\/schema\/logo\/image\/"},"sameAs":["https:\/\/www.facebook.com\/ucfgos\/","https:\/\/x.com\/ucfgos","https:\/\/www.instagram.com\/ucfgos","https:\/\/www.youtube.com\/channel\/UCymAZYZHmPzh48cHLG6Nx4A"]}]}},"_links":{"self":[{"href":"https:\/\/www.ucf.edu.cu\/index.php?rest_route=\/wp\/v2\/pages\/407","targetHints":{"allow":["GET"]}}],"collection":[{"href":"https:\/\/www.ucf.edu.cu\/index.php?rest_route=\/wp\/v2\/pages"}],"about":[{"href":"https:\/\/www.ucf.edu.cu\/index.php?rest_route=\/wp\/v2\/types\/page"}],"author":[{"embeddable":true,"href":"https:\/\/www.ucf.edu.cu\/index.php?rest_route=\/wp\/v2\/users\/1"}],"replies":[{"embeddable":true,"href":"https:\/\/www.ucf.edu.cu\/index.php?rest_route=%2Fwp%2Fv2%2Fcomments&post=407"}],"version-history":[{"count":24,"href":"https:\/\/www.ucf.edu.cu\/index.php?rest_route=\/wp\/v2\/pages\/407\/revisions"}],"predecessor-version":[{"id":10588,"href":"https:\/\/www.ucf.edu.cu\/index.php?rest_route=\/wp\/v2\/pages\/407\/revisions\/10588"}],"wp:attachment":[{"href":"https:\/\/www.ucf.edu.cu\/index.php?rest_route=%2Fwp%2Fv2%2Fmedia&parent=407"}],"curies":[{"name":"wp","href":"https:\/\/api.w.org\/{rel}","templated":true}]}}