{"id":454,"date":"2019-02-15T16:40:57","date_gmt":"2019-02-15T16:40:57","guid":{"rendered":"http:\/\/intra.ucf.edu.cu\/?page_id=454"},"modified":"2020-10-15T15:54:35","modified_gmt":"2020-10-15T15:54:35","slug":"pregrado","status":"publish","type":"page","link":"https:\/\/www.ucf.edu.cu\/?page_id=454","title":{"rendered":"Pregrado"},"content":{"rendered":"\t\t<div data-elementor-type=\"wp-page\" data-elementor-id=\"454\" class=\"elementor elementor-454\">\n\t\t\t\t\t\t<section class=\"elementor-section elementor-top-section elementor-element elementor-element-9df7ba5 elementor-section-boxed elementor-section-height-default elementor-section-height-default\" data-id=\"9df7ba5\" data-element_type=\"section\" data-e-type=\"section\">\n\t\t\t\t\t\t<div class=\"elementor-container elementor-column-gap-default\">\n\t\t\t\t\t<div class=\"elementor-column elementor-col-100 elementor-top-column elementor-element elementor-element-a8f1905\" data-id=\"a8f1905\" data-element_type=\"column\" data-e-type=\"column\">\n\t\t\t<div class=\"elementor-widget-wrap elementor-element-populated\">\n\t\t\t\t\t\t<div class=\"elementor-element elementor-element-3777f96 elementor-widget elementor-widget-shortcode\" data-id=\"3777f96\" data-element_type=\"widget\" data-e-type=\"widget\" data-widget_type=\"shortcode.default\">\n\t\t\t\t<div class=\"elementor-widget-container\">\n\t\t\t\t\t\t\t<div class=\"elementor-shortcode\"><div id=\"accordions-6171\" class=\"accordions-6171 accordions\" data-accordions={&quot;lazyLoad&quot;:true,&quot;id&quot;:&quot;6171&quot;,&quot;event&quot;:&quot;click&quot;,&quot;collapsible&quot;:&quot;true&quot;,&quot;heightStyle&quot;:&quot;content&quot;,&quot;animateStyle&quot;:&quot;swing&quot;,&quot;animateDelay&quot;:1000,&quot;navigation&quot;:true,&quot;active&quot;:999,&quot;expandedOther&quot;:&quot;no&quot;}>\r\n                <div id=\"accordions-lazy-6171\" class=\"accordions-lazy\" accordionsId=\"6171\">\r\n                    <\/div>\r\n\r\n    <div class=\"items\"  style=\"display:none\" >\r\n    \r\n            <div post_id=\"6171\" itemcount=\"0\"  header_id=\"header-1601303383735\" id=\"header-1601303383735\" style=\"\" class=\"accordions-head head1601303383735 border-none\" toggle-text=\"\" main-text=\"Humanidades\">\r\n                                    <span id=\"accordion-icons-1601303383735\" class=\"accordion-icons\">\r\n                        <span class=\"accordion-icon-active accordion-plus\"><i class=\"fas fa-chevron-up\"><\/i><\/span>\r\n                        <span class=\"accordion-icon-inactive accordion-minus\"><i class=\"fas fa-chevron-right\"><\/i><\/span>\r\n                    <\/span>\r\n                    <span id=\"header-text-1601303383735\" class=\"accordions-head-title\">Humanidades<\/span>\r\n                            <\/div>\r\n            <div class=\"accordion-content content1601303383735 \">\r\n                <table style=\"height: 328px\">\n<tbody>\n<tr>\n<td><strong>Carreras<\/strong><\/p>\n<p><a href=\"https:\/\/www.ucf.edu.cu\/?page_id=1087\">Licenciatura en Historia<\/a><\/p>\n<p><a href=\"https:\/\/www.ucf.edu.cu\/?page_id=1090\">Licenciatura en Educaci\u00f3n. Marxismo-Leninismo e Historia<\/a><\/p>\n<p><a style=\"font-family: inherit;font-size: inherit\" href=\"https:\/\/www.ucf.edu.cu\/?page_id=1109\">Licenciatura en Educaci\u00f3n. Espa\u00f1ol-Literatura<\/a><\/p>\n<p><a href=\"https:\/\/www.ucf.edu.cu\/?page_id=1099\">Licenciaturas en Educaci\u00f3n. Lenguas Extranjeras. Ingl\u00e9s<\/a><\/p>\n<p><a href=\"https:\/\/www.ucf.edu.cu\/?page_id=1097\">Licenciatura en Educaci\u00f3n Art\u00edstica<\/a><\/td>\n<td>Decano: Dr. C.\u00a0 Adrian Abreus Gonz\u00e1lez<br \/>\nCorreo: <a href=\"mailto:nalzuri@ucf.edu.cu\">aabreus@ucf.edu.cu<\/a><br \/>\nTel\u00e9fono: 43 513612 ext. 108<\/td>\n<\/tr>\n<\/tbody>\n<\/table>\n            <\/div>\r\n    \r\n            <div post_id=\"6171\" itemcount=\"1\"  header_id=\"header-1601303497186\" id=\"header-1601303497186\" style=\"\" class=\"accordions-head head1601303497186 border-none\" toggle-text=\"\" main-text=\"Ingiener\u00eda\">\r\n                                    <span id=\"accordion-icons-1601303497186\" class=\"accordion-icons\">\r\n                        <span class=\"accordion-icon-active accordion-plus\"><i class=\"fas fa-chevron-up\"><\/i><\/span>\r\n                        <span class=\"accordion-icon-inactive accordion-minus\"><i class=\"fas fa-chevron-right\"><\/i><\/span>\r\n                    <\/span>\r\n                    <span id=\"header-text-1601303497186\" class=\"accordions-head-title\">Ingiener\u00eda<\/span>\r\n                            <\/div>\r\n            <div class=\"accordion-content content1601303497186 \">\r\n                <table>\n<tbody>\n<tr>\n<td><strong>Carreras<\/strong><\/p>\n<p><a href=\"http:\/\/www.ucf.edu.cu\/?page_id=1112\">Ingenier\u00eda Mec\u00e1nica<\/a><\/p>\n<p><a style=\"font-family: inherit;font-size: inherit\" href=\"https:\/\/www.ucf.edu.cu\/?page_id=1126\">Ingenier\u00eda Qu\u00edmica<\/a><\/p>\n<p>Ingenier\u00eda Industrial<\/p>\n<p><a style=\"font-family: inherit;font-size: inherit\" href=\"https:\/\/www.ucf.edu.cu\/?page_id=1119\">Ingenier\u00eda Inform\u00e1tica<\/a><\/p>\n<p>Ingenier\u00eda en Transporte<\/p>\n<p><a style=\"font-family: inherit;font-size: inherit\" href=\"https:\/\/www.ucf.edu.cu\/?page_id=1156\">Licenciatura en Educaci\u00f3n. Construcci\u00f3n<\/a><\/p>\n<p><a href=\"https:\/\/www.ucf.edu.cu\/?page_id=1118\">Licenciatura en Educaci\u00f3n. Mec\u00e1nica<\/a><\/p>\n<p><a href=\"http:\/\/www.ucf.edu.cu\/?page_id=1125\">Licenciatura en Educaci\u00f3n. Inform\u00e1tica<\/a><\/p>\n<p><a href=\"http:\/\/www.ucf.edu.cu\/?page_id=1155\">Licenciatura en Educaci\u00f3n. Qu\u00edmica<\/a><\/p>\n<p>Licenciatura en Educaci\u00f3n Laboral<\/p>\n<p>Licenciatura en Educaci\u00f3n F\u00edsica<\/p>\n<p>Programa de Educaci\u00f3n Superior de Ciclo Corto. Agua y Saneamiento<\/td>\n<td>Decano: Dr. C. Juan Francisco Puerta Fern\u00e1ndez<br \/>\nCorreo:\u00a0<a style=\"color: #008ed3;text-align: center\" href=\"mailto:jfpuerta@ucf.edu.cu\">jfpuerta@ucf.edu.cu<\/a><br \/>\nTel\u00e9fono: 43 500133<\/td>\n<\/tr>\n<\/tbody>\n<\/table>\n            <\/div>\r\n    \r\n            <div post_id=\"6171\" itemcount=\"2\"  header_id=\"header-1601303526887\" id=\"header-1601303526887\" style=\"\" class=\"accordions-head head1601303526887 border-none\" toggle-text=\"\" main-text=\"Educaci\u00f3n\">\r\n                                    <span id=\"accordion-icons-1601303526887\" class=\"accordion-icons\">\r\n                        <span class=\"accordion-icon-active accordion-plus\"><i class=\"fas fa-chevron-up\"><\/i><\/span>\r\n                        <span class=\"accordion-icon-inactive accordion-minus\"><i class=\"fas fa-chevron-right\"><\/i><\/span>\r\n                    <\/span>\r\n                    <span id=\"header-text-1601303526887\" class=\"accordions-head-title\">Educaci\u00f3n<\/span>\r\n                            <\/div>\r\n            <div class=\"accordion-content content1601303526887 \">\r\n                <table>\n<tbody>\n<tr>\n<td><strong>Carreras<\/strong><\/p>\n<p><a style=\"font-family: inherit;font-size: inherit\" href=\"https:\/\/www.ucf.edu.cu\/?page_id=1163\">Licenciatura en Educaci\u00f3n Especial<\/a><\/p>\n<p><a style=\"font-family: inherit;font-size: inherit\" href=\"https:\/\/www.ucf.edu.cu\/?page_id=1191\">Licenciatura en Educaci\u00f3n. Logopedia<\/a><\/p>\n<p><a style=\"font-family: inherit;font-size: inherit\" href=\"https:\/\/www.ucf.edu.cu\/?page_id=1162\">Licenciatura en Educaci\u00f3n Primaria<\/a><\/p>\n<p><a href=\"https:\/\/www.ucf.edu.cu\/?page_id=1148\">Licenciatura en Educaci\u00f3n Preescolar<\/a><\/p>\n<p><a href=\"http:\/\/intranet.ucf.edu.cu\/?page_id=1513\">Licenciatura en Educaci\u00f3n. Pedagog\u00eda-Psicolog\u00eda<\/a><\/td>\n<td>Decana: Dr. C. Virgina B\u00e1rbara P\u00e9rez Payrol<br \/>\nCorreo: <a class=\"_rpc_i1 o365button\"><span class=\"allowTextSelection _rpc_N _rpc_C1 ms-font-color-themePrimary ms-font-s\">vperez@ucf.edu.cu<\/span><\/a><br \/>\nTel\u00e9fono: 43 513612 ext. 107<\/td>\n<\/tr>\n<\/tbody>\n<\/table>\n            <\/div>\r\n    \r\n            <div post_id=\"6171\" itemcount=\"3\"  header_id=\"header-1601303527451\" id=\"header-1601303527451\" style=\"\" class=\"accordions-head head1601303527451 border-none\" toggle-text=\"\" main-text=\"Ciencias Agrarias\">\r\n                                    <span id=\"accordion-icons-1601303527451\" class=\"accordion-icons\">\r\n                        <span class=\"accordion-icon-active accordion-plus\"><i class=\"fas fa-chevron-up\"><\/i><\/span>\r\n                        <span class=\"accordion-icon-inactive accordion-minus\"><i class=\"fas fa-chevron-right\"><\/i><\/span>\r\n                    <\/span>\r\n                    <span id=\"header-text-1601303527451\" class=\"accordions-head-title\">Ciencias Agrarias<\/span>\r\n                            <\/div>\r\n            <div class=\"accordion-content content1601303527451 \">\r\n                <table>\n<tbody>\n<tr>\n<td><strong>Carreras<\/strong><\/p>\n<p><a href=\"https:\/\/www.ucf.edu.cu\/?page_id=1520\">Ingenier\u00eda en Agronom\u00eda<\/a><\/p>\n<p><a href=\"http:\/\/www.ucf.edu.cu\/?page_id=1529(abre en una nueva pesta\u00f1a)\">Ingenier\u00eda en Procesos Agroindustriales<\/a><\/p>\n<p>Medicina Veterinaria<\/p>\n<p><a style=\"font-family: inherit;font-size: inherit\" href=\"https:\/\/www.ucf.edu.cu\/?page_id=2011\">Licenciatura en Educaci\u00f3n. Biolog\u00eda<\/a><\/p>\n<p><a style=\"font-family: inherit;font-size: inherit\" href=\"https:\/\/www.ucf.edu.cu\/?page_id=2018\">Licenciatura en Educaci\u00f3n. Geograf\u00eda<\/a><\/p>\n<p><a href=\"https:\/\/www.ucf.edu.cu\/?page_id=1969\">Licenciatura en Educaci\u00f3n Agropecuaria<\/a><\/p>\n<p>T\u00e9cnico Superior en Gesti\u00f3n de la Innovaci\u00f3n Agraria<\/p>\n<p>Programa de Educaci\u00f3n Superior de Ciclo Corto:<\/p>\n<ul>\n<li>Gesti\u00f3n de la Innovaci\u00f3n Agropecuaria.<\/li>\n<li>Profesor de Geograf\u00eda para Secundaria B\u00e1sica.<\/li>\n<li>Profesor de Biolog\u00eda para Secundaria B\u00e1sica.<\/li>\n<\/ul>\n<\/td>\n<td>Decana: MSc. Anaisa L\u00f3pez Mili\u00e1n<br \/>\nCorreo: <a class=\"_rpc_i1 o365button\"><span class=\"allowTextSelection _rpc_N _rpc_C1 ms-font-color-themePrimary ms-font-s\">alopez@ucf.edu.cu<br \/>\n<\/span><\/a>Tel\u00e9fono: 43 <span class=\"ms-font-s\"><span class=\"_rpc_i1 allowTextSelection\">500136<\/span><\/span><\/td>\n<\/tr>\n<\/tbody>\n<\/table>\n            <\/div>\r\n    \r\n            <div post_id=\"6171\" itemcount=\"4\"  header_id=\"header-1601303528320\" id=\"header-1601303528320\" style=\"\" class=\"accordions-head head1601303528320 border-none\" toggle-text=\"\" main-text=\"Ciencias Econ\u00f3micas\">\r\n                                    <span id=\"accordion-icons-1601303528320\" class=\"accordion-icons\">\r\n                        <span class=\"accordion-icon-active accordion-plus\"><i class=\"fas fa-chevron-up\"><\/i><\/span>\r\n                        <span class=\"accordion-icon-inactive accordion-minus\"><i class=\"fas fa-chevron-right\"><\/i><\/span>\r\n                    <\/span>\r\n                    <span id=\"header-text-1601303528320\" class=\"accordions-head-title\">Ciencias Econ\u00f3micas<\/span>\r\n                            <\/div>\r\n            <div class=\"accordion-content content1601303528320 \">\r\n                <table>\n<tbody>\n<tr>\n<td><strong>Carreras<\/strong><\/p>\n<p><a style=\"font-family: inherit;font-size: inherit\" href=\"https:\/\/www.ucf.edu.cu\/?page_id=2046\">Licenciatura en Econom\u00eda<\/a><\/p>\n<p><a href=\"http:\/\/www.ucf.edu.cu\/?page_id=2039\">Licenciatura en Contabilidad y Finanzas<\/a><\/p>\n<p><a style=\"font-family: inherit;font-size: inherit\" href=\"https:\/\/www.ucf.edu.cu\/?page_id=2074\">Licenciatura en Turismo<\/a><\/p>\n<p><a href=\"https:\/\/www.ucf.edu.cu\/?page_id=2055\">Licenciatura en Educaci\u00f3n Econom\u00eda<\/a><\/p>\n<p><a href=\"https:\/\/www.ucf.edu.cu\/?page_id=2070\">Licenciatura en Educaci\u00f3n Matem\u00e1tica<\/a><\/p>\n<p>Programa de Educaci\u00f3n Superior de Ciclo Corto. Comercio Agropecuario<\/td>\n<td>Decana: Dr. C. Yoania Castillo Padr\u00f3n<br \/>\nCorreo: <a class=\"_rpc_i1 o365button\"><span class=\"allowTextSelection _rpc_N _rpc_C1 ms-font-color-themePrimary ms-font-s\">yoaniacp@ucf.edu.cu<\/span><\/a><br \/>\nTel\u00e9fono:\u00a0 43 500134<\/td>\n<\/tr>\n<\/tbody>\n<\/table>\n            <\/div>\r\n    \r\n            <div post_id=\"6171\" itemcount=\"5\"  header_id=\"header-1601303529952\" id=\"header-1601303529952\" style=\"\" class=\"accordions-head head1601303529952 border-none\" toggle-text=\"\" main-text=\"Ciencias Sociales\">\r\n                                    <span id=\"accordion-icons-1601303529952\" class=\"accordion-icons\">\r\n                        <span class=\"accordion-icon-active accordion-plus\"><i class=\"fas fa-chevron-up\"><\/i><\/span>\r\n                        <span class=\"accordion-icon-inactive accordion-minus\"><i class=\"fas fa-chevron-right\"><\/i><\/span>\r\n                    <\/span>\r\n                    <span id=\"header-text-1601303529952\" class=\"accordions-head-title\">Ciencias Sociales<\/span>\r\n                            <\/div>\r\n            <div class=\"accordion-content content1601303529952 \">\r\n                <table>\n<tbody>\n<tr>\n<td><strong>Carreras<\/strong><\/p>\n<p>Licenciatura en Gesti\u00f3n Sociocultural para el Desarrollo<\/p>\n<p><a style=\"font-family: inherit;font-size: inherit\" href=\"https:\/\/www.ucf.edu.cu\/?page_id=2083\">Licenciatura en Derecho<\/a><\/p>\n<p><a href=\"https:\/\/www.ucf.edu.cu\/?page_id=1336\">Licenciatura en Comunicaci\u00f3n Social<\/a><\/p>\n<p>Programa de Educaci\u00f3n Superior de Ciclo Corto. Trabajo Social<\/td>\n<td>Decana: Dr. C. Odalys Medina Hern\u00e1ndez<br \/>\nCorreo: <a class=\"_rpc_i1 o365button\"><span class=\"allowTextSelection _rpc_N _rpc_C1 ms-font-color-themePrimary ms-font-s\">omedina@ucf.edu.cu<\/span><\/a><br \/>\nTel\u00e9fono: 43 <span class=\"ms-font-s\"><span class=\"_rpc_i1 allowTextSelection\">500135<\/span><\/span><\/td>\n<\/tr>\n<\/tbody>\n<\/table>\n            <\/div>\r\n    \r\n            <div post_id=\"6171\" itemcount=\"6\"  header_id=\"header-1601303702974\" id=\"header-1601303702974\" style=\"\" class=\"accordions-head head1601303702974 border-none\" toggle-text=\"\" main-text=\"Ciencias de la Cultura F\u00edsica y el Deporte\">\r\n                                    <span id=\"accordion-icons-1601303702974\" class=\"accordion-icons\">\r\n                        <span class=\"accordion-icon-active accordion-plus\"><i class=\"fas fa-chevron-up\"><\/i><\/span>\r\n                        <span class=\"accordion-icon-inactive accordion-minus\"><i class=\"fas fa-chevron-right\"><\/i><\/span>\r\n                    <\/span>\r\n                    <span id=\"header-text-1601303702974\" class=\"accordions-head-title\">Ciencias de la Cultura F\u00edsica y el Deporte<\/span>\r\n                            <\/div>\r\n            <div class=\"accordion-content content1601303702974 \">\r\n                <table>\n<tbody>\n<tr>\n<td><strong>Carreras<\/strong><\/p>\n<p><a href=\"https:\/\/www.ucf.edu.cu\/?page_id=2087\">Licenciatura en Cultura F\u00edsica<\/a><\/p>\n<p>Programa de Educaci\u00f3n Superior de Ciclo Corto. Entrenamiento Deportivo<\/td>\n<td>Decano:\u00a0 Dr. C. Alexis Juan Stuart Rivero<br \/>\nCorreo: <a class=\"_rpc_i1 o365button\"><span class=\"allowTextSelection _rpc_N _rpc_C1 ms-font-color-themePrimary ms-font-s\">astuart@ucf.edu.cu<br \/>\n<\/span><\/a>Tel\u00e9fono: 43 500206<\/td>\n<\/tr>\n<\/tbody>\n<\/table>\n            <\/div>\r\n    <\/div>\r\n\r\n\r\n\r\n            <\/div><\/div>\n\t\t\t\t\t\t<\/div>\n\t\t\t\t<\/div>\n\t\t\t\t\t<\/div>\n\t\t<\/div>\n\t\t\t\t\t<\/div>\n\t\t<\/section>\n\t\t\t\t<\/div>\n\t\t","protected":false},"excerpt":{"rendered":"","protected":false},"author":1,"featured_media":0,"parent":0,"menu_order":0,"comment_status":"closed","ping_status":"closed","template":"page-intra.php","meta":{"footnotes":""},"class_list":["post-454","page","type-page","status-publish","hentry"],"yoast_head":"<!-- This site is optimized with the Yoast SEO plugin v27.3 - https:\/\/yoast.com\/product\/yoast-seo-wordpress\/ -->\n<title>Pregrado - Universidad de Cienfuegos<\/title>\n<meta name=\"robots\" content=\"index, follow, max-snippet:-1, max-image-preview:large, max-video-preview:-1\" \/>\n<link rel=\"canonical\" href=\"https:\/\/www.ucf.edu.cu\/?page_id=454\" \/>\n<meta property=\"og:locale\" content=\"es_ES\" \/>\n<meta property=\"og:type\" content=\"article\" \/>\n<meta property=\"og:title\" content=\"Pregrado - Universidad de Cienfuegos\" \/>\n<meta property=\"og:url\" content=\"https:\/\/www.ucf.edu.cu\/?page_id=454\" \/>\n<meta property=\"og:site_name\" content=\"Universidad de Cienfuegos\" \/>\n<meta property=\"article:publisher\" content=\"https:\/\/www.facebook.com\/ucfgos\/\" \/>\n<meta property=\"article:modified_time\" content=\"2020-10-15T15:54:35+00:00\" \/>\n<meta property=\"og:image\" content=\"https:\/\/www.ucf.edu.cu\/wp-content\/uploads\/2024\/01\/Logo_UCf-scaled-1.jpg\" \/>\n\t<meta property=\"og:image:width\" content=\"2560\" \/>\n\t<meta property=\"og:image:height\" content=\"951\" \/>\n\t<meta property=\"og:image:type\" content=\"image\/jpeg\" \/>\n<meta name=\"twitter:card\" content=\"summary_large_image\" \/>\n<meta name=\"twitter:site\" content=\"@ucfgos\" \/>\n<script type=\"application\/ld+json\" class=\"yoast-schema-graph\">{\"@context\":\"https:\\\/\\\/schema.org\",\"@graph\":[{\"@type\":\"WebPage\",\"@id\":\"https:\\\/\\\/www.ucf.edu.cu\\\/?page_id=454\",\"url\":\"https:\\\/\\\/www.ucf.edu.cu\\\/?page_id=454\",\"name\":\"Pregrado - Universidad de Cienfuegos\",\"isPartOf\":{\"@id\":\"https:\\\/\\\/www.ucf.edu.cu\\\/#website\"},\"datePublished\":\"2019-02-15T16:40:57+00:00\",\"dateModified\":\"2020-10-15T15:54:35+00:00\",\"breadcrumb\":{\"@id\":\"https:\\\/\\\/www.ucf.edu.cu\\\/?page_id=454#breadcrumb\"},\"inLanguage\":\"es\",\"potentialAction\":[{\"@type\":\"ReadAction\",\"target\":[\"https:\\\/\\\/www.ucf.edu.cu\\\/?page_id=454\"]}]},{\"@type\":\"BreadcrumbList\",\"@id\":\"https:\\\/\\\/www.ucf.edu.cu\\\/?page_id=454#breadcrumb\",\"itemListElement\":[{\"@type\":\"ListItem\",\"position\":1,\"name\":\"Portada\",\"item\":\"https:\\\/\\\/www.ucf.edu.cu\\\/\"},{\"@type\":\"ListItem\",\"position\":2,\"name\":\"Pregrado\"}]},{\"@type\":\"WebSite\",\"@id\":\"https:\\\/\\\/www.ucf.edu.cu\\\/#website\",\"url\":\"https:\\\/\\\/www.ucf.edu.cu\\\/\",\"name\":\"Universidad de Cienfuegos\",\"description\":\"Portal Web Universidad de Cienfuegos\",\"publisher\":{\"@id\":\"https:\\\/\\\/www.ucf.edu.cu\\\/#organization\"},\"alternateName\":\"Portal institucional de la UCf\",\"potentialAction\":[{\"@type\":\"SearchAction\",\"target\":{\"@type\":\"EntryPoint\",\"urlTemplate\":\"https:\\\/\\\/www.ucf.edu.cu\\\/?s={search_term_string}\"},\"query-input\":{\"@type\":\"PropertyValueSpecification\",\"valueRequired\":true,\"valueName\":\"search_term_string\"}}],\"inLanguage\":\"es\"},{\"@type\":\"Organization\",\"@id\":\"https:\\\/\\\/www.ucf.edu.cu\\\/#organization\",\"name\":\"Universidad de Cienfuegos\",\"url\":\"https:\\\/\\\/www.ucf.edu.cu\\\/\",\"logo\":{\"@type\":\"ImageObject\",\"inLanguage\":\"es\",\"@id\":\"https:\\\/\\\/www.ucf.edu.cu\\\/#\\\/schema\\\/logo\\\/image\\\/\",\"url\":\"https:\\\/\\\/www.ucf.edu.cu\\\/wp-content\\\/uploads\\\/2020\\\/11\\\/fe77b047cf65bbf66915926fa3c00c93_L.jpg\",\"contentUrl\":\"https:\\\/\\\/www.ucf.edu.cu\\\/wp-content\\\/uploads\\\/2020\\\/11\\\/fe77b047cf65bbf66915926fa3c00c93_L.jpg\",\"width\":1000,\"height\":763,\"caption\":\"Universidad de Cienfuegos\"},\"image\":{\"@id\":\"https:\\\/\\\/www.ucf.edu.cu\\\/#\\\/schema\\\/logo\\\/image\\\/\"},\"sameAs\":[\"https:\\\/\\\/www.facebook.com\\\/ucfgos\\\/\",\"https:\\\/\\\/x.com\\\/ucfgos\",\"https:\\\/\\\/www.instagram.com\\\/ucfgos\",\"https:\\\/\\\/www.youtube.com\\\/channel\\\/UCymAZYZHmPzh48cHLG6Nx4A\"]}]}<\/script>\n<!-- \/ Yoast SEO plugin. -->","yoast_head_json":{"title":"Pregrado - Universidad de Cienfuegos","robots":{"index":"index","follow":"follow","max-snippet":"max-snippet:-1","max-image-preview":"max-image-preview:large","max-video-preview":"max-video-preview:-1"},"canonical":"https:\/\/www.ucf.edu.cu\/?page_id=454","og_locale":"es_ES","og_type":"article","og_title":"Pregrado - Universidad de Cienfuegos","og_url":"https:\/\/www.ucf.edu.cu\/?page_id=454","og_site_name":"Universidad de Cienfuegos","article_publisher":"https:\/\/www.facebook.com\/ucfgos\/","article_modified_time":"2020-10-15T15:54:35+00:00","og_image":[{"width":2560,"height":951,"url":"https:\/\/www.ucf.edu.cu\/wp-content\/uploads\/2024\/01\/Logo_UCf-scaled-1.jpg","type":"image\/jpeg"}],"twitter_card":"summary_large_image","twitter_site":"@ucfgos","schema":{"@context":"https:\/\/schema.org","@graph":[{"@type":"WebPage","@id":"https:\/\/www.ucf.edu.cu\/?page_id=454","url":"https:\/\/www.ucf.edu.cu\/?page_id=454","name":"Pregrado - Universidad de Cienfuegos","isPartOf":{"@id":"https:\/\/www.ucf.edu.cu\/#website"},"datePublished":"2019-02-15T16:40:57+00:00","dateModified":"2020-10-15T15:54:35+00:00","breadcrumb":{"@id":"https:\/\/www.ucf.edu.cu\/?page_id=454#breadcrumb"},"inLanguage":"es","potentialAction":[{"@type":"ReadAction","target":["https:\/\/www.ucf.edu.cu\/?page_id=454"]}]},{"@type":"BreadcrumbList","@id":"https:\/\/www.ucf.edu.cu\/?page_id=454#breadcrumb","itemListElement":[{"@type":"ListItem","position":1,"name":"Portada","item":"https:\/\/www.ucf.edu.cu\/"},{"@type":"ListItem","position":2,"name":"Pregrado"}]},{"@type":"WebSite","@id":"https:\/\/www.ucf.edu.cu\/#website","url":"https:\/\/www.ucf.edu.cu\/","name":"Universidad de Cienfuegos","description":"Portal Web Universidad de Cienfuegos","publisher":{"@id":"https:\/\/www.ucf.edu.cu\/#organization"},"alternateName":"Portal institucional de la UCf","potentialAction":[{"@type":"SearchAction","target":{"@type":"EntryPoint","urlTemplate":"https:\/\/www.ucf.edu.cu\/?s={search_term_string}"},"query-input":{"@type":"PropertyValueSpecification","valueRequired":true,"valueName":"search_term_string"}}],"inLanguage":"es"},{"@type":"Organization","@id":"https:\/\/www.ucf.edu.cu\/#organization","name":"Universidad de Cienfuegos","url":"https:\/\/www.ucf.edu.cu\/","logo":{"@type":"ImageObject","inLanguage":"es","@id":"https:\/\/www.ucf.edu.cu\/#\/schema\/logo\/image\/","url":"https:\/\/www.ucf.edu.cu\/wp-content\/uploads\/2020\/11\/fe77b047cf65bbf66915926fa3c00c93_L.jpg","contentUrl":"https:\/\/www.ucf.edu.cu\/wp-content\/uploads\/2020\/11\/fe77b047cf65bbf66915926fa3c00c93_L.jpg","width":1000,"height":763,"caption":"Universidad de Cienfuegos"},"image":{"@id":"https:\/\/www.ucf.edu.cu\/#\/schema\/logo\/image\/"},"sameAs":["https:\/\/www.facebook.com\/ucfgos\/","https:\/\/x.com\/ucfgos","https:\/\/www.instagram.com\/ucfgos","https:\/\/www.youtube.com\/channel\/UCymAZYZHmPzh48cHLG6Nx4A"]}]}},"_links":{"self":[{"href":"https:\/\/www.ucf.edu.cu\/index.php?rest_route=\/wp\/v2\/pages\/454","targetHints":{"allow":["GET"]}}],"collection":[{"href":"https:\/\/www.ucf.edu.cu\/index.php?rest_route=\/wp\/v2\/pages"}],"about":[{"href":"https:\/\/www.ucf.edu.cu\/index.php?rest_route=\/wp\/v2\/types\/page"}],"author":[{"embeddable":true,"href":"https:\/\/www.ucf.edu.cu\/index.php?rest_route=\/wp\/v2\/users\/1"}],"replies":[{"embeddable":true,"href":"https:\/\/www.ucf.edu.cu\/index.php?rest_route=%2Fwp%2Fv2%2Fcomments&post=454"}],"version-history":[{"count":102,"href":"https:\/\/www.ucf.edu.cu\/index.php?rest_route=\/wp\/v2\/pages\/454\/revisions"}],"predecessor-version":[{"id":6173,"href":"https:\/\/www.ucf.edu.cu\/index.php?rest_route=\/wp\/v2\/pages\/454\/revisions\/6173"}],"wp:attachment":[{"href":"https:\/\/www.ucf.edu.cu\/index.php?rest_route=%2Fwp%2Fv2%2Fmedia&parent=454"}],"curies":[{"name":"wp","href":"https:\/\/api.w.org\/{rel}","templated":true}]}}