{"id":6186,"date":"2020-10-12T14:09:53","date_gmt":"2020-10-12T14:09:53","guid":{"rendered":"https:\/\/wwwa.ucf.edu.cu\/?page_id=6186"},"modified":"2023-05-31T16:37:06","modified_gmt":"2023-05-31T16:37:06","slug":"doctorado-desarrollo-local-y-territorial","status":"publish","type":"page","link":"https:\/\/www.ucf.edu.cu\/?page_id=6186","title":{"rendered":"DOCTORADO EN DESARROLLO LOCAL Y TERRITORIAL"},"content":{"rendered":"\t\t<div data-elementor-type=\"wp-page\" data-elementor-id=\"6186\" class=\"elementor elementor-6186\">\n\t\t\t\t\t\t<section class=\"elementor-section elementor-top-section elementor-element elementor-element-760059d elementor-section-boxed elementor-section-height-default elementor-section-height-default\" data-id=\"760059d\" data-element_type=\"section\" data-e-type=\"section\">\n\t\t\t\t\t\t<div class=\"elementor-container elementor-column-gap-default\">\n\t\t\t\t\t<div class=\"elementor-column elementor-col-100 elementor-top-column elementor-element elementor-element-1ce6706\" data-id=\"1ce6706\" data-element_type=\"column\" data-e-type=\"column\">\n\t\t\t<div class=\"elementor-widget-wrap elementor-element-populated\">\n\t\t\t\t\t\t<div class=\"elementor-element elementor-element-d7f2df7 elementor-widget elementor-widget-text-editor\" data-id=\"d7f2df7\" data-element_type=\"widget\" data-e-type=\"widget\" data-widget_type=\"text-editor.default\">\n\t\t\t\t<div class=\"elementor-widget-container\">\n\t\t\t\t\t\t\t\t\t<p><strong>\u00c1rea administrativa que responde por el programa en la Universidad:<\/strong> Centro de Estudios de Desarrollo Local y Gesti\u00f3n Empresarial (CEDLE).<\/p><p><strong>Categor\u00eda de acreditaci\u00f3n:<\/strong>\u00a0Autorizado.<\/p><p><strong>Coordinador:<\/strong> Dr. C. Elia Natividad Cabrera Alvarez.\u00a0<\/p><p><strong>Correo: <\/strong><a href=\"mailto:fbecerra@ucf.edu.cu\">doctoradodlt@ucf.edu.cu<\/a><\/p><p><strong>Descripci\u00f3n:<\/strong><\/p><p>El Programa de doctorado en Desarrollo Local y Territorial, de la Universidad de Cienfuegos \u201cCarlos Rafael Rodr\u00edguez\u201d UCf, se coordina desde el Centro de Estudios de Desarrollo Local y Gesti\u00f3n Empresarial (CEDLE) de la Facultad de Ciencias Econ\u00f3micas de nuestra instituci\u00f3n. Este programa se encuentra abierto todo el a\u00f1o para solicitudes de los interesados al proceso de admisi\u00f3n. Es un doctorado propiamente de investigaci\u00f3n, no es curricular. El doctorando va presentando sus avances de acuerdo a un cronograma de trabajo mediante talleres y sesiones cient\u00edficas. Se concibe para una duraci\u00f3n m\u00e1xima de cuatro (4) a\u00f1os en la modalidad a tiempo parcial y tres (3) a\u00f1os en la modalidad a tiempo completo.<\/p><p>De acuerdo con los t\u00edtulos que reconoce la Comisi\u00f3n Nacional de Grados Cient\u00edficos de la Rep\u00fablica de Cuba, el doctorando podr\u00e1 titularse como Doctor en Ciencias Econ\u00f3micas o Doctor en Ciencias T\u00e9cnicas.<\/p><p><strong>Objetivo general:<\/strong><\/p><p>Formar doctores en ciencias econ\u00f3micas y en ciencias t\u00e9cnicas, orientados a la investigaci\u00f3n y la innovaci\u00f3n para contribuir al desarrollo territorial.<\/p><p>Para m\u00e1s informaci\u00f3n consulte el siguiente documento:<\/p><p><a href=\"https:\/\/www.ucf.edu.cu\/wp-content\/uploads\/2022\/11\/SINTESIS-PARA-ADMISION-PROGRAMA-DE-DOCTORADO-DLT-2022.pdf\">S\u00cdNTESIS PARA ADMISI\u00d3N PROGRAMA DE DOCTORADO DLT.<\/a><\/p>\t\t\t\t\t\t\t\t<\/div>\n\t\t\t\t<\/div>\n\t\t\t\t\t<\/div>\n\t\t<\/div>\n\t\t\t\t\t<\/div>\n\t\t<\/section>\n\t\t\t\t<\/div>\n\t\t","protected":false},"excerpt":{"rendered":"<p>\u00c1rea administrativa que responde por el programa en la Universidad: Centro de Estudios de Desarrollo Local y Gesti\u00f3n Empresarial (CEDLE). Categor\u00eda de acreditaci\u00f3n:\u00a0Autorizado. Coordinador: Dr. C. Elia Natividad Cabrera Alvarez.\u00a0 Correo: doctoradodlt@ucf.edu.cu<a class=\"moretag\" href=\"https:\/\/www.ucf.edu.cu\/?page_id=6186\">Leer m\u00e1s&#8230;<\/a><\/p>\n","protected":false},"author":6,"featured_media":0,"parent":0,"menu_order":0,"comment_status":"closed","ping_status":"closed","template":"","meta":{"_eb_attr":"","footnotes":""},"class_list":["post-6186","page","type-page","status-publish","hentry"],"yoast_head":"<!-- This site is optimized with the Yoast SEO plugin v27.6 - https:\/\/yoast.com\/product\/yoast-seo-wordpress\/ -->\n<title>Doctorado desarrollo local | Universidad de Cienfuegos<\/title>\n<meta name=\"robots\" content=\"index, follow, max-snippet:-1, max-image-preview:large, max-video-preview:-1\" \/>\n<link rel=\"canonical\" href=\"https:\/\/www.ucf.edu.cu\/?page_id=6186\" \/>\n<meta property=\"og:locale\" content=\"es_ES\" \/>\n<meta property=\"og:type\" content=\"article\" \/>\n<meta property=\"og:title\" content=\"Doctorado desarrollo local | Universidad de Cienfuegos\" \/>\n<meta property=\"og:description\" content=\"\u00c1rea administrativa que responde por el programa en la Universidad: Centro de Estudios de Desarrollo Local y Gesti\u00f3n Empresarial (CEDLE). Categor\u00eda de acreditaci\u00f3n:\u00a0Autorizado. Coordinador: Dr. C. Elia Natividad Cabrera Alvarez.\u00a0 Correo: doctoradodlt@ucf.edu.cuLeer m\u00e1s...\" \/>\n<meta property=\"og:url\" content=\"https:\/\/www.ucf.edu.cu\/?page_id=6186\" \/>\n<meta property=\"og:site_name\" content=\"Universidad de Cienfuegos\" \/>\n<meta property=\"article:publisher\" content=\"https:\/\/www.facebook.com\/ucfgos\/\" \/>\n<meta property=\"article:modified_time\" content=\"2023-05-31T16:37:06+00:00\" \/>\n<meta property=\"og:image\" content=\"https:\/\/www.ucf.edu.cu\/wp-content\/uploads\/2024\/01\/Logo_UCf-scaled-1.jpg\" \/>\n\t<meta property=\"og:image:width\" content=\"2560\" \/>\n\t<meta property=\"og:image:height\" content=\"951\" \/>\n\t<meta property=\"og:image:type\" content=\"image\/jpeg\" \/>\n<meta name=\"twitter:card\" content=\"summary_large_image\" \/>\n<meta name=\"twitter:site\" content=\"@ucfgos\" \/>\n<meta name=\"twitter:label1\" content=\"Tiempo de lectura\" \/>\n\t<meta name=\"twitter:data1\" content=\"1 minuto\" \/>\n<script type=\"application\/ld+json\" class=\"yoast-schema-graph\">{\"@context\":\"https:\\\/\\\/schema.org\",\"@graph\":[{\"@type\":\"WebPage\",\"@id\":\"https:\\\/\\\/www.ucf.edu.cu\\\/?page_id=6186\",\"url\":\"https:\\\/\\\/www.ucf.edu.cu\\\/?page_id=6186\",\"name\":\"Doctorado desarrollo local | Universidad de Cienfuegos\",\"isPartOf\":{\"@id\":\"https:\\\/\\\/www.ucf.edu.cu\\\/#website\"},\"datePublished\":\"2020-10-12T14:09:53+00:00\",\"dateModified\":\"2023-05-31T16:37:06+00:00\",\"breadcrumb\":{\"@id\":\"https:\\\/\\\/www.ucf.edu.cu\\\/?page_id=6186#breadcrumb\"},\"inLanguage\":\"es\",\"potentialAction\":[{\"@type\":\"ReadAction\",\"target\":[\"https:\\\/\\\/www.ucf.edu.cu\\\/?page_id=6186\"]}]},{\"@type\":\"BreadcrumbList\",\"@id\":\"https:\\\/\\\/www.ucf.edu.cu\\\/?page_id=6186#breadcrumb\",\"itemListElement\":[{\"@type\":\"ListItem\",\"position\":1,\"name\":\"Portada\",\"item\":\"https:\\\/\\\/www.ucf.edu.cu\\\/\"},{\"@type\":\"ListItem\",\"position\":2,\"name\":\"DOCTORADO EN DESARROLLO LOCAL Y TERRITORIAL\"}]},{\"@type\":\"WebSite\",\"@id\":\"https:\\\/\\\/www.ucf.edu.cu\\\/#website\",\"url\":\"https:\\\/\\\/www.ucf.edu.cu\\\/\",\"name\":\"Universidad de Cienfuegos\",\"description\":\"Portal Web Universidad de Cienfuegos\",\"publisher\":{\"@id\":\"https:\\\/\\\/www.ucf.edu.cu\\\/#organization\"},\"alternateName\":\"Portal institucional de la UCf\",\"potentialAction\":[{\"@type\":\"SearchAction\",\"target\":{\"@type\":\"EntryPoint\",\"urlTemplate\":\"https:\\\/\\\/www.ucf.edu.cu\\\/?s={search_term_string}\"},\"query-input\":{\"@type\":\"PropertyValueSpecification\",\"valueRequired\":true,\"valueName\":\"search_term_string\"}}],\"inLanguage\":\"es\"},{\"@type\":\"Organization\",\"@id\":\"https:\\\/\\\/www.ucf.edu.cu\\\/#organization\",\"name\":\"Universidad de Cienfuegos\",\"url\":\"https:\\\/\\\/www.ucf.edu.cu\\\/\",\"logo\":{\"@type\":\"ImageObject\",\"inLanguage\":\"es\",\"@id\":\"https:\\\/\\\/www.ucf.edu.cu\\\/#\\\/schema\\\/logo\\\/image\\\/\",\"url\":\"https:\\\/\\\/www.ucf.edu.cu\\\/wp-content\\\/uploads\\\/2020\\\/11\\\/fe77b047cf65bbf66915926fa3c00c93_L.jpg\",\"contentUrl\":\"https:\\\/\\\/www.ucf.edu.cu\\\/wp-content\\\/uploads\\\/2020\\\/11\\\/fe77b047cf65bbf66915926fa3c00c93_L.jpg\",\"width\":1000,\"height\":763,\"caption\":\"Universidad de Cienfuegos\"},\"image\":{\"@id\":\"https:\\\/\\\/www.ucf.edu.cu\\\/#\\\/schema\\\/logo\\\/image\\\/\"},\"sameAs\":[\"https:\\\/\\\/www.facebook.com\\\/ucfgos\\\/\",\"https:\\\/\\\/x.com\\\/ucfgos\",\"https:\\\/\\\/www.instagram.com\\\/ucfgos\",\"https:\\\/\\\/www.youtube.com\\\/channel\\\/UCymAZYZHmPzh48cHLG6Nx4A\"]}]}<\/script>\n<!-- \/ Yoast SEO plugin. -->","yoast_head_json":{"title":"Doctorado desarrollo local | Universidad de Cienfuegos","robots":{"index":"index","follow":"follow","max-snippet":"max-snippet:-1","max-image-preview":"max-image-preview:large","max-video-preview":"max-video-preview:-1"},"canonical":"https:\/\/www.ucf.edu.cu\/?page_id=6186","og_locale":"es_ES","og_type":"article","og_title":"Doctorado desarrollo local | Universidad de Cienfuegos","og_description":"\u00c1rea administrativa que responde por el programa en la Universidad: Centro de Estudios de Desarrollo Local y Gesti\u00f3n Empresarial (CEDLE). Categor\u00eda de acreditaci\u00f3n:\u00a0Autorizado. Coordinador: Dr. C. Elia Natividad Cabrera Alvarez.\u00a0 Correo: doctoradodlt@ucf.edu.cuLeer m\u00e1s...","og_url":"https:\/\/www.ucf.edu.cu\/?page_id=6186","og_site_name":"Universidad de Cienfuegos","article_publisher":"https:\/\/www.facebook.com\/ucfgos\/","article_modified_time":"2023-05-31T16:37:06+00:00","og_image":[{"width":2560,"height":951,"url":"https:\/\/www.ucf.edu.cu\/wp-content\/uploads\/2024\/01\/Logo_UCf-scaled-1.jpg","type":"image\/jpeg"}],"twitter_card":"summary_large_image","twitter_site":"@ucfgos","twitter_misc":{"Tiempo de lectura":"1 minuto"},"schema":{"@context":"https:\/\/schema.org","@graph":[{"@type":"WebPage","@id":"https:\/\/www.ucf.edu.cu\/?page_id=6186","url":"https:\/\/www.ucf.edu.cu\/?page_id=6186","name":"Doctorado desarrollo local | Universidad de Cienfuegos","isPartOf":{"@id":"https:\/\/www.ucf.edu.cu\/#website"},"datePublished":"2020-10-12T14:09:53+00:00","dateModified":"2023-05-31T16:37:06+00:00","breadcrumb":{"@id":"https:\/\/www.ucf.edu.cu\/?page_id=6186#breadcrumb"},"inLanguage":"es","potentialAction":[{"@type":"ReadAction","target":["https:\/\/www.ucf.edu.cu\/?page_id=6186"]}]},{"@type":"BreadcrumbList","@id":"https:\/\/www.ucf.edu.cu\/?page_id=6186#breadcrumb","itemListElement":[{"@type":"ListItem","position":1,"name":"Portada","item":"https:\/\/www.ucf.edu.cu\/"},{"@type":"ListItem","position":2,"name":"DOCTORADO EN DESARROLLO LOCAL Y TERRITORIAL"}]},{"@type":"WebSite","@id":"https:\/\/www.ucf.edu.cu\/#website","url":"https:\/\/www.ucf.edu.cu\/","name":"Universidad de Cienfuegos","description":"Portal Web Universidad de Cienfuegos","publisher":{"@id":"https:\/\/www.ucf.edu.cu\/#organization"},"alternateName":"Portal institucional de la UCf","potentialAction":[{"@type":"SearchAction","target":{"@type":"EntryPoint","urlTemplate":"https:\/\/www.ucf.edu.cu\/?s={search_term_string}"},"query-input":{"@type":"PropertyValueSpecification","valueRequired":true,"valueName":"search_term_string"}}],"inLanguage":"es"},{"@type":"Organization","@id":"https:\/\/www.ucf.edu.cu\/#organization","name":"Universidad de Cienfuegos","url":"https:\/\/www.ucf.edu.cu\/","logo":{"@type":"ImageObject","inLanguage":"es","@id":"https:\/\/www.ucf.edu.cu\/#\/schema\/logo\/image\/","url":"https:\/\/www.ucf.edu.cu\/wp-content\/uploads\/2020\/11\/fe77b047cf65bbf66915926fa3c00c93_L.jpg","contentUrl":"https:\/\/www.ucf.edu.cu\/wp-content\/uploads\/2020\/11\/fe77b047cf65bbf66915926fa3c00c93_L.jpg","width":1000,"height":763,"caption":"Universidad de Cienfuegos"},"image":{"@id":"https:\/\/www.ucf.edu.cu\/#\/schema\/logo\/image\/"},"sameAs":["https:\/\/www.facebook.com\/ucfgos\/","https:\/\/x.com\/ucfgos","https:\/\/www.instagram.com\/ucfgos","https:\/\/www.youtube.com\/channel\/UCymAZYZHmPzh48cHLG6Nx4A"]}]}},"_links":{"self":[{"href":"https:\/\/www.ucf.edu.cu\/index.php?rest_route=\/wp\/v2\/pages\/6186","targetHints":{"allow":["GET"]}}],"collection":[{"href":"https:\/\/www.ucf.edu.cu\/index.php?rest_route=\/wp\/v2\/pages"}],"about":[{"href":"https:\/\/www.ucf.edu.cu\/index.php?rest_route=\/wp\/v2\/types\/page"}],"author":[{"embeddable":true,"href":"https:\/\/www.ucf.edu.cu\/index.php?rest_route=\/wp\/v2\/users\/6"}],"replies":[{"embeddable":true,"href":"https:\/\/www.ucf.edu.cu\/index.php?rest_route=%2Fwp%2Fv2%2Fcomments&post=6186"}],"version-history":[{"count":20,"href":"https:\/\/www.ucf.edu.cu\/index.php?rest_route=\/wp\/v2\/pages\/6186\/revisions"}],"predecessor-version":[{"id":13112,"href":"https:\/\/www.ucf.edu.cu\/index.php?rest_route=\/wp\/v2\/pages\/6186\/revisions\/13112"}],"wp:attachment":[{"href":"https:\/\/www.ucf.edu.cu\/index.php?rest_route=%2Fwp%2Fv2%2Fmedia&parent=6186"}],"curies":[{"name":"wp","href":"https:\/\/api.w.org\/{rel}","templated":true}]}}