{"id":6190,"date":"2020-10-12T14:11:49","date_gmt":"2020-10-12T14:11:49","guid":{"rendered":"https:\/\/wwwa.ucf.edu.cu\/?page_id=6190"},"modified":"2023-05-29T14:24:35","modified_gmt":"2023-05-29T14:24:35","slug":"doctorado-en-estudios-sociales-de-la-ciencia-y-la-tecnologia","status":"publish","type":"page","link":"https:\/\/www.ucf.edu.cu\/?page_id=6190","title":{"rendered":"DOCTORADO EN ESTUDIOS SOCIALES DE LA CIENCIA Y LA TECNOLOG\u00cdA"},"content":{"rendered":"\t\t<div data-elementor-type=\"wp-page\" data-elementor-id=\"6190\" class=\"elementor elementor-6190\">\n\t\t\t\t\t\t<section class=\"elementor-section elementor-top-section elementor-element elementor-element-f75a134 elementor-section-boxed elementor-section-height-default elementor-section-height-default\" data-id=\"f75a134\" data-element_type=\"section\" data-e-type=\"section\">\n\t\t\t\t\t\t<div class=\"elementor-container elementor-column-gap-default\">\n\t\t\t\t\t<div class=\"elementor-column elementor-col-100 elementor-top-column elementor-element elementor-element-e089dd9\" data-id=\"e089dd9\" data-element_type=\"column\" data-e-type=\"column\">\n\t\t\t<div class=\"elementor-widget-wrap elementor-element-populated\">\n\t\t\t\t\t\t<div class=\"elementor-element elementor-element-0606e9c elementor-widget elementor-widget-text-editor\" data-id=\"0606e9c\" data-element_type=\"widget\" data-e-type=\"widget\" data-widget_type=\"text-editor.default\">\n\t\t\t\t<div class=\"elementor-widget-container\">\n\t\t\t\t\t\t\t\t\t<p><strong>\u00c1rea administrativa que responde por el programa en la Universidad:<\/strong> Facultad de Ciencias Sociales<\/p><p><strong>Categor\u00eda de acreditaci\u00f3n:<\/strong> Programa Autorizado.<\/p><p><strong>Coordinadora:<\/strong> Dr. C. Nereyda Moya Padilla.<\/p><p><strong>Correo:<\/strong> <a href=\"mailto:nmoya@ucf.edu.cu\">nmoya@ucf.edu.cu<\/a><\/p><p><strong>Descripci\u00f3n:<\/strong><\/p><p>El objetivo fundamental del Programa es: Formar doctores en las \u00e1reas del conocimiento de Filosof\u00eda y Sociolog\u00eda sobre la base de los fundamentos epistemol\u00f3gicos y conceptuales en los que se sustentan los nexos ciencia, tecnolog\u00eda y sociedad, como \u00e1rea del conocimiento.<\/p><p><strong>Las l\u00edneas definidas para el programa son: <\/strong><\/p><ol><li>Enfoques y tradiciones de pensamiento en los estudios sociales de la ciencia y la tecnolog\u00eda (CTS).<\/li><li>Estudios sobre las relaciones ciencia, tecnolog\u00eda y cultura en contextos regionales.<\/li><\/ol><p><strong>T\u00cdTULO QUE OBTENDR\u00c1 EL EGRESADO: <\/strong>Doctor en\u00a0 una de las especialidades reconocidas por la CNGC: Ciencias Sociol\u00f3gicas y Ciencias Filos\u00f3ficas.<\/p><p>El Programa de Doctorado tiene un total de 120 cr\u00e9ditos (62,5 % de la componente investigativa, 20,8 % de la te\u00f3rica metodol\u00f3gica y 16, 6 % de preparaci\u00f3n y debate cient\u00edfico en la predefensa). El Programa de Doctorado se evaluar\u00e1 integrando los resultados alcanzados por el doctorando en todos los componentes antes descritos<\/p><p>La matr\u00edcula podr\u00e1 alcanzarse fundamentalmente a trav\u00e9s la v\u00eda de la modalidad de dedicaci\u00f3n parcial y depende del r\u00e9gimen de trabajo al que se someter\u00e1 el doctorando, en funci\u00f3n del tiempo a dedicar a los estudios de doctorado.<\/p><p><strong>Como requisitos se exige:<\/strong><\/p><ul><li>El doctorando debe poseer un t\u00edtulo de la Educaci\u00f3n Superior o Certificaci\u00f3n Oficial que acredite la posesi\u00f3n de este nivel debidamente cotejado, verificado y legalizado ante todas las instancias requeridas.<\/li><li>El Comit\u00e9 de Doctorado del programa establece que se presente un aval que acredite la pertinencia de su tema de investigaci\u00f3n justificado por especialistas y\/o ministerio, as\u00ed como su participaci\u00f3n en un proyecto de investigaci\u00f3n.<\/li><li>El Comit\u00e9 de Doctorado otorga el ingreso al programa mediante una selecci\u00f3n entre los solicitantes, a trav\u00e9s de la valoraci\u00f3n del cumplimiento de los resultados de estos requisitos.<\/li><li>El Comit\u00e9 de Doctorado del programa y el tutor designado por este definir\u00e1n la salida del doctorando hacia las ciencias filos\u00f3ficas o sociol\u00f3gicas sobre la base de las particularidades del tema de investigaci\u00f3n, la especialidad de graduaci\u00f3n, la experiencia y resultados de investigaci\u00f3n, publicaciones y proyectos en estas \u00e1reas, la experiencia en la docencia en estas \u00e1reas. En todos los casos, las salidas para ambos perfiles de egreso, ser\u00e1n resultado del intercambio de criterios del Comit\u00e9 de doctorado del programa y de la consulta con los Comit\u00e9s Doctorales de los programas de Filosof\u00eda y Sociolog\u00eda, lo que se facilitar\u00e1 ya que en el claustro del programa participan docentes de estas instituciones autorizadas.<\/li><\/ul><p><strong>Para matricular deben ser presentados los siguientes documentos:<\/strong><\/p><ul><li>Carta de solicitud de ingreso al Programa de Doctorado, donde se fundamente la l\u00ednea de investigaci\u00f3n en la cual se desarrollar\u00e1 la investigaci\u00f3n.<\/li><li>Carta de aprobaci\u00f3n del Jefe de la instituci\u00f3n donde labore el doctorando, en la cual se manifieste el compromiso de la misma a facilitar el cumplimiento de las actividades del plan de formaci\u00f3n.<\/li><li>Fotocopia legalizada del T\u00edtulo de Graduado y de M\u00e1ster (si lo fuera) en las instituciones e instancias que se establezcan.<\/li><li>Fotocopia de documentos solicitados por el Comit\u00e9 de Doctorado que demuestren contenidos vencidos en los \u00faltimos 5 a\u00f1os u otras actividades que puedan ser objeto de cr\u00e9ditos.<\/li><li>Curr\u00edculum Vitae del doctorando.<\/li><li>Dos fotos tipo carnet.<\/li><li>En el caso de extranjeros no residentes en Cuba, estos deben presentar la documentaci\u00f3n debidamente legalizada por las instancias necesarias para el caso y abonar la cuota establecida para la colegiatura.<\/li><\/ul>\t\t\t\t\t\t\t\t<\/div>\n\t\t\t\t<\/div>\n\t\t\t\t\t<\/div>\n\t\t<\/div>\n\t\t\t\t\t<\/div>\n\t\t<\/section>\n\t\t\t\t<\/div>\n\t\t","protected":false},"excerpt":{"rendered":"<p>\u00c1rea administrativa que responde por el programa en la Universidad: Facultad de Ciencias Sociales Categor\u00eda de acreditaci\u00f3n: Programa Autorizado. Coordinadora: Dr. C. Nereyda Moya Padilla. Correo: nmoya@ucf.edu.cu Descripci\u00f3n: El objetivo fundamental del<a class=\"moretag\" href=\"https:\/\/www.ucf.edu.cu\/?page_id=6190\">Leer m\u00e1s&#8230;<\/a><\/p>\n","protected":false},"author":6,"featured_media":0,"parent":0,"menu_order":0,"comment_status":"closed","ping_status":"closed","template":"","meta":{"footnotes":""},"class_list":["post-6190","page","type-page","status-publish","hentry"],"yoast_head":"<!-- This site is optimized with the Yoast SEO plugin v27.6 - https:\/\/yoast.com\/product\/yoast-seo-wordpress\/ -->\n<title>Doctorado estudios sociales | Universidad de Cienfuegos<\/title>\n<meta name=\"robots\" content=\"index, follow, max-snippet:-1, max-image-preview:large, max-video-preview:-1\" \/>\n<link rel=\"canonical\" href=\"https:\/\/www.ucf.edu.cu\/?page_id=6190\" \/>\n<meta property=\"og:locale\" content=\"es_ES\" \/>\n<meta property=\"og:type\" content=\"article\" \/>\n<meta property=\"og:title\" content=\"Doctorado estudios sociales | Universidad de Cienfuegos\" \/>\n<meta property=\"og:description\" content=\"\u00c1rea administrativa que responde por el programa en la Universidad: Facultad de Ciencias Sociales Categor\u00eda de acreditaci\u00f3n: Programa Autorizado. Coordinadora: Dr. C. Nereyda Moya Padilla. Correo: nmoya@ucf.edu.cu Descripci\u00f3n: El objetivo fundamental delLeer m\u00e1s...\" \/>\n<meta property=\"og:url\" content=\"https:\/\/www.ucf.edu.cu\/?page_id=6190\" \/>\n<meta property=\"og:site_name\" content=\"Universidad de Cienfuegos\" \/>\n<meta property=\"article:publisher\" content=\"https:\/\/www.facebook.com\/ucfgos\/\" \/>\n<meta property=\"article:modified_time\" content=\"2023-05-29T14:24:35+00:00\" \/>\n<meta property=\"og:image\" content=\"https:\/\/www.ucf.edu.cu\/wp-content\/uploads\/2024\/01\/Logo_UCf-scaled-1.jpg\" \/>\n\t<meta property=\"og:image:width\" content=\"2560\" \/>\n\t<meta property=\"og:image:height\" content=\"951\" \/>\n\t<meta property=\"og:image:type\" content=\"image\/jpeg\" \/>\n<meta name=\"twitter:card\" content=\"summary_large_image\" \/>\n<meta name=\"twitter:site\" content=\"@ucfgos\" \/>\n<meta name=\"twitter:label1\" content=\"Tiempo de lectura\" \/>\n\t<meta name=\"twitter:data1\" content=\"3 minutos\" \/>\n<script type=\"application\/ld+json\" class=\"yoast-schema-graph\">{\"@context\":\"https:\\\/\\\/schema.org\",\"@graph\":[{\"@type\":\"WebPage\",\"@id\":\"https:\\\/\\\/www.ucf.edu.cu\\\/?page_id=6190\",\"url\":\"https:\\\/\\\/www.ucf.edu.cu\\\/?page_id=6190\",\"name\":\"Doctorado estudios sociales | Universidad de Cienfuegos\",\"isPartOf\":{\"@id\":\"https:\\\/\\\/www.ucf.edu.cu\\\/#website\"},\"datePublished\":\"2020-10-12T14:11:49+00:00\",\"dateModified\":\"2023-05-29T14:24:35+00:00\",\"breadcrumb\":{\"@id\":\"https:\\\/\\\/www.ucf.edu.cu\\\/?page_id=6190#breadcrumb\"},\"inLanguage\":\"es\",\"potentialAction\":[{\"@type\":\"ReadAction\",\"target\":[\"https:\\\/\\\/www.ucf.edu.cu\\\/?page_id=6190\"]}]},{\"@type\":\"BreadcrumbList\",\"@id\":\"https:\\\/\\\/www.ucf.edu.cu\\\/?page_id=6190#breadcrumb\",\"itemListElement\":[{\"@type\":\"ListItem\",\"position\":1,\"name\":\"Portada\",\"item\":\"https:\\\/\\\/www.ucf.edu.cu\\\/\"},{\"@type\":\"ListItem\",\"position\":2,\"name\":\"DOCTORADO EN ESTUDIOS SOCIALES DE LA CIENCIA Y LA TECNOLOG\u00cdA\"}]},{\"@type\":\"WebSite\",\"@id\":\"https:\\\/\\\/www.ucf.edu.cu\\\/#website\",\"url\":\"https:\\\/\\\/www.ucf.edu.cu\\\/\",\"name\":\"Universidad de Cienfuegos\",\"description\":\"Portal Web Universidad de Cienfuegos\",\"publisher\":{\"@id\":\"https:\\\/\\\/www.ucf.edu.cu\\\/#organization\"},\"alternateName\":\"Portal institucional de la UCf\",\"potentialAction\":[{\"@type\":\"SearchAction\",\"target\":{\"@type\":\"EntryPoint\",\"urlTemplate\":\"https:\\\/\\\/www.ucf.edu.cu\\\/?s={search_term_string}\"},\"query-input\":{\"@type\":\"PropertyValueSpecification\",\"valueRequired\":true,\"valueName\":\"search_term_string\"}}],\"inLanguage\":\"es\"},{\"@type\":\"Organization\",\"@id\":\"https:\\\/\\\/www.ucf.edu.cu\\\/#organization\",\"name\":\"Universidad de Cienfuegos\",\"url\":\"https:\\\/\\\/www.ucf.edu.cu\\\/\",\"logo\":{\"@type\":\"ImageObject\",\"inLanguage\":\"es\",\"@id\":\"https:\\\/\\\/www.ucf.edu.cu\\\/#\\\/schema\\\/logo\\\/image\\\/\",\"url\":\"https:\\\/\\\/www.ucf.edu.cu\\\/wp-content\\\/uploads\\\/2020\\\/11\\\/fe77b047cf65bbf66915926fa3c00c93_L.jpg\",\"contentUrl\":\"https:\\\/\\\/www.ucf.edu.cu\\\/wp-content\\\/uploads\\\/2020\\\/11\\\/fe77b047cf65bbf66915926fa3c00c93_L.jpg\",\"width\":1000,\"height\":763,\"caption\":\"Universidad de Cienfuegos\"},\"image\":{\"@id\":\"https:\\\/\\\/www.ucf.edu.cu\\\/#\\\/schema\\\/logo\\\/image\\\/\"},\"sameAs\":[\"https:\\\/\\\/www.facebook.com\\\/ucfgos\\\/\",\"https:\\\/\\\/x.com\\\/ucfgos\",\"https:\\\/\\\/www.instagram.com\\\/ucfgos\",\"https:\\\/\\\/www.youtube.com\\\/channel\\\/UCymAZYZHmPzh48cHLG6Nx4A\"]}]}<\/script>\n<!-- \/ Yoast SEO plugin. -->","yoast_head_json":{"title":"Doctorado estudios sociales | Universidad de Cienfuegos","robots":{"index":"index","follow":"follow","max-snippet":"max-snippet:-1","max-image-preview":"max-image-preview:large","max-video-preview":"max-video-preview:-1"},"canonical":"https:\/\/www.ucf.edu.cu\/?page_id=6190","og_locale":"es_ES","og_type":"article","og_title":"Doctorado estudios sociales | Universidad de Cienfuegos","og_description":"\u00c1rea administrativa que responde por el programa en la Universidad: Facultad de Ciencias Sociales Categor\u00eda de acreditaci\u00f3n: Programa Autorizado. Coordinadora: Dr. C. Nereyda Moya Padilla. Correo: nmoya@ucf.edu.cu Descripci\u00f3n: El objetivo fundamental delLeer m\u00e1s...","og_url":"https:\/\/www.ucf.edu.cu\/?page_id=6190","og_site_name":"Universidad de Cienfuegos","article_publisher":"https:\/\/www.facebook.com\/ucfgos\/","article_modified_time":"2023-05-29T14:24:35+00:00","og_image":[{"width":2560,"height":951,"url":"https:\/\/www.ucf.edu.cu\/wp-content\/uploads\/2024\/01\/Logo_UCf-scaled-1.jpg","type":"image\/jpeg"}],"twitter_card":"summary_large_image","twitter_site":"@ucfgos","twitter_misc":{"Tiempo de lectura":"3 minutos"},"schema":{"@context":"https:\/\/schema.org","@graph":[{"@type":"WebPage","@id":"https:\/\/www.ucf.edu.cu\/?page_id=6190","url":"https:\/\/www.ucf.edu.cu\/?page_id=6190","name":"Doctorado estudios sociales | Universidad de Cienfuegos","isPartOf":{"@id":"https:\/\/www.ucf.edu.cu\/#website"},"datePublished":"2020-10-12T14:11:49+00:00","dateModified":"2023-05-29T14:24:35+00:00","breadcrumb":{"@id":"https:\/\/www.ucf.edu.cu\/?page_id=6190#breadcrumb"},"inLanguage":"es","potentialAction":[{"@type":"ReadAction","target":["https:\/\/www.ucf.edu.cu\/?page_id=6190"]}]},{"@type":"BreadcrumbList","@id":"https:\/\/www.ucf.edu.cu\/?page_id=6190#breadcrumb","itemListElement":[{"@type":"ListItem","position":1,"name":"Portada","item":"https:\/\/www.ucf.edu.cu\/"},{"@type":"ListItem","position":2,"name":"DOCTORADO EN ESTUDIOS SOCIALES DE LA CIENCIA Y LA TECNOLOG\u00cdA"}]},{"@type":"WebSite","@id":"https:\/\/www.ucf.edu.cu\/#website","url":"https:\/\/www.ucf.edu.cu\/","name":"Universidad de Cienfuegos","description":"Portal Web Universidad de Cienfuegos","publisher":{"@id":"https:\/\/www.ucf.edu.cu\/#organization"},"alternateName":"Portal institucional de la UCf","potentialAction":[{"@type":"SearchAction","target":{"@type":"EntryPoint","urlTemplate":"https:\/\/www.ucf.edu.cu\/?s={search_term_string}"},"query-input":{"@type":"PropertyValueSpecification","valueRequired":true,"valueName":"search_term_string"}}],"inLanguage":"es"},{"@type":"Organization","@id":"https:\/\/www.ucf.edu.cu\/#organization","name":"Universidad de Cienfuegos","url":"https:\/\/www.ucf.edu.cu\/","logo":{"@type":"ImageObject","inLanguage":"es","@id":"https:\/\/www.ucf.edu.cu\/#\/schema\/logo\/image\/","url":"https:\/\/www.ucf.edu.cu\/wp-content\/uploads\/2020\/11\/fe77b047cf65bbf66915926fa3c00c93_L.jpg","contentUrl":"https:\/\/www.ucf.edu.cu\/wp-content\/uploads\/2020\/11\/fe77b047cf65bbf66915926fa3c00c93_L.jpg","width":1000,"height":763,"caption":"Universidad de Cienfuegos"},"image":{"@id":"https:\/\/www.ucf.edu.cu\/#\/schema\/logo\/image\/"},"sameAs":["https:\/\/www.facebook.com\/ucfgos\/","https:\/\/x.com\/ucfgos","https:\/\/www.instagram.com\/ucfgos","https:\/\/www.youtube.com\/channel\/UCymAZYZHmPzh48cHLG6Nx4A"]}]}},"_links":{"self":[{"href":"https:\/\/www.ucf.edu.cu\/index.php?rest_route=\/wp\/v2\/pages\/6190","targetHints":{"allow":["GET"]}}],"collection":[{"href":"https:\/\/www.ucf.edu.cu\/index.php?rest_route=\/wp\/v2\/pages"}],"about":[{"href":"https:\/\/www.ucf.edu.cu\/index.php?rest_route=\/wp\/v2\/types\/page"}],"author":[{"embeddable":true,"href":"https:\/\/www.ucf.edu.cu\/index.php?rest_route=\/wp\/v2\/users\/6"}],"replies":[{"embeddable":true,"href":"https:\/\/www.ucf.edu.cu\/index.php?rest_route=%2Fwp%2Fv2%2Fcomments&post=6190"}],"version-history":[{"count":10,"href":"https:\/\/www.ucf.edu.cu\/index.php?rest_route=\/wp\/v2\/pages\/6190\/revisions"}],"predecessor-version":[{"id":13032,"href":"https:\/\/www.ucf.edu.cu\/index.php?rest_route=\/wp\/v2\/pages\/6190\/revisions\/13032"}],"wp:attachment":[{"href":"https:\/\/www.ucf.edu.cu\/index.php?rest_route=%2Fwp%2Fv2%2Fmedia&parent=6190"}],"curies":[{"name":"wp","href":"https:\/\/api.w.org\/{rel}","templated":true}]}}