{"id":6315,"date":"2020-10-14T15:44:54","date_gmt":"2020-10-14T15:44:54","guid":{"rendered":"https:\/\/wwwa.ucf.edu.cu\/?page_id=6315"},"modified":"2020-10-14T15:47:23","modified_gmt":"2020-10-14T15:47:23","slug":"doctorado-en-ciencias-de-la-educacion","status":"publish","type":"page","link":"https:\/\/www.ucf.edu.cu\/?page_id=6315","title":{"rendered":"DOCTORADO EN CIENCIAS DE LA EDUCACI\u00d3N"},"content":{"rendered":"\t\t<div data-elementor-type=\"wp-page\" data-elementor-id=\"6315\" class=\"elementor elementor-6315\">\n\t\t\t\t\t\t<section class=\"elementor-section elementor-top-section elementor-element elementor-element-04bc61d elementor-section-boxed elementor-section-height-default elementor-section-height-default\" data-id=\"04bc61d\" data-element_type=\"section\" data-e-type=\"section\">\n\t\t\t\t\t\t<div class=\"elementor-container elementor-column-gap-default\">\n\t\t\t\t\t<div class=\"elementor-column elementor-col-100 elementor-top-column elementor-element elementor-element-e9d6acf\" data-id=\"e9d6acf\" data-element_type=\"column\" data-e-type=\"column\">\n\t\t\t<div class=\"elementor-widget-wrap elementor-element-populated\">\n\t\t\t\t\t\t<div class=\"elementor-element elementor-element-c98784b elementor-widget elementor-widget-text-editor\" data-id=\"c98784b\" data-element_type=\"widget\" data-e-type=\"widget\" data-widget_type=\"text-editor.default\">\n\t\t\t\t<div class=\"elementor-widget-container\">\n\t\t\t\t\t\t\t\t\t<p><strong>\u00c1rea administrativa que responde por el programa en la Universidad:<\/strong> Centro de Estudios de la Did\u00e1ctica y la Direcci\u00f3n de la Educaci\u00f3n Superior (CEDDES)<\/p><p><strong>Categor\u00eda de acreditaci\u00f3n:<\/strong> Programa de Excelencia.<\/p><p><strong>Coordinadora:<\/strong> Dr. C. Silvia I. V\u00e1zquez Cede\u00f1o<\/p><p><strong>Correo:<\/strong> <a href=\"mailto:svazquez@ucf.edu.cu\">svazquez@ucf.edu.cu<\/a><\/p><p><strong>Descripci\u00f3n:<\/strong><\/p><p>El CEDDES atesora una experiencia en la formaci\u00f3n doctoral desde el a\u00f1o de 1996. El programa de doctorado ha sido acreditado como Programa de Excelencia por la Junta de Acreditaci\u00f3n Nacional de la Rep\u00fablica de Cuba en 2014. En \u00e9l se han formado 127 doctores de nacionalidad cubana y de otras nacionalidades, procedentes de Brasil, Colombia, Ecuador y M\u00e9xico.<\/p><p>El presente programa doctoral se enfoca desde las ciencias de la educaci\u00f3n hacia el perfeccionamiento de los procesos educativos, teniendo en consideraci\u00f3n la experiencia investigativa acumulada en esta \u00e1rea por la Universidad de Cienfuegos.<\/p><p>Su objetivo general es Formar doctores en Ciencias de la Educaci\u00f3n orientados a la innovaci\u00f3n, la investigaci\u00f3n y la transformaci\u00f3n de los procesos educativos en diversos contextos de actuaci\u00f3n.<\/p><p>El componente de formaci\u00f3n investigativa se sit\u00faa como centro de la formaci\u00f3n del doctorando y contempla el trabajo de investigaci\u00f3n realizado por este e incluye la participaci\u00f3n en seminarios y talleres de tesis, el trabajo en equipos, la presentaci\u00f3n en eventos, la publicaci\u00f3n de art\u00edculos cient\u00edficos y el desarrollo de habilidades relacionadas con la investigaci\u00f3n.<\/p><p><strong>Se definen como l\u00edneas del programa las siguientes:<\/strong><\/p><ul><li>Did\u00e1ctica y curr\u00edculo.<\/li><li>Formaci\u00f3n continua de docentes y gesti\u00f3n educativa.<\/li><li>Educaci\u00f3n para el desarrollo sostenible.<\/li><\/ul><p>En correspondencia con estas proyecciones, se ejecutan una serie de proyectos de investigaci\u00f3n ramales, territoriales y universitarios y se reporta la participaci\u00f3n en redes de car\u00e1cter nacional e internacional.<\/p><p>El doctorando deber\u00e1 completar un total de 120 cr\u00e9ditos, los que se distribuyen del siguiente modo: Formaci\u00f3n Investigativa (75 cr\u00e9ditos), formaci\u00f3n te\u00f3rico- metodol\u00f3gica (30 cr\u00e9ditos) y redacci\u00f3n de la tesis, predefensa y preparaci\u00f3n para la defensa (15 cr\u00e9ditos).<\/p><p>Se establece como componentes: la formaci\u00f3n te\u00f3rico- metodol\u00f3gica, cuyas actividades estar\u00e1n determinadas por las necesidades formativas del doctorando para poder vencer los problemas de la investigaci\u00f3n, lo que requiere el dominio de la teor\u00eda propia de las ciencias de la educaci\u00f3n y de la metodolog\u00eda de la investigaci\u00f3n educativa.<\/p><p>El componente de preparaci\u00f3n de la tesis, predefensa y defensa est\u00e1 articulado con lo anteriormente descrito. Su especificidad se define por la necesidad de avanzar en los requisitos necesarios del plan de formaci\u00f3n general y la realizaci\u00f3n de la predefensa y la defensa de la tesis doctoral.<\/p><p><strong>Requisitos de admisi\u00f3n:<\/strong><\/p><ul><li>Poseer un t\u00edtulo de la Educaci\u00f3n Superior o Certificaci\u00f3n Oficial que acredite la posesi\u00f3n de este nivel debidamente cotejado, verificado y legalizado ante todas las instancias requeridas.<\/li><li>Acreditar, ante el Comit\u00e9 del Doctorado, resultados de su producci\u00f3n investigativa en el \u00e1rea del conocimiento del programa.<\/li><li>En examen de ingreso con el Comit\u00e9 de Doctorado, el doctorando demostrar\u00e1 conocimientos pedag\u00f3gicos de car\u00e1cter general, as\u00ed como conocimientos inform\u00e1ticos que le permitan la gesti\u00f3n y el procesamiento de la informaci\u00f3n cient\u00edfico- t\u00e9cnica necesaria.<\/li><li>El Comit\u00e9 de Doctorado del programa establece que demuestre su participaci\u00f3n en un proyecto de investigaci\u00f3n.<\/li><\/ul>\t\t\t\t\t\t\t\t<\/div>\n\t\t\t\t<\/div>\n\t\t\t\t\t<\/div>\n\t\t<\/div>\n\t\t\t\t\t<\/div>\n\t\t<\/section>\n\t\t\t\t<\/div>\n\t\t","protected":false},"excerpt":{"rendered":"<p>\u00c1rea administrativa que responde por el programa en la Universidad: Centro de Estudios de la Did\u00e1ctica y la Direcci\u00f3n de la Educaci\u00f3n Superior (CEDDES) Categor\u00eda de acreditaci\u00f3n: Programa de Excelencia. Coordinadora: Dr.<a class=\"moretag\" href=\"https:\/\/www.ucf.edu.cu\/?page_id=6315\">Leer m\u00e1s&#8230;<\/a><\/p>\n","protected":false},"author":6,"featured_media":0,"parent":0,"menu_order":0,"comment_status":"closed","ping_status":"closed","template":"","meta":{"_eb_attr":"","footnotes":""},"class_list":["post-6315","page","type-page","status-publish","hentry"],"yoast_head":"<!-- This site is optimized with the Yoast SEO plugin v27.6 - https:\/\/yoast.com\/product\/yoast-seo-wordpress\/ -->\n<title>Doctorado ciencias educaci\u00f3n | Universidad de Cienfuegos<\/title>\n<meta name=\"robots\" content=\"index, follow, max-snippet:-1, max-image-preview:large, max-video-preview:-1\" \/>\n<link rel=\"canonical\" href=\"https:\/\/www.ucf.edu.cu\/?page_id=6315\" \/>\n<meta property=\"og:locale\" content=\"es_ES\" \/>\n<meta property=\"og:type\" content=\"article\" \/>\n<meta property=\"og:title\" content=\"Doctorado ciencias educaci\u00f3n | Universidad de Cienfuegos\" \/>\n<meta property=\"og:description\" content=\"\u00c1rea administrativa que responde por el programa en la Universidad: Centro de Estudios de la Did\u00e1ctica y la Direcci\u00f3n de la Educaci\u00f3n Superior (CEDDES) Categor\u00eda de acreditaci\u00f3n: Programa de Excelencia. Coordinadora: Dr.Leer m\u00e1s...\" \/>\n<meta property=\"og:url\" content=\"https:\/\/www.ucf.edu.cu\/?page_id=6315\" \/>\n<meta property=\"og:site_name\" content=\"Universidad de Cienfuegos\" \/>\n<meta property=\"article:publisher\" content=\"https:\/\/www.facebook.com\/ucfgos\/\" \/>\n<meta property=\"article:modified_time\" content=\"2020-10-14T15:47:23+00:00\" \/>\n<meta property=\"og:image\" content=\"https:\/\/www.ucf.edu.cu\/wp-content\/uploads\/2024\/01\/Logo_UCf-scaled-1.jpg\" \/>\n\t<meta property=\"og:image:width\" content=\"2560\" \/>\n\t<meta property=\"og:image:height\" content=\"951\" \/>\n\t<meta property=\"og:image:type\" content=\"image\/jpeg\" \/>\n<meta name=\"twitter:card\" content=\"summary_large_image\" \/>\n<meta name=\"twitter:site\" content=\"@ucfgos\" \/>\n<meta name=\"twitter:label1\" content=\"Tiempo de lectura\" \/>\n\t<meta name=\"twitter:data1\" content=\"3 minutos\" \/>\n<script type=\"application\/ld+json\" class=\"yoast-schema-graph\">{\"@context\":\"https:\\\/\\\/schema.org\",\"@graph\":[{\"@type\":\"WebPage\",\"@id\":\"https:\\\/\\\/www.ucf.edu.cu\\\/?page_id=6315\",\"url\":\"https:\\\/\\\/www.ucf.edu.cu\\\/?page_id=6315\",\"name\":\"Doctorado ciencias educaci\u00f3n | Universidad de Cienfuegos\",\"isPartOf\":{\"@id\":\"https:\\\/\\\/www.ucf.edu.cu\\\/#website\"},\"datePublished\":\"2020-10-14T15:44:54+00:00\",\"dateModified\":\"2020-10-14T15:47:23+00:00\",\"breadcrumb\":{\"@id\":\"https:\\\/\\\/www.ucf.edu.cu\\\/?page_id=6315#breadcrumb\"},\"inLanguage\":\"es\",\"potentialAction\":[{\"@type\":\"ReadAction\",\"target\":[\"https:\\\/\\\/www.ucf.edu.cu\\\/?page_id=6315\"]}]},{\"@type\":\"BreadcrumbList\",\"@id\":\"https:\\\/\\\/www.ucf.edu.cu\\\/?page_id=6315#breadcrumb\",\"itemListElement\":[{\"@type\":\"ListItem\",\"position\":1,\"name\":\"Portada\",\"item\":\"https:\\\/\\\/www.ucf.edu.cu\\\/\"},{\"@type\":\"ListItem\",\"position\":2,\"name\":\"DOCTORADO EN CIENCIAS DE LA EDUCACI\u00d3N\"}]},{\"@type\":\"WebSite\",\"@id\":\"https:\\\/\\\/www.ucf.edu.cu\\\/#website\",\"url\":\"https:\\\/\\\/www.ucf.edu.cu\\\/\",\"name\":\"Universidad de Cienfuegos\",\"description\":\"Portal Web Universidad de Cienfuegos\",\"publisher\":{\"@id\":\"https:\\\/\\\/www.ucf.edu.cu\\\/#organization\"},\"alternateName\":\"Portal institucional de la UCf\",\"potentialAction\":[{\"@type\":\"SearchAction\",\"target\":{\"@type\":\"EntryPoint\",\"urlTemplate\":\"https:\\\/\\\/www.ucf.edu.cu\\\/?s={search_term_string}\"},\"query-input\":{\"@type\":\"PropertyValueSpecification\",\"valueRequired\":true,\"valueName\":\"search_term_string\"}}],\"inLanguage\":\"es\"},{\"@type\":\"Organization\",\"@id\":\"https:\\\/\\\/www.ucf.edu.cu\\\/#organization\",\"name\":\"Universidad de Cienfuegos\",\"url\":\"https:\\\/\\\/www.ucf.edu.cu\\\/\",\"logo\":{\"@type\":\"ImageObject\",\"inLanguage\":\"es\",\"@id\":\"https:\\\/\\\/www.ucf.edu.cu\\\/#\\\/schema\\\/logo\\\/image\\\/\",\"url\":\"https:\\\/\\\/www.ucf.edu.cu\\\/wp-content\\\/uploads\\\/2020\\\/11\\\/fe77b047cf65bbf66915926fa3c00c93_L.jpg\",\"contentUrl\":\"https:\\\/\\\/www.ucf.edu.cu\\\/wp-content\\\/uploads\\\/2020\\\/11\\\/fe77b047cf65bbf66915926fa3c00c93_L.jpg\",\"width\":1000,\"height\":763,\"caption\":\"Universidad de Cienfuegos\"},\"image\":{\"@id\":\"https:\\\/\\\/www.ucf.edu.cu\\\/#\\\/schema\\\/logo\\\/image\\\/\"},\"sameAs\":[\"https:\\\/\\\/www.facebook.com\\\/ucfgos\\\/\",\"https:\\\/\\\/x.com\\\/ucfgos\",\"https:\\\/\\\/www.instagram.com\\\/ucfgos\",\"https:\\\/\\\/www.youtube.com\\\/channel\\\/UCymAZYZHmPzh48cHLG6Nx4A\"]}]}<\/script>\n<!-- \/ Yoast SEO plugin. -->","yoast_head_json":{"title":"Doctorado ciencias educaci\u00f3n | Universidad de Cienfuegos","robots":{"index":"index","follow":"follow","max-snippet":"max-snippet:-1","max-image-preview":"max-image-preview:large","max-video-preview":"max-video-preview:-1"},"canonical":"https:\/\/www.ucf.edu.cu\/?page_id=6315","og_locale":"es_ES","og_type":"article","og_title":"Doctorado ciencias educaci\u00f3n | Universidad de Cienfuegos","og_description":"\u00c1rea administrativa que responde por el programa en la Universidad: Centro de Estudios de la Did\u00e1ctica y la Direcci\u00f3n de la Educaci\u00f3n Superior (CEDDES) Categor\u00eda de acreditaci\u00f3n: Programa de Excelencia. Coordinadora: Dr.Leer m\u00e1s...","og_url":"https:\/\/www.ucf.edu.cu\/?page_id=6315","og_site_name":"Universidad de Cienfuegos","article_publisher":"https:\/\/www.facebook.com\/ucfgos\/","article_modified_time":"2020-10-14T15:47:23+00:00","og_image":[{"width":2560,"height":951,"url":"https:\/\/www.ucf.edu.cu\/wp-content\/uploads\/2024\/01\/Logo_UCf-scaled-1.jpg","type":"image\/jpeg"}],"twitter_card":"summary_large_image","twitter_site":"@ucfgos","twitter_misc":{"Tiempo de lectura":"3 minutos"},"schema":{"@context":"https:\/\/schema.org","@graph":[{"@type":"WebPage","@id":"https:\/\/www.ucf.edu.cu\/?page_id=6315","url":"https:\/\/www.ucf.edu.cu\/?page_id=6315","name":"Doctorado ciencias educaci\u00f3n | Universidad de Cienfuegos","isPartOf":{"@id":"https:\/\/www.ucf.edu.cu\/#website"},"datePublished":"2020-10-14T15:44:54+00:00","dateModified":"2020-10-14T15:47:23+00:00","breadcrumb":{"@id":"https:\/\/www.ucf.edu.cu\/?page_id=6315#breadcrumb"},"inLanguage":"es","potentialAction":[{"@type":"ReadAction","target":["https:\/\/www.ucf.edu.cu\/?page_id=6315"]}]},{"@type":"BreadcrumbList","@id":"https:\/\/www.ucf.edu.cu\/?page_id=6315#breadcrumb","itemListElement":[{"@type":"ListItem","position":1,"name":"Portada","item":"https:\/\/www.ucf.edu.cu\/"},{"@type":"ListItem","position":2,"name":"DOCTORADO EN CIENCIAS DE LA EDUCACI\u00d3N"}]},{"@type":"WebSite","@id":"https:\/\/www.ucf.edu.cu\/#website","url":"https:\/\/www.ucf.edu.cu\/","name":"Universidad de Cienfuegos","description":"Portal Web Universidad de Cienfuegos","publisher":{"@id":"https:\/\/www.ucf.edu.cu\/#organization"},"alternateName":"Portal institucional de la UCf","potentialAction":[{"@type":"SearchAction","target":{"@type":"EntryPoint","urlTemplate":"https:\/\/www.ucf.edu.cu\/?s={search_term_string}"},"query-input":{"@type":"PropertyValueSpecification","valueRequired":true,"valueName":"search_term_string"}}],"inLanguage":"es"},{"@type":"Organization","@id":"https:\/\/www.ucf.edu.cu\/#organization","name":"Universidad de Cienfuegos","url":"https:\/\/www.ucf.edu.cu\/","logo":{"@type":"ImageObject","inLanguage":"es","@id":"https:\/\/www.ucf.edu.cu\/#\/schema\/logo\/image\/","url":"https:\/\/www.ucf.edu.cu\/wp-content\/uploads\/2020\/11\/fe77b047cf65bbf66915926fa3c00c93_L.jpg","contentUrl":"https:\/\/www.ucf.edu.cu\/wp-content\/uploads\/2020\/11\/fe77b047cf65bbf66915926fa3c00c93_L.jpg","width":1000,"height":763,"caption":"Universidad de Cienfuegos"},"image":{"@id":"https:\/\/www.ucf.edu.cu\/#\/schema\/logo\/image\/"},"sameAs":["https:\/\/www.facebook.com\/ucfgos\/","https:\/\/x.com\/ucfgos","https:\/\/www.instagram.com\/ucfgos","https:\/\/www.youtube.com\/channel\/UCymAZYZHmPzh48cHLG6Nx4A"]}]}},"_links":{"self":[{"href":"https:\/\/www.ucf.edu.cu\/index.php?rest_route=\/wp\/v2\/pages\/6315","targetHints":{"allow":["GET"]}}],"collection":[{"href":"https:\/\/www.ucf.edu.cu\/index.php?rest_route=\/wp\/v2\/pages"}],"about":[{"href":"https:\/\/www.ucf.edu.cu\/index.php?rest_route=\/wp\/v2\/types\/page"}],"author":[{"embeddable":true,"href":"https:\/\/www.ucf.edu.cu\/index.php?rest_route=\/wp\/v2\/users\/6"}],"replies":[{"embeddable":true,"href":"https:\/\/www.ucf.edu.cu\/index.php?rest_route=%2Fwp%2Fv2%2Fcomments&post=6315"}],"version-history":[{"count":4,"href":"https:\/\/www.ucf.edu.cu\/index.php?rest_route=\/wp\/v2\/pages\/6315\/revisions"}],"predecessor-version":[{"id":6320,"href":"https:\/\/www.ucf.edu.cu\/index.php?rest_route=\/wp\/v2\/pages\/6315\/revisions\/6320"}],"wp:attachment":[{"href":"https:\/\/www.ucf.edu.cu\/index.php?rest_route=%2Fwp%2Fv2%2Fmedia&parent=6315"}],"curies":[{"name":"wp","href":"https:\/\/api.w.org\/{rel}","templated":true}]}}